{"id":1478,"date":"2025-12-20T08:57:03","date_gmt":"2025-12-20T08:57:03","guid":{"rendered":"https:\/\/magneticslots.net\/login-and-registration\/"},"modified":"2025-12-20T13:28:43","modified_gmt":"2025-12-20T13:28:43","slug":"logowanie-i-rejestracja","status":"publish","type":"page","link":"https:\/\/magneticslots.net\/pl\/logowanie-i-rejestracja\/","title":{"rendered":"Logowanie i rejestracja"},"content":{"rendered":"<h1>Logowanie do Magneticslots: Rejestracja i kontrola konta<\/h1>\n<p>Tylko jeden krok dzieli polskich u\u017cytkownik\u00f3w od gier na prawdziwe pieni\u0105dze: Magneticslots login. Po utworzeniu konta dost\u0119pne b\u0119d\u0105 nie tylko tysi\u0105ce r\u00f3\u017cnych tytu\u0142\u00f3w, ale tak\u017ce bonusy, turnieje, p\u0142atno\u015bci i obs\u0142uga klienta. Aby zarejestrowa\u0107 si\u0119 w Magneticslots Casino, gracze musz\u0105 mie\u0107 uko\u0144czone 18 lat. Proces ten mo\u017cna przeprowadzi\u0107 w ci\u0105gu kilku minut.<\/p>\n<p><div class=\"banner-wrap\" aria-label=\"Banner\"><img src=\"https:\/\/magneticslots.net\/wp-content\/uploads\/2025\/12\/header-bg-1.webp\" class=\"w-100 d-none d-lg-block img-pc main-banner-img\" alt=\"Magneticslots banner desktop\" fetchpriority=\"high\" decoding=\"async\"><img src=\"https:\/\/magneticslots.net\/wp-content\/uploads\/2025\/12\/MagneticSlots-mobile-banner.webp\" class=\"w-100 d-none d-md-block d-lg-none main-banner-img\" alt=\"Magneticslots banner mobile\" fetchpriority=\"high\" decoding=\"async\"><img src=\"https:\/\/magneticslots.net\/wp-content\/uploads\/2025\/12\/MagneticSlots-mobile-banner.webp\" class=\"w-100 d-md-none\" alt=\"Magneticslots banner mobile\" fetchpriority=\"high\" decoding=\"async\"><div class=\"banner-description\">\n<div class=\"banner-title\">Bonusy powitalne<\/div>\n<p class=\"banner-header-title\">1500 \u20ac<\/p>\n<div class=\"banner-header-AdditionalText\">+ 250 Darmowe spiny<\/div>\n<button data-item=\"homepage_banner_link\" class=\"goto m-button m-gradient-border m-button--primary m-button--large banner-button btn-orange\">\n            <div class=\"m-button-content\">\n                <span>Zarejestruj si\u0119 teraz<\/span>\n                <span><\/span>\n            <\/div>\n        <\/button>\n<\/div>\n<div class=\"WelcomePack\">\n<p><img loading=\"lazy\" decoding=\"async\" class=\"alignnone size-full wp-image-1338\" src=\"https:\/\/magneticslots.net\/wp-content\/uploads\/2025\/12\/welcome-crown.svg\" alt=\"crown\" width=\"25\" height=\"26\" \/><\/p>\n<div class=\"WelcomePack-Info\">Cotygodniowy zwrot got\u00f3wki do 25%<\/div>\n<p><img loading=\"lazy\" decoding=\"async\" class=\"alignnone size-full wp-image-1338\" src=\"https:\/\/magneticslots.net\/wp-content\/uploads\/2025\/12\/welcome-crown.svg\" alt=\"crown\" width=\"25\" height=\"26\" \/><\/p>\n<\/div>\n<\/div><div class=\"scrollable-content-wrap my-5\"><div class=\"scrollable-content-inner\"><h2>Rejestracja nowego gracza w kasynie Magnetic Slots Casino<\/h2>\n<p>Aby rozpocz\u0105\u0107 swoj\u0105 przygod\u0119 w kasynie online, wystarczy si\u0119 zarejestrowa\u0107. Bez konta w Magnetic Slots Casino mo\u017cna gra\u0107 w niekt\u00f3re tytu\u0142y w trybie demo. Proces rejestracji zosta\u0142 zaprojektowany tak, aby by\u0142 prosty nawet dla pocz\u0105tkuj\u0105cych. Prosimy tylko o podanie niezb\u0119dnych informacji, takich jak adres e-mail i has\u0142o.<\/p>\n<p>Po rejestracji mo\u017cesz cieszy\u0107 si\u0119 ponad 6.000 tytu\u0142\u00f3w i skorzysta\u0107 z wielu ofert bonusowych w Magneticslots. Aby utworzy\u0107 nowe konto, wystarczy post\u0119powa\u0107 zgodnie z poni\u017cszymi wskaz\u00f3wkami:<\/p>\n<ol>\n<li>Kliknij przycisk \u201eZarejestruj si\u0119\u201d na stronie g\u0142\u00f3wnej. Znajduje si\u0119 on w prawym g\u00f3rnym rogu.<\/li>\n<li>Wprowad\u017a sw\u00f3j adres e-mail i has\u0142o. Upewnij si\u0119, \u017ce has\u0142o jest wystarczaj\u0105co silne.<\/li>\n<li>Potwierd\u017a warunki korzystania z platformy i potwierd\u017a, \u017ce masz uko\u0144czone 18 lat.<\/li>\n<li>Po sprawdzeniu wprowadzonych informacji kliknij \u201eZarejestruj si\u0119\u201d.<\/li>\n<li>Wype\u0142nij formularz, podaj\u0105c swoje imi\u0119 i nazwisko, dat\u0119 urodzenia, adres zamieszkania i walut\u0119. Mo\u017cesz pomin\u0105\u0107 ten krok i wype\u0142ni\u0107 go p\u00f3\u017aniej.<\/li>\n<li>Kliknij \u201eZapisz\u201d, aby potwierdzi\u0107 wprowadzone informacje. W razie potrzeby mo\u017cesz zmieni\u0107 te informacje w ustawieniach swojego profilu osobistego.<\/li>\n<\/ol>\n<h2>Dost\u0119p do konta Magneticslots i zarz\u0105dzanie nim<\/h2>\n<p>Je\u015bli masz ju\u017c konto, wystarczy, \u017ce przejdziesz przez proces logowania do serwisu Magneticslots. W tym celu musisz u\u017cy\u0107 danych osobowych podanych podczas rejestracji. W poni\u017cszej tabeli znajdziesz instrukcje krok po kroku, jak uzyska\u0107 dost\u0119p do swojego konta.<\/p>\n<table>\n<tbody>\n<tr>\n<td>Krok<\/td>\n<td>Szczeg\u00f3\u0142y<\/td>\n<\/tr>\n<tr>\n<td>Kliknij przycisk \u201eZaloguj si\u0119\u201d.<\/td>\n<td>Znajduje si\u0119 w prawym g\u00f3rnym rogu strony internetowej.<\/td>\n<\/tr>\n<tr>\n<td>Wprowad\u017a swoje dane uwierzytelniaj\u0105ce<\/td>\n<td>Wype\u0142nij pola, podaj\u0105c adres e-mail i has\u0142o u\u017cyte podczas rejestracji.<\/td>\n<\/tr>\n<tr>\n<td>Uko\u0144cz 2FA (je\u015bli jest w\u0142\u0105czone)<\/td>\n<td>Je\u015bli skonfigurujesz uwierzytelnianie dwusk\u0142adnikowe, musisz wprowadzi\u0107 kod weryfikacyjny, kt\u00f3ry zosta\u0142 wys\u0142any na Tw\u00f3j telefon lub do aplikacji uwierzytelniaj\u0105cej.<\/td>\n<\/tr>\n<tr>\n<td>Prze\u015blij formularz<\/td>\n<td>Kliknij przycisk \u201eZaloguj si\u0119\u201d, aby uzyska\u0107 dost\u0119p do swojego konta.<\/td>\n<\/tr>\n<tr>\n<td>W razie potrzeby przeprowad\u017a diagnostyk\u0119.<\/td>\n<td>Je\u015bli nie mo\u017cesz si\u0119 zalogowa\u0107, skorzystaj z opcji \u201eNie pami\u0119tam has\u0142a\u201d lub skontaktuj si\u0119 z naszym zespo\u0142em wieloj\u0119zycznego wsparcia technicznego, aby uzyska\u0107 pomoc.<\/td>\n<\/tr>\n<\/tbody>\n<\/table>\n<h3>Nie pami\u0119tasz has\u0142a?<\/h3>\n<p>Kiedy tworzysz silne has\u0142o do konta Magneticslots, zawsze istnieje ryzyko, \u017ce w pewnym momencie je zapomnisz. Nie oznacza to jednak, \u017ce musisz tworzy\u0107 nowy profil. Mamy dla Ciebie rozwi\u0105zanie. Ka\u017cdy u\u017cytkownik mo\u017ce zmieni\u0107 swoje has\u0142o za pomoc\u0105 formularza Magneticslots login. Wystarczy klikn\u0105\u0107 link \u201eNie pami\u0119tasz has\u0142a?\u201d, wprowadzi\u0107 sw\u00f3j adres e-mail, a my wy\u015blemy Ci link do resetowania has\u0142a w ci\u0105gu minuty. Upewnij si\u0119, \u017ce poda\u0142e\u015b adres e-mail u\u017cyty podczas rejestracji.<\/p>\n<h3>Magnetic Slots Casino: Bezpiecze\u0144stwo i weryfikacja konta<\/h3>\n<p>Twoje bezpiecze\u0144stwo jest dla nas priorytetem. Opr\u00f3cz tego, \u017ce zabezpieczamy wszystkie Twoje dane za pomoc\u0105 szyfrowania SSL i przestrzegamy wszystkich niezb\u0119dnych przepis\u00f3w, dajemy Ci r\u00f3wnie\u017c mo\u017cliwo\u015b\u0107 skonfigurowania dodatkowych \u015brodk\u00f3w bezpiecze\u0144stwa. Po zako\u0144czeniu procesu logowania do Magneticslots mo\u017cesz dodatkowo skonfigurowa\u0107 uwierzytelnianie dwusk\u0142adnikowe.<\/p>\n<p>Aby zapewni\u0107 bezpiecze\u0144stwo platformy i zapobiega\u0107 oszustwom, prosimy wszystkich naszych klient\u00f3w o przej\u015bcie przez proces weryfikacji. Oznacza to, \u017ce nale\u017cy przes\u0142a\u0107 kopie lub zdj\u0119cia dokument\u00f3w osobistych w celu potwierdzenia to\u017csamo\u015bci, wieku, adresu zamieszkania i w\u0142asno\u015bci konta p\u0142atniczego. Nasi mened\u017cerowie sprawdz\u0105 przes\u0142ane dokumenty w ci\u0105gu 48 godzin i skontaktuj\u0105 si\u0119 z Pa\u0144stwem w celu udzielenia odpowiedzi.<\/p>\n<h2>Cz\u0119sto zadawane pytania<\/h2>\n<h3>Kiedy pr\u00f3buj\u0119 zalogowa\u0107 si\u0119 na swoje konto, pojawia si\u0119 komunikat, \u017ce zosta\u0142o ono zablokowane. Co mam zrobi\u0107?<\/h3>\n<p>Zawsze wysy\u0142amy wiadomo\u015b\u0107 e-mail z wyja\u015bnieniem i dodatkowymi informacjami na temat zablokowania konta. Je\u015bli nie otrzyma\u0142e\u015b \u017cadnej wiadomo\u015bci, skontaktuj si\u0119 z naszym zespo\u0142em pomocy technicznej.<\/p>\n<h3>Jak zaktualizowa\u0107 has\u0142o lub adres e-mail?<\/h3>\n<p>U\u017cytkownicy Magneticslots maj\u0105 mo\u017cliwo\u015b\u0107 zmiany swoich danych osobowych lub p\u0142atniczych w dowolnym momencie. Mo\u017cna to zrobi\u0107 w ustawieniach konta w ci\u0105gu kilku minut.<\/p>\n<h3>Czy mog\u0119 zamkn\u0105\u0107 lub tymczasowo zawiesi\u0107 swoje konto?<\/h3>\n<p>Aby zamkn\u0105\u0107 lub tymczasowo zablokowa\u0107 swoje konto, nale\u017cy wys\u0142a\u0107 do nas wiadomo\u015b\u0107 e-mail lub z\u0142o\u017cy\u0107 wniosek za po\u015brednictwem czatu na \u017cywo. Nasi profesjonalni mened\u017cerowie Magnetic Slots Casino podejm\u0105 wszelkie niezb\u0119dne kroki i udziel\u0105 dodatkowych informacji dotycz\u0105cych ponownego otwarcia konta.<\/p>\n<\/div><\/div><\/p>\n","protected":false},"excerpt":{"rendered":"<p>Logowanie do Magneticslots: Rejestracja i kontrola konta Tylko jeden krok dzieli polskich u\u017cytkownik\u00f3w od gier na prawdziwe pieni\u0105dze: Magneticslots login. Po utworzeniu konta dost\u0119pne b\u0119d\u0105 nie tylko tysi\u0105ce r\u00f3\u017cnych tytu\u0142\u00f3w, ale tak\u017ce bonusy, turnieje, p\u0142atno\u015bci i obs\u0142uga klienta. Aby zarejestrowa\u0107 si\u0119 w Magneticslots Casino, gracze musz\u0105 mie\u0107 uko\u0144czone 18 lat. Proces ten mo\u017cna przeprowadzi\u0107 w [&hellip;]<\/p>\n","protected":false},"author":1,"featured_media":0,"parent":0,"menu_order":0,"comment_status":"closed","ping_status":"closed","template":"template-builder.php","meta":{"_acf_changed":false,"inline_featured_image":false,"footnotes":""},"class_list":["post-1478","page","type-page","status-publish","hentry"],"acf":[],"yoast_head":"<!-- This site is optimized with the Yoast SEO plugin v27.3 - https:\/\/yoast.com\/product\/yoast-seo-wordpress\/ -->\n<title>Magneticslots Logowanie i rejestracja<\/title>\n<meta name=\"description\" content=\"Bez wysi\u0142ku tw\u00f3rz, zarz\u0105dzaj i weryfikuj swoje konto w kasynie Magneticslots. Ciesz si\u0119 szybk\u0105 rejestracj\u0105, \u0142atwym odzyskiwaniem konta i bezpiecznym zamkni\u0119ciem dzi\u0119ki Magneticslots Login, zapewniaj\u0105cym ochron\u0119 Twojego konta przez ca\u0142\u0105 dob\u0119.\" \/>\n<meta name=\"robots\" content=\"index, follow, max-snippet:-1, max-image-preview:large, max-video-preview:-1\" \/>\n<link rel=\"canonical\" href=\"https:\/\/magneticslots.net\/pl\/logowanie-i-rejestracja\/\" \/>\n<meta property=\"og:locale\" content=\"pl_PL\" \/>\n<meta property=\"og:type\" content=\"article\" \/>\n<meta property=\"og:title\" content=\"Magneticslots Logowanie i rejestracja\" \/>\n<meta property=\"og:description\" content=\"Bez wysi\u0142ku tw\u00f3rz, zarz\u0105dzaj i weryfikuj swoje konto w kasynie Magneticslots. Ciesz si\u0119 szybk\u0105 rejestracj\u0105, \u0142atwym odzyskiwaniem konta i bezpiecznym zamkni\u0119ciem dzi\u0119ki Magneticslots Login, zapewniaj\u0105cym ochron\u0119 Twojego konta przez ca\u0142\u0105 dob\u0119.\" \/>\n<meta property=\"og:url\" content=\"https:\/\/magneticslots.net\/pl\/logowanie-i-rejestracja\/\" \/>\n<meta property=\"og:site_name\" content=\"magneticslots\" \/>\n<meta property=\"article:modified_time\" content=\"2025-12-20T13:28:43+00:00\" \/>\n<meta name=\"twitter:card\" content=\"summary_large_image\" \/>\n<meta name=\"twitter:label1\" content=\"Est. reading time\" \/>\n\t<meta name=\"twitter:data1\" content=\"1 minuta\" \/>\n<script type=\"application\/ld+json\" class=\"yoast-schema-graph\">{\"@context\":\"https:\\\/\\\/schema.org\",\"@graph\":[{\"@type\":\"WebPage\",\"@id\":\"https:\\\/\\\/magneticslots.net\\\/pl\\\/logowanie-i-rejestracja\\\/\",\"url\":\"https:\\\/\\\/magneticslots.net\\\/pl\\\/logowanie-i-rejestracja\\\/\",\"name\":\"Magneticslots Logowanie i rejestracja\",\"isPartOf\":{\"@id\":\"https:\\\/\\\/magneticslots.net\\\/pl\\\/#website\"},\"datePublished\":\"2025-12-20T08:57:03+00:00\",\"dateModified\":\"2025-12-20T13:28:43+00:00\",\"description\":\"Bez wysi\u0142ku tw\u00f3rz, zarz\u0105dzaj i weryfikuj swoje konto w kasynie Magneticslots. Ciesz si\u0119 szybk\u0105 rejestracj\u0105, \u0142atwym odzyskiwaniem konta i bezpiecznym zamkni\u0119ciem dzi\u0119ki Magneticslots Login, zapewniaj\u0105cym ochron\u0119 Twojego konta przez ca\u0142\u0105 dob\u0119.\",\"breadcrumb\":{\"@id\":\"https:\\\/\\\/magneticslots.net\\\/pl\\\/logowanie-i-rejestracja\\\/#breadcrumb\"},\"inLanguage\":\"pl-PL\",\"potentialAction\":[{\"@type\":\"ReadAction\",\"target\":[\"https:\\\/\\\/magneticslots.net\\\/pl\\\/logowanie-i-rejestracja\\\/\"]}]},{\"@type\":\"BreadcrumbList\",\"@id\":\"https:\\\/\\\/magneticslots.net\\\/pl\\\/logowanie-i-rejestracja\\\/#breadcrumb\",\"itemListElement\":[{\"@type\":\"ListItem\",\"position\":1,\"name\":\"Magneticslots\",\"item\":\"https:\\\/\\\/magneticslots.net\\\/pl\\\/\"},{\"@type\":\"ListItem\",\"position\":2,\"name\":\"Logowanie i rejestracja\"}]},{\"@type\":\"WebSite\",\"@id\":\"https:\\\/\\\/magneticslots.net\\\/pl\\\/#website\",\"url\":\"https:\\\/\\\/magneticslots.net\\\/pl\\\/\",\"name\":\"Magneticslots\",\"description\":\"\",\"publisher\":{\"@id\":\"https:\\\/\\\/magneticslots.net\\\/pl\\\/#organization\"},\"potentialAction\":[{\"@type\":\"SearchAction\",\"target\":{\"@type\":\"EntryPoint\",\"urlTemplate\":\"https:\\\/\\\/magneticslots.net\\\/pl\\\/?s={search_term_string}\"},\"query-input\":{\"@type\":\"PropertyValueSpecification\",\"valueRequired\":true,\"valueName\":\"search_term_string\"}}],\"inLanguage\":\"pl-PL\"},{\"@type\":\"Organization\",\"@id\":\"https:\\\/\\\/magneticslots.net\\\/pl\\\/#organization\",\"name\":\"Magneticslots\",\"url\":\"https:\\\/\\\/magneticslots.net\\\/pl\\\/\",\"logo\":{\"@type\":\"ImageObject\",\"inLanguage\":\"pl-PL\",\"@id\":\"https:\\\/\\\/magneticslots.net\\\/pl\\\/#\\\/schema\\\/logo\\\/image\\\/\",\"url\":\"https:\\\/\\\/magneticslots.net\\\/wp-content\\\/uploads\\\/2025\\\/12\\\/logo.svg\",\"contentUrl\":\"https:\\\/\\\/magneticslots.net\\\/wp-content\\\/uploads\\\/2025\\\/12\\\/logo.svg\",\"width\":160,\"height\":27,\"caption\":\"Magneticslots\"},\"image\":{\"@id\":\"https:\\\/\\\/magneticslots.net\\\/pl\\\/#\\\/schema\\\/logo\\\/image\\\/\"}}]}<\/script>\n<!-- \/ Yoast SEO plugin. -->","yoast_head_json":{"title":"Magneticslots Logowanie i rejestracja","description":"Bez wysi\u0142ku tw\u00f3rz, zarz\u0105dzaj i weryfikuj swoje konto w kasynie Magneticslots. Ciesz si\u0119 szybk\u0105 rejestracj\u0105, \u0142atwym odzyskiwaniem konta i bezpiecznym zamkni\u0119ciem dzi\u0119ki Magneticslots Login, zapewniaj\u0105cym ochron\u0119 Twojego konta przez ca\u0142\u0105 dob\u0119.","robots":{"index":"index","follow":"follow","max-snippet":"max-snippet:-1","max-image-preview":"max-image-preview:large","max-video-preview":"max-video-preview:-1"},"canonical":"https:\/\/magneticslots.net\/pl\/logowanie-i-rejestracja\/","og_locale":"pl_PL","og_type":"article","og_title":"Magneticslots Logowanie i rejestracja","og_description":"Bez wysi\u0142ku tw\u00f3rz, zarz\u0105dzaj i weryfikuj swoje konto w kasynie Magneticslots. Ciesz si\u0119 szybk\u0105 rejestracj\u0105, \u0142atwym odzyskiwaniem konta i bezpiecznym zamkni\u0119ciem dzi\u0119ki Magneticslots Login, zapewniaj\u0105cym ochron\u0119 Twojego konta przez ca\u0142\u0105 dob\u0119.","og_url":"https:\/\/magneticslots.net\/pl\/logowanie-i-rejestracja\/","og_site_name":"magneticslots","article_modified_time":"2025-12-20T13:28:43+00:00","twitter_card":"summary_large_image","twitter_misc":{"Est. reading time":"1 minuta"},"schema":{"@context":"https:\/\/schema.org","@graph":[{"@type":"WebPage","@id":"https:\/\/magneticslots.net\/pl\/logowanie-i-rejestracja\/","url":"https:\/\/magneticslots.net\/pl\/logowanie-i-rejestracja\/","name":"Magneticslots Logowanie i rejestracja","isPartOf":{"@id":"https:\/\/magneticslots.net\/pl\/#website"},"datePublished":"2025-12-20T08:57:03+00:00","dateModified":"2025-12-20T13:28:43+00:00","description":"Bez wysi\u0142ku tw\u00f3rz, zarz\u0105dzaj i weryfikuj swoje konto w kasynie Magneticslots. Ciesz si\u0119 szybk\u0105 rejestracj\u0105, \u0142atwym odzyskiwaniem konta i bezpiecznym zamkni\u0119ciem dzi\u0119ki Magneticslots Login, zapewniaj\u0105cym ochron\u0119 Twojego konta przez ca\u0142\u0105 dob\u0119.","breadcrumb":{"@id":"https:\/\/magneticslots.net\/pl\/logowanie-i-rejestracja\/#breadcrumb"},"inLanguage":"pl-PL","potentialAction":[{"@type":"ReadAction","target":["https:\/\/magneticslots.net\/pl\/logowanie-i-rejestracja\/"]}]},{"@type":"BreadcrumbList","@id":"https:\/\/magneticslots.net\/pl\/logowanie-i-rejestracja\/#breadcrumb","itemListElement":[{"@type":"ListItem","position":1,"name":"Magneticslots","item":"https:\/\/magneticslots.net\/pl\/"},{"@type":"ListItem","position":2,"name":"Logowanie i rejestracja"}]},{"@type":"WebSite","@id":"https:\/\/magneticslots.net\/pl\/#website","url":"https:\/\/magneticslots.net\/pl\/","name":"Magneticslots","description":"","publisher":{"@id":"https:\/\/magneticslots.net\/pl\/#organization"},"potentialAction":[{"@type":"SearchAction","target":{"@type":"EntryPoint","urlTemplate":"https:\/\/magneticslots.net\/pl\/?s={search_term_string}"},"query-input":{"@type":"PropertyValueSpecification","valueRequired":true,"valueName":"search_term_string"}}],"inLanguage":"pl-PL"},{"@type":"Organization","@id":"https:\/\/magneticslots.net\/pl\/#organization","name":"Magneticslots","url":"https:\/\/magneticslots.net\/pl\/","logo":{"@type":"ImageObject","inLanguage":"pl-PL","@id":"https:\/\/magneticslots.net\/pl\/#\/schema\/logo\/image\/","url":"https:\/\/magneticslots.net\/wp-content\/uploads\/2025\/12\/logo.svg","contentUrl":"https:\/\/magneticslots.net\/wp-content\/uploads\/2025\/12\/logo.svg","width":160,"height":27,"caption":"Magneticslots"},"image":{"@id":"https:\/\/magneticslots.net\/pl\/#\/schema\/logo\/image\/"}}]}},"_links":{"self":[{"href":"https:\/\/magneticslots.net\/pl\/wp-json\/wp\/v2\/pages\/1478","targetHints":{"allow":["GET"]}}],"collection":[{"href":"https:\/\/magneticslots.net\/pl\/wp-json\/wp\/v2\/pages"}],"about":[{"href":"https:\/\/magneticslots.net\/pl\/wp-json\/wp\/v2\/types\/page"}],"author":[{"embeddable":true,"href":"https:\/\/magneticslots.net\/pl\/wp-json\/wp\/v2\/users\/1"}],"replies":[{"embeddable":true,"href":"https:\/\/magneticslots.net\/pl\/wp-json\/wp\/v2\/comments?post=1478"}],"version-history":[{"count":1,"href":"https:\/\/magneticslots.net\/pl\/wp-json\/wp\/v2\/pages\/1478\/revisions"}],"predecessor-version":[{"id":1807,"href":"https:\/\/magneticslots.net\/pl\/wp-json\/wp\/v2\/pages\/1478\/revisions\/1807"}],"wp:attachment":[{"href":"https:\/\/magneticslots.net\/pl\/wp-json\/wp\/v2\/media?parent=1478"}],"curies":[{"name":"wp","href":"https:\/\/api.w.org\/{rel}","templated":true}]}}