{"id":1434,"date":"2025-12-20T08:52:32","date_gmt":"2025-12-20T08:52:32","guid":{"rendered":"https:\/\/magneticslots.net\/app\/"},"modified":"2025-12-20T13:26:46","modified_gmt":"2025-12-20T13:26:46","slug":"aplikacja","status":"publish","type":"page","link":"https:\/\/magneticslots.net\/pl\/aplikacja\/","title":{"rendered":"Aplikacja"},"content":{"rendered":"<h1>Magneticslots aplikacja do gier<\/h1>\n<p>Wszystkie nowoczesne strony internetowe i \u017ar\u00f3d\u0142a internetowe maj\u0105 obecnie wersj\u0119 mobiln\u0105, a my nie jeste\u015bmy wyj\u0105tkiem dzi\u0119ki Magneticslots App. Dzi\u0119ki niej \u017cycie polskich u\u017cytkownik\u00f3w sta\u0142o si\u0119 znacznie bardziej elastyczne. Dlatego opracowali\u015bmy wygodne oprogramowanie mobilne dla system\u00f3w Android i iOS. Mo\u017cna je pobra\u0107 z naszej strony internetowej w ci\u0105gu kilku minut. W oprogramowaniu mobilnym znajdziesz te same tytu\u0142y i funkcje, co w g\u0142\u00f3wnej wersji na komputery stacjonarne.<\/p>\n<div class=\"banner-wrap\" aria-label=\"Banner\"><img src=\"https:\/\/magneticslots.net\/wp-content\/uploads\/2025\/12\/header-bg-1.webp\" class=\"w-100 d-none d-lg-block img-pc main-banner-img\" alt=\"Magneticslots banner desktop\" fetchpriority=\"high\" decoding=\"async\"><img src=\"https:\/\/magneticslots.net\/wp-content\/uploads\/2025\/12\/MagneticSlots-mobile-banner.webp\" class=\"w-100 d-none d-md-block d-lg-none main-banner-img\" alt=\"Magneticslots banner mobile\" fetchpriority=\"high\" decoding=\"async\"><img src=\"https:\/\/magneticslots.net\/wp-content\/uploads\/2025\/12\/MagneticSlots-mobile-banner.webp\" class=\"w-100 d-md-none\" alt=\"Magneticslots banner mobile\" fetchpriority=\"high\" decoding=\"async\"><div class=\"banner-description\">\n<div class=\"banner-title\">Bonusy powitalne<\/div>\n<p class=\"banner-header-title\">1500 \u20ac<\/p>\n<div class=\"banner-header-AdditionalText\">+ 250 Darmowe spiny<\/div>\n<button data-item=\"homepage_banner_link\" class=\"goto m-button m-gradient-border m-button--primary m-button--large banner-button btn-orange\">\n            <div class=\"m-button-content\">\n                <span>Zarejestruj si\u0119 teraz<\/span>\n                <span><\/span>\n            <\/div>\n        <\/button>\n<\/div>\n<div class=\"WelcomePack\">\n<p><img loading=\"lazy\" decoding=\"async\" class=\"alignnone size-full wp-image-1338\" src=\"https:\/\/magneticslots.net\/wp-content\/uploads\/2025\/12\/welcome-crown.svg\" alt=\"crown\" width=\"25\" height=\"26\" \/><\/p>\n<div class=\"WelcomePack-Info\">Cotygodniowy zwrot got\u00f3wki do 25%<\/div>\n<p><img loading=\"lazy\" decoding=\"async\" class=\"alignnone size-full wp-image-1338\" src=\"https:\/\/magneticslots.net\/wp-content\/uploads\/2025\/12\/welcome-crown.svg\" alt=\"crown\" width=\"25\" height=\"26\" \/><\/p>\n<\/div>\n<\/div>\n<h2>Magneticslots z aplikacj\u0105 mobiln\u0105<\/h2>\n<p>Dzi\u0119ki Magnetic Slots Casino mo\u017cesz gra\u0107 w swoje ulubione gry w dowolnym miejscu. Wymaga to jedynie urz\u0105dzenia mobilnego i stabilnego po\u0142\u0105czenia internetowego. U\u017cytkownicy otrzymuj\u0105 dost\u0119p do ca\u0142ej kolekcji gier, p\u0142atno\u015bci, bonus\u00f3w, obs\u0142ugi klienta i wielu innych funkcji. W kasyno mobilnym mo\u017cna \u0142atwo przej\u015b\u0107 przez proces rejestracji lub zalogowa\u0107 si\u0119. Wszystkie te funkcje sprawiaj\u0105, \u017ce wybieraj\u0105c aplikacj\u0119 Magneticslots app, b\u0119dziesz mie\u0107 wspania\u0142e wra\u017cenia z gry.<\/p>\n<p>Gracze Magneticslots mog\u0105 korzysta\u0107 z kasyna na r\u00f3\u017cne sposoby, korzystaj\u0105c ze smartfon\u00f3w lub tablet\u00f3w. Dost\u0119pna jest wygodna wersja przegl\u0105darki mobilnej. Jest ona zoptymalizowana pod k\u0105tem mniejszych ekran\u00f3w urz\u0105dze\u0144 mobilnych. Dodatkowo oferujemy aplikacj\u0119 Magneticslots app, kt\u00f3ra zapewnia jeszcze bardziej spersonalizowane wra\u017cenia. Obie opcje dzia\u0142aj\u0105 p\u0142ynnie i szybko. Wyb\u00f3r nale\u017cy wy\u0142\u0105cznie do Ciebie.<\/p>\n<p><div class=\"scrollable-content-wrap my-5\"><div class=\"scrollable-content-inner\"><h2>Magneticslots Casino aplikacja na Androida<\/h2>\n<p>Posiadanie gad\u017cetu z systemem Android daje Ci mo\u017cliwo\u015b\u0107 cieszenia si\u0119 gr\u0105 w ka\u017cdej sytuacji. Oferujemy nie tylko cz\u0119\u015b\u0107 mo\u017cliwo\u015bci, ale ca\u0142e do\u015bwiadczenie. W aplikacji Magneticslots app b\u0119dziesz mie\u0107 dost\u0119p do ponad 6.000 tytu\u0142\u00f3w z r\u00f3\u017cnych kategorii i gatunk\u00f3w.<\/p>\n<p>Nasze oprogramowanie mobilne zosta\u0142o opracowane jako progresywna aplikacja internetowa (PWA). Oznacza to, \u017ce nie musisz pobiera\u0107 \u017cadnych nieznanych plik\u00f3w Magneticslots APK na swoje urz\u0105dzenie. Instalacja jest \u0142atwa i zajmuje tylko 3 minuty. Wystarczy przej\u015b\u0107 do stopki naszej strony internetowej i klikn\u0105\u0107 przycisk \u201eAplikacja kasyna\u201d, aby rozpocz\u0105\u0107 instalacj\u0119. Po zako\u0144czeniu instalacji aplikacja pojawi si\u0119 na ekranie g\u0142\u00f3wnym.<\/p>\n<p>U\u017cytkownicy mog\u0105 r\u00f3wnie\u017c korzysta\u0107 z Magnetic Slots Casino w wersji przegl\u0105darkowej. Aby uzyska\u0107 szybszy dost\u0119p, mo\u017cna zainstalowa\u0107 ikon\u0119 skr\u00f3tu. Mo\u017cna to zrobi\u0107 w ka\u017cdej nowoczesnej przegl\u0105darce na smartfonie lub tablecie.<\/p>\n<table>\n<tbody>\n<tr>\n<td>Krok<\/td>\n<td>Szczeg\u00f3\u0142y<\/td>\n<\/tr>\n<tr>\n<td>Otw\u00f3rz przegl\u0105dark\u0119 w telefonie<\/td>\n<td>Uruchom przegl\u0105dark\u0119 Google Chrome lub inn\u0105 obs\u0142ugiwana przegl\u0105dark\u0119 na swoim urz\u0105dzeniu z systemem Android i odwied\u017a stron\u0119 internetow\u0105 kasyna.<\/td>\n<\/tr>\n<tr>\n<td>Przejd\u017a do strony g\u0142\u00f3wnej<\/td>\n<td>Upewnij si\u0119, \u017ce jeste\u015b na g\u0142\u00f3wnej stronie Magneticslots, aby opcja skr\u00f3tu mog\u0142a zosta\u0107 poprawnie aktywowana.<\/td>\n<\/tr>\n<tr>\n<td>Otw\u00f3rz menu przegl\u0105darki<\/td>\n<td>Naci\u015bnij menu z trzema kropkami w prawym g\u00f3rnym rogu przegl\u0105darki Chrome, aby uzyska\u0107 dost\u0119p do dodatkowych opcji.<\/td>\n<\/tr>\n<tr>\n<td>Wybierz \u201eDodaj do ekranu g\u0142\u00f3wnego\u201d.<\/td>\n<td>Wybierz opcj\u0119 \u201eDodaj do ekranu g\u0142\u00f3wnego\u201d z menu, aby rozpocz\u0105\u0107 tworzenie ikony skr\u00f3tu.<\/td>\n<\/tr>\n<tr>\n<td>Potwierd\u017a nazw\u0119 i ikon\u0119<\/td>\n<td>Sprawd\u017a sugerowan\u0105 nazw\u0119 skr\u00f3tu i dostosuj j\u0105 w razie potrzeby. Podgl\u0105d ikony zostanie wy\u015bwietlony automatycznie.<\/td>\n<\/tr>\n<tr>\n<td>Kliknij \u201eDodaj\u201d<\/td>\n<td>Potwierd\u017a dzia\u0142anie, klikaj\u0105c \u201eDodaj\u201d. Urz\u0105dzenie mo\u017ce zapyta\u0107, czy chcesz umie\u015bci\u0107 je r\u0119cznie, czy automatycznie.<\/td>\n<\/tr>\n<\/tbody>\n<\/table>\n<p><img loading=\"lazy\" decoding=\"async\" src=\"https:\/\/magneticslots.net\/wp-content\/uploads\/2025\/12\/MagneticSlots-Android.webp\" alt=\"MagneticSlots Android\" width=\"1248\" height=\"536\" \/><\/p>\n<\/div><\/div><div style=\"clear: both\"><\/div><div class=\"d-flex justify-content-center\"><button data-item=\"decouvrez_link\" data-group=\"website_links\" class=\"goto fw-bold rounded-pill btn btn-orange\" aria-label=\"Pobierz aplikacj\u0119 MagneticSlots\" >Pobierz aplikacj\u0119 MagneticSlots<\/button><\/div><div class=\"scrollable-content-wrap my-5\"><div class=\"scrollable-content-inner\"><h2>Magneticslots Casino aplikacja na iOS<\/h2>\n<p>U\u017cytkownicy iOS nie s\u0105 r\u00f3wnie\u017c ograniczeni do swoich dom\u00f3w lub lokalizacji komputera. Wersja mobilna i oprogramowanie pozwalaj\u0105 wszystkim gra\u0107 w podr\u00f3\u017cy. Ze wzgl\u0119du na ograniczenia App Store dotycz\u0105ce oprogramowania hazardowego, aplikacj\u0119 Magneticslots mo\u017cna pobra\u0107 z naszej oficjalnej strony internetowej. Zalecamy unikanie instalowania jej z witryn stron trzecich, poniewa\u017c mo\u017ce to by\u0107 niebezpieczne dla urz\u0105dzenia.<\/p>\n<p>Je\u015bli nie masz pewno\u015bci co do oprogramowania, mo\u017cesz zacz\u0105\u0107 od wersji przegl\u0105darkowej. Oferuje ona ten sam wygl\u0105d, nawigacj\u0119 i gry, co wersja na komputery stacjonarne. Przyciski s\u0105 jednak wi\u0119ksze, dost\u0119pna jest funkcja przewijania i przesuwania oraz przyjazne dla dotyku sterowanie gr\u0105. Je\u015bli wolisz mie\u0107 szybki dost\u0119p do Magneticslots Casino za po\u015brednictwem aplikacji, skorzystaj z instrukcji zawartych w poni\u017cszej tabeli.<\/p>\n<table>\n<tbody>\n<tr>\n<td>Krok<\/td>\n<td>Szczeg\u00f3\u0142y<\/td>\n<\/tr>\n<tr>\n<td>Otw\u00f3rz przegl\u0105dark\u0119 Safari.<\/td>\n<td>Uruchom przegl\u0105dark\u0119 Safari na swoim iPhonie lub iPadzie i przejd\u017a do strony kasyna.<\/td>\n<\/tr>\n<tr>\n<td>Przejd\u017a do stopki i kliknij \u201eAplikacja kasyna\u201d.<\/td>\n<td>Upewnij si\u0119, \u017ce znajdujesz si\u0119 na g\u0142\u00f3wnej stronie Magnetic Slots, gdzie dost\u0119pny jest link do instalacji PWA.<\/td>\n<\/tr>\n<tr>\n<td>Zainstaluj aplikacj\u0119 PWA<\/td>\n<td>Naci\u015bnij \u201eZainstaluj\u201d na \u015brodku ekranu. Aplikacja PWA zostanie zainstalowana w ci\u0105gu kilku minut i pojawi si\u0119 na ekranie g\u0142\u00f3wnym.<\/td>\n<\/tr>\n<tr>\n<td>Uruchom i graj<\/td>\n<td>Otw\u00f3rz aplikacj\u0119 Magneticslots app na ekranie g\u0142\u00f3wnym, zaloguj si\u0119 na swoje konto i zacznij gra\u0107.<\/td>\n<\/tr>\n<\/tbody>\n<\/table>\n<p><img loading=\"lazy\" decoding=\"async\" src=\"https:\/\/magneticslots.net\/wp-content\/uploads\/2025\/12\/MagneticSlots-iOS.webp\" alt=\"MagneticSlots iOS\" width=\"1248\" height=\"536\" \/><\/p>\n<\/div><\/div><div style=\"clear: both\"><\/div><div class=\"d-flex justify-content-center\"><button data-item=\"decouvrez_link\" data-group=\"website_links\" class=\"goto fw-bold rounded-pill btn btn-orange\" aria-label=\"Pobierz MagneticSlots\" >Pobierz MagneticSlots<\/button><\/div><div class=\"scrollable-content-wrap my-5\"><div class=\"scrollable-content-inner\"><h2>Pobierz aplikacje dla system\u00f3w Windows i macOS<\/h2>\n<p>Opisuj\u0105c wszystkie opcje mobilne, nie zapomnieli\u015bmy o naszej wersji na komputery stacjonarne. Rozumiemy, \u017ce dla niekt\u00f3rych u\u017cytkownik\u00f3w wa\u017cny jest du\u017cy ekran i relaksuj\u0105ca atmosfera domowego zacisza. U\u017cytkownicy Magneticslots Casino mog\u0105 korzysta\u0107 z wersji przegl\u0105darkowej lub pobra\u0107 oprogramowanie na komputer stacjonarny. Druga opcja zapewnia bardziej spersonalizowane wra\u017cenia oraz nast\u0119puj\u0105ce korzy\u015bci:<\/p>\n<ul>\n<li>Szybsze dzia\u0142anie<\/li>\n<li>Ulepszona grafika i d\u017awi\u0119k<\/li>\n<li>Stabilna rozgrywka<\/li>\n<li>Natychmiastowy dost\u0119p<\/li>\n<li>Ekskluzywne funkcje i bonusy<\/li>\n<\/ul>\n<p><img loading=\"lazy\" decoding=\"async\" src=\"https:\/\/magneticslots.net\/wp-content\/uploads\/2025\/12\/MagneticSlots-Desktop.webp\" alt=\"MagneticSlots Desktop\" width=\"1248\" height=\"536\" \/><\/p>\n<\/div><\/div><div style=\"clear: both\"><\/div><div class=\"d-flex justify-content-center\"><button data-item=\"decouvrez_link\" data-group=\"website_links\" class=\"goto fw-bold rounded-pill btn btn-orange\" aria-label=\"Pobierz aplikacj\u0119 MagneticSlots\" >Pobierz aplikacj\u0119 MagneticSlots<\/button><\/div><div class=\"scrollable-content-wrap my-5\"><div class=\"scrollable-content-inner\"><h2>Cz\u0119sto zadawane pytania<\/h2>\n<h3>Czy aplikacja Magnetic Slots Casino oferuje obs\u0142ug\u0119 klienta?<\/h3>\n<p>Zesp\u00f3\u0142 wsparcia technicznego jest bardzo wa\u017cn\u0105 cz\u0119\u015bci\u0105 ka\u017cdego kasyna online. W naszej aplikacji znajdziesz czat na \u017cywo, na kt\u00f3rym nasi mened\u017cerowie udziel\u0105 Ci pomocy w ci\u0105gu kilku minut. Mo\u017cesz r\u00f3wnie\u017c skontaktowa\u0107 si\u0119 z nami za po\u015brednictwem poczty elektronicznej, aby uzyska\u0107 bardziej szczeg\u00f3\u0142owe wyja\u015bnienia.<\/p>\n<h3>Czy do korzystania z aplikacji Magnetic Slots app konieczne jest utworzenie konta?<\/h3>\n<p>Aby uzyska\u0107 dost\u0119p do wszystkich funkcji i narz\u0119dzi oprogramowania mobilnego Magnetic Slots, nale\u017cy utworzy\u0107 konto lub zalogowa\u0107 si\u0119. Nie ma jednak powod\u00f3w do obaw \u2013 u\u017cytkownicy mog\u0105 zarejestrowa\u0107 si\u0119 i przej\u015b\u0107 proces weryfikacji bezpo\u015brednio w aplikacji w ci\u0105gu kilku minut.<\/p>\n<h3>Czy wszystkie gry s\u0105 dost\u0119pne w aplikacji?<\/h3>\n<p>Ca\u0142a nasza kolekcja gier, obejmuj\u0105ca ponad 6.000 tytu\u0142\u00f3w, jest dost\u0119pna w aplikacji Magneticslots. Znajdziesz w niej wszystkie swoje ulubione automaty online, gry sto\u0142owe, opcje z krupierem na \u017cywo oraz gry typu crash. Zosta\u0142y one opracowane w taki spos\u00f3b, aby dostosowa\u0107 si\u0119 do ka\u017cdego nowoczesnego urz\u0105dzenia.<\/p>\n<h3>Jak mog\u0119 zaktualizowa\u0107 aplikacj\u0119 Magneticslots Casino?<\/h3>\n<p>Aplikacja PWA aktualizuje si\u0119 automatycznie, bez konieczno\u015bci wykonywania dodatkowych czynno\u015bci. Jest to jedna z wielu funkcji naszego oprogramowania mobilnego. W przypadku wprowadzenia istotnych zmian poinformujemy Ci\u0119, je\u015bli konieczna b\u0119dzie dodatkowa instalacja ze strony internetowej.<\/p>\n<\/div><\/div><\/p>\n","protected":false},"excerpt":{"rendered":"<p>Magneticslots aplikacja do gier Wszystkie nowoczesne strony internetowe i \u017ar\u00f3d\u0142a internetowe maj\u0105 obecnie wersj\u0119 mobiln\u0105, a my nie jeste\u015bmy wyj\u0105tkiem dzi\u0119ki Magneticslots App. Dzi\u0119ki niej \u017cycie polskich u\u017cytkownik\u00f3w sta\u0142o si\u0119 znacznie bardziej elastyczne. Dlatego opracowali\u015bmy wygodne oprogramowanie mobilne dla system\u00f3w Android i iOS. Mo\u017cna je pobra\u0107 z naszej strony internetowej w ci\u0105gu kilku minut. W [&hellip;]<\/p>\n","protected":false},"author":1,"featured_media":0,"parent":0,"menu_order":0,"comment_status":"closed","ping_status":"closed","template":"template-builder.php","meta":{"_acf_changed":false,"inline_featured_image":false,"footnotes":""},"class_list":["post-1434","page","type-page","status-publish","hentry"],"acf":[],"yoast_head":"<!-- This site is optimized with the Yoast SEO plugin v27.3 - https:\/\/yoast.com\/product\/yoast-seo-wordpress\/ -->\n<title>Aplikacja Magneticslots | Platformy iOS i Android<\/title>\n<meta name=\"description\" content=\"Aplikacja Magneticslots zapewnia p\u0142ynn\u0105 rozgrywk\u0119 w kasynie na systemach Android, iOS, Windows i macOS, oferuj\u0105c zsynchronizowane konta, regularne aktualizacje i wbudowan\u0105 obs\u0142ug\u0119 klienta, co zapewnia komfortowe wra\u017cenia z gry.\" \/>\n<meta name=\"robots\" content=\"index, follow, max-snippet:-1, max-image-preview:large, max-video-preview:-1\" \/>\n<link rel=\"canonical\" href=\"https:\/\/magneticslots.net\/pl\/aplikacja\/\" \/>\n<meta property=\"og:locale\" content=\"pl_PL\" \/>\n<meta property=\"og:type\" content=\"article\" \/>\n<meta property=\"og:title\" content=\"Aplikacja Magneticslots | Platformy iOS i Android\" \/>\n<meta property=\"og:description\" content=\"Aplikacja Magneticslots zapewnia p\u0142ynn\u0105 rozgrywk\u0119 w kasynie na systemach Android, iOS, Windows i macOS, oferuj\u0105c zsynchronizowane konta, regularne aktualizacje i wbudowan\u0105 obs\u0142ug\u0119 klienta, co zapewnia komfortowe wra\u017cenia z gry.\" \/>\n<meta property=\"og:url\" content=\"https:\/\/magneticslots.net\/pl\/aplikacja\/\" \/>\n<meta property=\"og:site_name\" content=\"magneticslots\" \/>\n<meta property=\"article:modified_time\" content=\"2025-12-20T13:26:46+00:00\" \/>\n<meta name=\"twitter:card\" content=\"summary_large_image\" \/>\n<meta name=\"twitter:label1\" content=\"Est. reading time\" \/>\n\t<meta name=\"twitter:data1\" content=\"1 minuta\" \/>\n<script type=\"application\/ld+json\" class=\"yoast-schema-graph\">{\"@context\":\"https:\\\/\\\/schema.org\",\"@graph\":[{\"@type\":\"WebPage\",\"@id\":\"https:\\\/\\\/magneticslots.net\\\/pl\\\/aplikacja\\\/\",\"url\":\"https:\\\/\\\/magneticslots.net\\\/pl\\\/aplikacja\\\/\",\"name\":\"Aplikacja Magneticslots | Platformy iOS i Android\",\"isPartOf\":{\"@id\":\"https:\\\/\\\/magneticslots.net\\\/pl\\\/#website\"},\"datePublished\":\"2025-12-20T08:52:32+00:00\",\"dateModified\":\"2025-12-20T13:26:46+00:00\",\"description\":\"Aplikacja Magneticslots zapewnia p\u0142ynn\u0105 rozgrywk\u0119 w kasynie na systemach Android, iOS, Windows i macOS, oferuj\u0105c zsynchronizowane konta, regularne aktualizacje i wbudowan\u0105 obs\u0142ug\u0119 klienta, co zapewnia komfortowe wra\u017cenia z gry.\",\"breadcrumb\":{\"@id\":\"https:\\\/\\\/magneticslots.net\\\/pl\\\/aplikacja\\\/#breadcrumb\"},\"inLanguage\":\"pl-PL\",\"potentialAction\":[{\"@type\":\"ReadAction\",\"target\":[\"https:\\\/\\\/magneticslots.net\\\/pl\\\/aplikacja\\\/\"]}]},{\"@type\":\"BreadcrumbList\",\"@id\":\"https:\\\/\\\/magneticslots.net\\\/pl\\\/aplikacja\\\/#breadcrumb\",\"itemListElement\":[{\"@type\":\"ListItem\",\"position\":1,\"name\":\"Magneticslots\",\"item\":\"https:\\\/\\\/magneticslots.net\\\/pl\\\/\"},{\"@type\":\"ListItem\",\"position\":2,\"name\":\"Aplikacja\"}]},{\"@type\":\"WebSite\",\"@id\":\"https:\\\/\\\/magneticslots.net\\\/pl\\\/#website\",\"url\":\"https:\\\/\\\/magneticslots.net\\\/pl\\\/\",\"name\":\"Magneticslots\",\"description\":\"\",\"publisher\":{\"@id\":\"https:\\\/\\\/magneticslots.net\\\/pl\\\/#organization\"},\"potentialAction\":[{\"@type\":\"SearchAction\",\"target\":{\"@type\":\"EntryPoint\",\"urlTemplate\":\"https:\\\/\\\/magneticslots.net\\\/pl\\\/?s={search_term_string}\"},\"query-input\":{\"@type\":\"PropertyValueSpecification\",\"valueRequired\":true,\"valueName\":\"search_term_string\"}}],\"inLanguage\":\"pl-PL\"},{\"@type\":\"Organization\",\"@id\":\"https:\\\/\\\/magneticslots.net\\\/pl\\\/#organization\",\"name\":\"Magneticslots\",\"url\":\"https:\\\/\\\/magneticslots.net\\\/pl\\\/\",\"logo\":{\"@type\":\"ImageObject\",\"inLanguage\":\"pl-PL\",\"@id\":\"https:\\\/\\\/magneticslots.net\\\/pl\\\/#\\\/schema\\\/logo\\\/image\\\/\",\"url\":\"https:\\\/\\\/magneticslots.net\\\/wp-content\\\/uploads\\\/2025\\\/12\\\/logo.svg\",\"contentUrl\":\"https:\\\/\\\/magneticslots.net\\\/wp-content\\\/uploads\\\/2025\\\/12\\\/logo.svg\",\"width\":160,\"height\":27,\"caption\":\"Magneticslots\"},\"image\":{\"@id\":\"https:\\\/\\\/magneticslots.net\\\/pl\\\/#\\\/schema\\\/logo\\\/image\\\/\"}}]}<\/script>\n<!-- \/ Yoast SEO plugin. -->","yoast_head_json":{"title":"Aplikacja Magneticslots | Platformy iOS i Android","description":"Aplikacja Magneticslots zapewnia p\u0142ynn\u0105 rozgrywk\u0119 w kasynie na systemach Android, iOS, Windows i macOS, oferuj\u0105c zsynchronizowane konta, regularne aktualizacje i wbudowan\u0105 obs\u0142ug\u0119 klienta, co zapewnia komfortowe wra\u017cenia z gry.","robots":{"index":"index","follow":"follow","max-snippet":"max-snippet:-1","max-image-preview":"max-image-preview:large","max-video-preview":"max-video-preview:-1"},"canonical":"https:\/\/magneticslots.net\/pl\/aplikacja\/","og_locale":"pl_PL","og_type":"article","og_title":"Aplikacja Magneticslots | Platformy iOS i Android","og_description":"Aplikacja Magneticslots zapewnia p\u0142ynn\u0105 rozgrywk\u0119 w kasynie na systemach Android, iOS, Windows i macOS, oferuj\u0105c zsynchronizowane konta, regularne aktualizacje i wbudowan\u0105 obs\u0142ug\u0119 klienta, co zapewnia komfortowe wra\u017cenia z gry.","og_url":"https:\/\/magneticslots.net\/pl\/aplikacja\/","og_site_name":"magneticslots","article_modified_time":"2025-12-20T13:26:46+00:00","twitter_card":"summary_large_image","twitter_misc":{"Est. reading time":"1 minuta"},"schema":{"@context":"https:\/\/schema.org","@graph":[{"@type":"WebPage","@id":"https:\/\/magneticslots.net\/pl\/aplikacja\/","url":"https:\/\/magneticslots.net\/pl\/aplikacja\/","name":"Aplikacja Magneticslots | Platformy iOS i Android","isPartOf":{"@id":"https:\/\/magneticslots.net\/pl\/#website"},"datePublished":"2025-12-20T08:52:32+00:00","dateModified":"2025-12-20T13:26:46+00:00","description":"Aplikacja Magneticslots zapewnia p\u0142ynn\u0105 rozgrywk\u0119 w kasynie na systemach Android, iOS, Windows i macOS, oferuj\u0105c zsynchronizowane konta, regularne aktualizacje i wbudowan\u0105 obs\u0142ug\u0119 klienta, co zapewnia komfortowe wra\u017cenia z gry.","breadcrumb":{"@id":"https:\/\/magneticslots.net\/pl\/aplikacja\/#breadcrumb"},"inLanguage":"pl-PL","potentialAction":[{"@type":"ReadAction","target":["https:\/\/magneticslots.net\/pl\/aplikacja\/"]}]},{"@type":"BreadcrumbList","@id":"https:\/\/magneticslots.net\/pl\/aplikacja\/#breadcrumb","itemListElement":[{"@type":"ListItem","position":1,"name":"Magneticslots","item":"https:\/\/magneticslots.net\/pl\/"},{"@type":"ListItem","position":2,"name":"Aplikacja"}]},{"@type":"WebSite","@id":"https:\/\/magneticslots.net\/pl\/#website","url":"https:\/\/magneticslots.net\/pl\/","name":"Magneticslots","description":"","publisher":{"@id":"https:\/\/magneticslots.net\/pl\/#organization"},"potentialAction":[{"@type":"SearchAction","target":{"@type":"EntryPoint","urlTemplate":"https:\/\/magneticslots.net\/pl\/?s={search_term_string}"},"query-input":{"@type":"PropertyValueSpecification","valueRequired":true,"valueName":"search_term_string"}}],"inLanguage":"pl-PL"},{"@type":"Organization","@id":"https:\/\/magneticslots.net\/pl\/#organization","name":"Magneticslots","url":"https:\/\/magneticslots.net\/pl\/","logo":{"@type":"ImageObject","inLanguage":"pl-PL","@id":"https:\/\/magneticslots.net\/pl\/#\/schema\/logo\/image\/","url":"https:\/\/magneticslots.net\/wp-content\/uploads\/2025\/12\/logo.svg","contentUrl":"https:\/\/magneticslots.net\/wp-content\/uploads\/2025\/12\/logo.svg","width":160,"height":27,"caption":"Magneticslots"},"image":{"@id":"https:\/\/magneticslots.net\/pl\/#\/schema\/logo\/image\/"}}]}},"_links":{"self":[{"href":"https:\/\/magneticslots.net\/pl\/wp-json\/wp\/v2\/pages\/1434","targetHints":{"allow":["GET"]}}],"collection":[{"href":"https:\/\/magneticslots.net\/pl\/wp-json\/wp\/v2\/pages"}],"about":[{"href":"https:\/\/magneticslots.net\/pl\/wp-json\/wp\/v2\/types\/page"}],"author":[{"embeddable":true,"href":"https:\/\/magneticslots.net\/pl\/wp-json\/wp\/v2\/users\/1"}],"replies":[{"embeddable":true,"href":"https:\/\/magneticslots.net\/pl\/wp-json\/wp\/v2\/comments?post=1434"}],"version-history":[{"count":2,"href":"https:\/\/magneticslots.net\/pl\/wp-json\/wp\/v2\/pages\/1434\/revisions"}],"predecessor-version":[{"id":1806,"href":"https:\/\/magneticslots.net\/pl\/wp-json\/wp\/v2\/pages\/1434\/revisions\/1806"}],"wp:attachment":[{"href":"https:\/\/magneticslots.net\/pl\/wp-json\/wp\/v2\/media?parent=1434"}],"curies":[{"name":"wp","href":"https:\/\/api.w.org\/{rel}","templated":true}]}}