{"id":1477,"date":"2025-12-20T08:57:03","date_gmt":"2025-12-20T08:57:03","guid":{"rendered":"https:\/\/magneticslots.net\/login-and-registration\/"},"modified":"2025-12-20T12:49:34","modified_gmt":"2025-12-20T12:49:34","slug":"accesso-e-registrazione","status":"publish","type":"page","link":"https:\/\/magneticslots.net\/it\/accesso-e-registrazione\/","title":{"rendered":"Accesso e registrazione"},"content":{"rendered":"<h1>Accesso a Magneticslots: Registrazione e controllo dell&#8217;account<\/h1>\n<p>Solo un passo separa gli utenti italiani dai giochi con soldi veri: il Magneticslots login. Dopo aver creato un account, avrai a disposizione non solo migliaia di titoli diversi, ma anche bonus, tornei, pagamenti e assistenza clienti. Per registrarsi su Magneticslots Casino, i giocatori devono avere almeno 18 anni. La procedura richiede solo pochi minuti.<\/p>\n<p><div class=\"banner-wrap\" aria-label=\"Banner\"><img src=\"https:\/\/magneticslots.net\/wp-content\/uploads\/2025\/12\/header-bg-1.webp\" class=\"w-100 d-none d-lg-block img-pc main-banner-img\" alt=\"Magneticslots banner desktop\" fetchpriority=\"high\" decoding=\"async\"><img src=\"https:\/\/magneticslots.net\/wp-content\/uploads\/2025\/12\/MagneticSlots-mobile-banner.webp\" class=\"w-100 d-none d-md-block d-lg-none main-banner-img\" alt=\"Magneticslots banner mobile\" fetchpriority=\"high\" decoding=\"async\"><img src=\"https:\/\/magneticslots.net\/wp-content\/uploads\/2025\/12\/MagneticSlots-mobile-banner.webp\" class=\"w-100 d-md-none\" alt=\"Magneticslots banner mobile\" fetchpriority=\"high\" decoding=\"async\"><div class=\"banner-description\">\n<div class=\"banner-title\">Bonus di benvenuto<\/div>\n<p class=\"banner-header-title\">1500 \u20ac<\/p>\n<div class=\"banner-header-AdditionalText\">+ 250 Giri gratuiti<\/div>\n<button data-item=\"homepage_banner_link\" class=\"goto m-button m-gradient-border m-button--primary m-button--large banner-button btn-orange\">\n            <div class=\"m-button-content\">\n                <span>Iscriviti ora<\/span>\n                <span><\/span>\n            <\/div>\n        <\/button>\n<\/div>\n<div class=\"WelcomePack\">\n<p><img loading=\"lazy\" decoding=\"async\" class=\"alignnone size-full wp-image-1338\" src=\"https:\/\/magneticslots.net\/wp-content\/uploads\/2025\/12\/welcome-crown.svg\" alt=\"crown\" width=\"25\" height=\"26\" \/><\/p>\n<div class=\"WelcomePack-Info\">Cashback settimanale fino al 25%<\/div>\n<p><img loading=\"lazy\" decoding=\"async\" class=\"alignnone size-full wp-image-1338\" src=\"https:\/\/magneticslots.net\/wp-content\/uploads\/2025\/12\/welcome-crown.svg\" alt=\"crown\" width=\"25\" height=\"26\" \/><\/p>\n<\/div>\n<\/div><div class=\"scrollable-content-wrap my-5\"><div class=\"scrollable-content-inner\"><h2>Registrazione di nuovi giocatori su Magnetic Slots Casino<\/h2>\n<p>Per iniziare la tua avventura in un casin\u00f2 online, devi solo registrarti. Senza un account su Magnetic Slots Casino, puoi giocare ad alcuni titoli in modalit\u00e0 demo. Il processo di registrazione \u00e8 stato progettato per essere semplice, anche per i principianti. Ti chiediamo solo le informazioni essenziali, come il tuo indirizzo e-mail e la password.<\/p>\n<p>Dopo la registrazione, potrai divertirti con oltre 6.000 titoli e approfittare di numerose offerte bonus su Magneticslots. Per creare un nuovo account, segui le nostre linee guida riportate di seguito:<\/p>\n<ol>\n<li>Clicca sul pulsante &#8220;Registrati&#8221; nella pagina principale. Si trova nell&#8217;angolo in alto a destra.<\/li>\n<li>Inserisci il tuo indirizzo e-mail e la password. Assicurati che la password sia sicura.<\/li>\n<li>Conferma i termini e le condizioni della piattaforma e dichiara di avere almeno 18 anni.<\/li>\n<li>Dopo aver ricontrollato le informazioni inserite, clicca su &#8220;Registrati&#8221;.<\/li>\n<li>Compila il modulo con il tuo nome completo, la data di nascita, l&#8217;indirizzo di residenza e la valuta. Puoi saltare questo passaggio e completarlo in un secondo momento.<\/li>\n<li>Clicca su &#8220;Salva&#8221; per confermare le informazioni inserite. Se necessario, puoi modificare queste informazioni nelle impostazioni del tuo profilo personale.<\/li>\n<\/ol>\n<h2>Accesso e gestione dell&#8217;account Magneticslots<\/h2>\n<p>Se hai gi\u00e0 un account, devi solo completare la procedura di accesso a Magneticslots. A tal fine, devi utilizzare le informazioni personali che hai inserito al momento della registrazione. Nella tabella sottostante troverai le istruzioni dettagliate per accedere al tuo account.<\/p>\n<table>\n<tbody>\n<tr>\n<td>Passo<\/td>\n<td>Dettagli<\/td>\n<\/tr>\n<tr>\n<td>Clicca sul pulsante &#8220;Accedi&#8221;<\/td>\n<td>Si trova nell&#8217;angolo in alto a destra del sito web.<\/td>\n<\/tr>\n<tr>\n<td>Inserisci le tue credenziali<\/td>\n<td>Compila i campi con l&#8217;indirizzo e-mail e la password che hai utilizzato al momento della registrazione.<\/td>\n<\/tr>\n<tr>\n<td>Completa l&#8217;autenticazione a due fattori (se abilitata)<\/td>\n<td>Se hai impostato l&#8217;autenticazione a due fattori, devi inserire il codice di verifica che \u00e8 stato inviato al tuo telefono o all&#8217;app di autenticazione.<\/td>\n<\/tr>\n<tr>\n<td>Invia il modulo<\/td>\n<td>Clicca sul pulsante &#8220;Accedi&#8221; per accedere al tuo account.<\/td>\n<\/tr>\n<tr>\n<td>Risolvi i problemi se necessario<\/td>\n<td>Se non riesci ad accedere, utilizza la funzione &#8220;Password dimenticata&#8221; o contatta il nostro team di assistenza multilingue per ricevere aiuto.<\/td>\n<\/tr>\n<\/tbody>\n<\/table>\n<h3>Hai dimenticato la password?<\/h3>\n<p>Quando crei una password complessa per l&#8217;account Magneticslots, c&#8217;\u00e8 sempre la possibilit\u00e0 che a un certo punto tu la dimentichi. Ma questo non significa che devi creare un nuovo profilo. Abbiamo una soluzione per te. Ogni utente pu\u00f2 modificare la propria password tramite il modulo Magneticslots login. Basta cliccare sul link &#8220;Hai dimenticato la password?&#8221;, inserire il tuo indirizzo e-mail e ti invieremo il link per reimpostare la password entro un minuto. Assicurati di aver inserito l&#8217;indirizzo e-mail che hai utilizzato al momento della registrazione.<\/p>\n<h3>Magnetic Slots Casino: Sicurezza e verifica dell&#8217;account<\/h3>\n<p>La tua sicurezza \u00e8 la nostra priorit\u00e0 principale. Oltre a proteggere tutti i tuoi dati con la crittografia SSL e a seguire tutte le normative necessarie, ti diamo anche la possibilit\u00e0 di impostare misure di sicurezza aggiuntive. Dopo aver completato il processo di accesso a Magneticslots, puoi anche impostare l&#8217;autenticazione a due fattori.<\/p>\n<p>Per garantire la sicurezza della piattaforma e prevenire le frodi, chiediamo a tutti i nostri clienti di completare la procedura di verifica. Ci\u00f2 significa che dovrai caricare copie o foto dei tuoi documenti personali per verificare la tua identit\u00e0, et\u00e0, indirizzo di residenza e titolarit\u00e0 del conto di pagamento. I nostri responsabili esamineranno i documenti caricati entro 48 ore e ti risponderanno.<\/p>\n<h2>Domande frequenti<\/h2>\n<h3>Quando provo ad accedere al mio account, ricevo un messaggio che mi informa che \u00e8 stato bloccato. Cosa devo fare?<\/h3>\n<p>Ti inviamo sempre un&#8217;e-mail con una spiegazione e ulteriori informazioni sul blocco del tuo account. Se non hai ricevuto nulla, contatta il nostro team di assistenza.<\/p>\n<h3>Come aggiornare la password o l&#8217;indirizzo e-mail?<\/h3>\n<p>Gli utenti di Magneticslots hanno la possibilit\u00e0 di modificare le loro informazioni personali o di pagamento in qualsiasi momento. \u00c8 possibile farlo nelle impostazioni dell&#8217;account in pochi minuti.<\/p>\n<h3>Posso chiudere o sospendere temporaneamente il mio account?<\/h3>\n<p>Per chiudere o bloccare temporaneamente il tuo account, devi inviarci un&#8217;e-mail o inviare una richiesta tramite live chat. I nostri manager professionisti di Magnetic Slots Casino adotteranno tutte le misure necessarie e ti forniranno ulteriori informazioni sulla riapertura del tuo account.<\/p>\n<\/div><\/div><\/p>\n","protected":false},"excerpt":{"rendered":"<p>Accesso a Magneticslots: Registrazione e controllo dell&#8217;account Solo un passo separa gli utenti italiani dai giochi con soldi veri: il Magneticslots login. Dopo aver creato un account, avrai a disposizione non solo migliaia di titoli diversi, ma anche bonus, tornei, pagamenti e assistenza clienti. Per registrarsi su Magneticslots Casino, i giocatori devono avere almeno 18 [&hellip;]<\/p>\n","protected":false},"author":1,"featured_media":0,"parent":0,"menu_order":0,"comment_status":"closed","ping_status":"closed","template":"template-builder.php","meta":{"_acf_changed":false,"inline_featured_image":false,"footnotes":""},"class_list":["post-1477","page","type-page","status-publish","hentry"],"acf":[],"yoast_head":"<!-- This site is optimized with the Yoast SEO plugin v27.3 - https:\/\/yoast.com\/product\/yoast-seo-wordpress\/ -->\n<title>Magneticslots login e registrazione<\/title>\n<meta name=\"description\" content=\"Crea, gestisci e verifica il tuo account Magneticslots Casino senza alcuno sforzo. Approfitta della registrazione rapida, del facile recupero dell&#039;account e della chiusura sicura con Magneticslots Login, che protegge il tuo account 24 ore su 24.\" \/>\n<meta name=\"robots\" content=\"index, follow, max-snippet:-1, max-image-preview:large, max-video-preview:-1\" \/>\n<link rel=\"canonical\" href=\"https:\/\/magneticslots.net\/it\/accesso-e-registrazione\/\" \/>\n<meta property=\"og:locale\" content=\"it_IT\" \/>\n<meta property=\"og:type\" content=\"article\" \/>\n<meta property=\"og:title\" content=\"Magneticslots login e registrazione\" \/>\n<meta property=\"og:description\" content=\"Crea, gestisci e verifica il tuo account Magneticslots Casino senza alcuno sforzo. Approfitta della registrazione rapida, del facile recupero dell&#039;account e della chiusura sicura con Magneticslots Login, che protegge il tuo account 24 ore su 24.\" \/>\n<meta property=\"og:url\" content=\"https:\/\/magneticslots.net\/it\/accesso-e-registrazione\/\" \/>\n<meta property=\"og:site_name\" content=\"magneticslots\" \/>\n<meta property=\"article:modified_time\" content=\"2025-12-20T12:49:34+00:00\" \/>\n<meta name=\"twitter:card\" content=\"summary_large_image\" \/>\n<meta name=\"twitter:label1\" content=\"Est. reading time\" \/>\n\t<meta name=\"twitter:data1\" content=\"1 minuto\" \/>\n<script type=\"application\/ld+json\" class=\"yoast-schema-graph\">{\"@context\":\"https:\\\/\\\/schema.org\",\"@graph\":[{\"@type\":\"WebPage\",\"@id\":\"https:\\\/\\\/magneticslots.net\\\/it\\\/accesso-e-registrazione\\\/\",\"url\":\"https:\\\/\\\/magneticslots.net\\\/it\\\/accesso-e-registrazione\\\/\",\"name\":\"Magneticslots login e registrazione\",\"isPartOf\":{\"@id\":\"https:\\\/\\\/magneticslots.net\\\/it\\\/#website\"},\"datePublished\":\"2025-12-20T08:57:03+00:00\",\"dateModified\":\"2025-12-20T12:49:34+00:00\",\"description\":\"Crea, gestisci e verifica il tuo account Magneticslots Casino senza alcuno sforzo. Approfitta della registrazione rapida, del facile recupero dell'account e della chiusura sicura con Magneticslots Login, che protegge il tuo account 24 ore su 24.\",\"breadcrumb\":{\"@id\":\"https:\\\/\\\/magneticslots.net\\\/it\\\/accesso-e-registrazione\\\/#breadcrumb\"},\"inLanguage\":\"it-IT\",\"potentialAction\":[{\"@type\":\"ReadAction\",\"target\":[\"https:\\\/\\\/magneticslots.net\\\/it\\\/accesso-e-registrazione\\\/\"]}]},{\"@type\":\"BreadcrumbList\",\"@id\":\"https:\\\/\\\/magneticslots.net\\\/it\\\/accesso-e-registrazione\\\/#breadcrumb\",\"itemListElement\":[{\"@type\":\"ListItem\",\"position\":1,\"name\":\"Magneticslots\",\"item\":\"https:\\\/\\\/magneticslots.net\\\/it\\\/\"},{\"@type\":\"ListItem\",\"position\":2,\"name\":\"Accesso e registrazione\"}]},{\"@type\":\"WebSite\",\"@id\":\"https:\\\/\\\/magneticslots.net\\\/it\\\/#website\",\"url\":\"https:\\\/\\\/magneticslots.net\\\/it\\\/\",\"name\":\"Magneticslots\",\"description\":\"\",\"publisher\":{\"@id\":\"https:\\\/\\\/magneticslots.net\\\/it\\\/#organization\"},\"potentialAction\":[{\"@type\":\"SearchAction\",\"target\":{\"@type\":\"EntryPoint\",\"urlTemplate\":\"https:\\\/\\\/magneticslots.net\\\/it\\\/?s={search_term_string}\"},\"query-input\":{\"@type\":\"PropertyValueSpecification\",\"valueRequired\":true,\"valueName\":\"search_term_string\"}}],\"inLanguage\":\"it-IT\"},{\"@type\":\"Organization\",\"@id\":\"https:\\\/\\\/magneticslots.net\\\/it\\\/#organization\",\"name\":\"Magneticslots\",\"url\":\"https:\\\/\\\/magneticslots.net\\\/it\\\/\",\"logo\":{\"@type\":\"ImageObject\",\"inLanguage\":\"it-IT\",\"@id\":\"https:\\\/\\\/magneticslots.net\\\/it\\\/#\\\/schema\\\/logo\\\/image\\\/\",\"url\":\"https:\\\/\\\/magneticslots.net\\\/wp-content\\\/uploads\\\/2025\\\/12\\\/logo.svg\",\"contentUrl\":\"https:\\\/\\\/magneticslots.net\\\/wp-content\\\/uploads\\\/2025\\\/12\\\/logo.svg\",\"width\":160,\"height\":27,\"caption\":\"Magneticslots\"},\"image\":{\"@id\":\"https:\\\/\\\/magneticslots.net\\\/it\\\/#\\\/schema\\\/logo\\\/image\\\/\"}}]}<\/script>\n<!-- \/ Yoast SEO plugin. -->","yoast_head_json":{"title":"Magneticslots login e registrazione","description":"Crea, gestisci e verifica il tuo account Magneticslots Casino senza alcuno sforzo. Approfitta della registrazione rapida, del facile recupero dell'account e della chiusura sicura con Magneticslots Login, che protegge il tuo account 24 ore su 24.","robots":{"index":"index","follow":"follow","max-snippet":"max-snippet:-1","max-image-preview":"max-image-preview:large","max-video-preview":"max-video-preview:-1"},"canonical":"https:\/\/magneticslots.net\/it\/accesso-e-registrazione\/","og_locale":"it_IT","og_type":"article","og_title":"Magneticslots login e registrazione","og_description":"Crea, gestisci e verifica il tuo account Magneticslots Casino senza alcuno sforzo. Approfitta della registrazione rapida, del facile recupero dell'account e della chiusura sicura con Magneticslots Login, che protegge il tuo account 24 ore su 24.","og_url":"https:\/\/magneticslots.net\/it\/accesso-e-registrazione\/","og_site_name":"magneticslots","article_modified_time":"2025-12-20T12:49:34+00:00","twitter_card":"summary_large_image","twitter_misc":{"Est. reading time":"1 minuto"},"schema":{"@context":"https:\/\/schema.org","@graph":[{"@type":"WebPage","@id":"https:\/\/magneticslots.net\/it\/accesso-e-registrazione\/","url":"https:\/\/magneticslots.net\/it\/accesso-e-registrazione\/","name":"Magneticslots login e registrazione","isPartOf":{"@id":"https:\/\/magneticslots.net\/it\/#website"},"datePublished":"2025-12-20T08:57:03+00:00","dateModified":"2025-12-20T12:49:34+00:00","description":"Crea, gestisci e verifica il tuo account Magneticslots Casino senza alcuno sforzo. Approfitta della registrazione rapida, del facile recupero dell'account e della chiusura sicura con Magneticslots Login, che protegge il tuo account 24 ore su 24.","breadcrumb":{"@id":"https:\/\/magneticslots.net\/it\/accesso-e-registrazione\/#breadcrumb"},"inLanguage":"it-IT","potentialAction":[{"@type":"ReadAction","target":["https:\/\/magneticslots.net\/it\/accesso-e-registrazione\/"]}]},{"@type":"BreadcrumbList","@id":"https:\/\/magneticslots.net\/it\/accesso-e-registrazione\/#breadcrumb","itemListElement":[{"@type":"ListItem","position":1,"name":"Magneticslots","item":"https:\/\/magneticslots.net\/it\/"},{"@type":"ListItem","position":2,"name":"Accesso e registrazione"}]},{"@type":"WebSite","@id":"https:\/\/magneticslots.net\/it\/#website","url":"https:\/\/magneticslots.net\/it\/","name":"Magneticslots","description":"","publisher":{"@id":"https:\/\/magneticslots.net\/it\/#organization"},"potentialAction":[{"@type":"SearchAction","target":{"@type":"EntryPoint","urlTemplate":"https:\/\/magneticslots.net\/it\/?s={search_term_string}"},"query-input":{"@type":"PropertyValueSpecification","valueRequired":true,"valueName":"search_term_string"}}],"inLanguage":"it-IT"},{"@type":"Organization","@id":"https:\/\/magneticslots.net\/it\/#organization","name":"Magneticslots","url":"https:\/\/magneticslots.net\/it\/","logo":{"@type":"ImageObject","inLanguage":"it-IT","@id":"https:\/\/magneticslots.net\/it\/#\/schema\/logo\/image\/","url":"https:\/\/magneticslots.net\/wp-content\/uploads\/2025\/12\/logo.svg","contentUrl":"https:\/\/magneticslots.net\/wp-content\/uploads\/2025\/12\/logo.svg","width":160,"height":27,"caption":"Magneticslots"},"image":{"@id":"https:\/\/magneticslots.net\/it\/#\/schema\/logo\/image\/"}}]}},"_links":{"self":[{"href":"https:\/\/magneticslots.net\/it\/wp-json\/wp\/v2\/pages\/1477","targetHints":{"allow":["GET"]}}],"collection":[{"href":"https:\/\/magneticslots.net\/it\/wp-json\/wp\/v2\/pages"}],"about":[{"href":"https:\/\/magneticslots.net\/it\/wp-json\/wp\/v2\/types\/page"}],"author":[{"embeddable":true,"href":"https:\/\/magneticslots.net\/it\/wp-json\/wp\/v2\/users\/1"}],"replies":[{"embeddable":true,"href":"https:\/\/magneticslots.net\/it\/wp-json\/wp\/v2\/comments?post=1477"}],"version-history":[{"count":2,"href":"https:\/\/magneticslots.net\/it\/wp-json\/wp\/v2\/pages\/1477\/revisions"}],"predecessor-version":[{"id":1766,"href":"https:\/\/magneticslots.net\/it\/wp-json\/wp\/v2\/pages\/1477\/revisions\/1766"}],"wp:attachment":[{"href":"https:\/\/magneticslots.net\/it\/wp-json\/wp\/v2\/media?parent=1477"}],"curies":[{"name":"wp","href":"https:\/\/api.w.org\/{rel}","templated":true}]}}