{"id":1432,"date":"2025-12-20T08:52:32","date_gmt":"2025-12-20T08:52:32","guid":{"rendered":"https:\/\/magneticslots.net\/app\/"},"modified":"2025-12-20T12:30:03","modified_gmt":"2025-12-20T12:30:03","slug":"applicazione","status":"publish","type":"page","link":"https:\/\/magneticslots.net\/it\/applicazione\/","title":{"rendered":"Applicazione"},"content":{"rendered":"<h1>Magneticslots app di gioco<\/h1>\n<p>Tutti i siti web moderni e le fonti Internet dispongono ora di una versione mobile e noi non facciamo eccezione con Magneticslots App. Essa rende la vita degli utenti italiani molto pi\u00f9 flessibile. Ecco perch\u00e9 abbiamo sviluppato un comodo software mobile per Android e iOS. \u00c8 possibile scaricarlo dal nostro sito web in pochi minuti. Nel software mobile troverete gli stessi titoli e le stesse funzionalit\u00e0 della versione desktop principale.<\/p>\n<div class=\"banner-wrap\" aria-label=\"Banner\"><img src=\"https:\/\/magneticslots.net\/wp-content\/uploads\/2025\/12\/header-bg-1.webp\" class=\"w-100 d-none d-lg-block img-pc main-banner-img\" alt=\"Magneticslots banner desktop\" fetchpriority=\"high\" decoding=\"async\"><img src=\"https:\/\/magneticslots.net\/wp-content\/uploads\/2025\/12\/MagneticSlots-mobile-banner.webp\" class=\"w-100 d-none d-md-block d-lg-none main-banner-img\" alt=\"Magneticslots banner mobile\" fetchpriority=\"high\" decoding=\"async\"><img src=\"https:\/\/magneticslots.net\/wp-content\/uploads\/2025\/12\/MagneticSlots-mobile-banner.webp\" class=\"w-100 d-md-none\" alt=\"Magneticslots banner mobile\" fetchpriority=\"high\" decoding=\"async\"><div class=\"banner-description\">\n<div class=\"banner-title\">Bonus di benvenuto<\/div>\n<p class=\"banner-header-title\">1500 \u20ac<\/p>\n<div class=\"banner-header-AdditionalText\">+ 250 Giri gratuiti<\/div>\n<button data-item=\"homepage_banner_link\" class=\"goto m-button m-gradient-border m-button--primary m-button--large banner-button btn-orange\">\n            <div class=\"m-button-content\">\n                <span>Iscriviti ora<\/span>\n                <span><\/span>\n            <\/div>\n        <\/button>\n<\/div>\n<div class=\"WelcomePack\">\n<p><img loading=\"lazy\" decoding=\"async\" class=\"alignnone size-full wp-image-1338\" src=\"https:\/\/magneticslots.net\/wp-content\/uploads\/2025\/12\/welcome-crown.svg\" alt=\"crown\" width=\"25\" height=\"26\" \/><\/p>\n<div class=\"WelcomePack-Info\">Cashback settimanale fino al 25%<\/div>\n<p><img loading=\"lazy\" decoding=\"async\" class=\"alignnone size-full wp-image-1338\" src=\"https:\/\/magneticslots.net\/wp-content\/uploads\/2025\/12\/welcome-crown.svg\" alt=\"crown\" width=\"25\" height=\"26\" \/><\/p>\n<\/div>\n<\/div>\n<h2>Magneticslots con app mobile<\/h2>\n<p>Con Magnetic Slots Casino, puoi giocare ai tuoi giochi preferiti ovunque ti trovi. Ti servono solo un dispositivo mobile e una connessione Internet stabile. Gli utenti hanno accesso all&#8217;intera collezione di giochi, ai pagamenti, ai bonus, al servizio clienti e molto altro ancora. Nel casin\u00f2 mobile, puoi completare facilmente la procedura di registrazione o effettuare il login. Tutte queste caratteristiche ti garantiranno una fantastica esperienza di gioco quando sceglierai l&#8217;app Magneticslots.<\/p>\n<p>I giocatori di Magneticslots possono utilizzare il casin\u00f2 in diversi modi da smartphone o tablet. \u00c8 disponibile una comoda versione per browser mobile, ottimizzata per gli schermi pi\u00f9 piccoli dei dispositivi mobili. Inoltre, offriamo l&#8217;app Magneticslots, che ti offre un&#8217;esperienza ancora pi\u00f9 personalizzata. Entrambe le opzioni funzionano in modo fluido e veloce. Sta solo a te decidere quale scegliere.<\/p>\n<p><div class=\"scrollable-content-wrap my-5\"><div class=\"scrollable-content-inner\"><h2>Magneticslots Casino app Android<\/h2>\n<p>Avere un dispositivo Android ti d\u00e0 la possibilit\u00e0 di goderti il gioco in qualsiasi situazione. Noi ti offriamo non solo una parte delle opportunit\u00e0, ma l&#8217;esperienza completa. Nell&#8217;app Magneticslots, avrai accesso a oltre 6.000 titoli di diverse categorie e generi.<\/p>\n<p>Il nostro software mobile \u00e8 sviluppato come applicazione web progressiva (PWA). Ci\u00f2 significa che non \u00e8 necessario scaricare alcun file sconosciuto Magneticslots APK sul proprio dispositivo. L&#8217;installazione \u00e8 semplice e richiede solo 3 minuti. Basta andare in fondo alla pagina del nostro sito web e cliccare sul pulsante \u201cCasino App\u201d per avviare l&#8217;installazione. Una volta completata, l&#8217;applicazione apparir\u00e0 sulla schermata iniziale.<\/p>\n<p>Gli utenti possono anche divertirsi con Magnetic Slots Casino nella versione browser. Per un accesso pi\u00f9 rapido, \u00e8 possibile installare l&#8217;icona di collegamento. Ci\u00f2 pu\u00f2 essere fatto in qualsiasi browser moderno da uno smartphone o un tablet.<\/p>\n<table>\n<tbody>\n<tr>\n<td>Passo<\/td>\n<td>Dettagli<\/td>\n<\/tr>\n<tr>\n<td>Apri il browser del tuo cellulare<\/td>\n<td>Avvia Google Chrome o un altro browser supportato sul tuo dispositivo Android e visita il sito web del casin\u00f2.<\/td>\n<\/tr>\n<tr>\n<td>Vai alla homepage<\/td>\n<td>Assicurati di trovarti nella pagina principale Magneticslots affinch\u00e9 l&#8217;opzione di collegamento rapido possa essere attivata correttamente.<\/td>\n<\/tr>\n<tr>\n<td>Apri il menu del browser<\/td>\n<td>Tocca il menu con i tre puntini nell&#8217;angolo in alto a destra di Chrome per accedere alle opzioni aggiuntive.<\/td>\n<\/tr>\n<tr>\n<td>Seleziona \u201cAggiungi alla schermata iniziale\u201d<\/td>\n<td>Seleziona l&#8217;opzione \u201cAggiungi alla schermata iniziale\u201d dal menu per iniziare a creare l&#8217;icona di collegamento.<\/td>\n<\/tr>\n<tr>\n<td>Conferma nome e icona<\/td>\n<td>Controlla il nome del collegamento suggerito e modificalo se necessario. L&#8217;anteprima dell&#8217;icona verr\u00e0 visualizzata automaticamente.<\/td>\n<\/tr>\n<tr>\n<td>Clicca su \u201cAggiungi\u201d<\/td>\n<td>Conferma l&#8217;azione toccando \u201cAggiungi\u201d. Il dispositivo potrebbe chiederti se desideri posizionarlo manualmente o automaticamente.<\/td>\n<\/tr>\n<\/tbody>\n<\/table>\n<p><img loading=\"lazy\" decoding=\"async\" src=\"https:\/\/magneticslots.net\/wp-content\/uploads\/2025\/12\/MagneticSlots-Android.webp\" alt=\"MagneticSlots Android\" width=\"1248\" height=\"536\" \/><\/p>\n<\/div><\/div><div style=\"clear: both\"><\/div><div class=\"d-flex justify-content-center\"><button data-item=\"decouvrez_link\" data-group=\"website_links\" class=\"goto fw-bold rounded-pill btn btn-orange\" aria-label=\"Scarica l&#039;app MagneticSlots\" >Scarica l&#039;app MagneticSlots<\/button><\/div><div class=\"scrollable-content-wrap my-5\"><div class=\"scrollable-content-inner\"><h2>Magneticslots Casino app iOS<\/h2>\n<p>Gli utenti iOS non sono inoltre limitati alla propria abitazione o alla posizione del computer. La versione mobile e il software consentono a tutti di giocare ovunque si trovino. A causa delle restrizioni dell&#8217;App Store sui software di gioco d&#8217;azzardo, \u00e8 possibile scaricare l&#8217;app Magneticslots dal nostro sito web ufficiale. Si consiglia di evitare l&#8217;installazione da siti web di terze parti, poich\u00e9 potrebbe non essere sicuro per il proprio dispositivo.<\/p>\n<p>Se non sei sicuro del software, puoi iniziare con la versione browser. Offre lo stesso design, la stessa navigazione e gli stessi giochi della versione desktop. Tuttavia, i pulsanti sono pi\u00f9 grandi, \u00e8 presente una funzione di scorrimento e scorrimento laterale e i comandi di gioco sono ottimizzati per il touch. Se preferisci accedere rapidamente a Magneticslots Casino tramite l&#8217;app, segui le istruzioni riportate nella tabella sottostante.<\/p>\n<table>\n<tbody>\n<tr>\n<td>Passo<\/td>\n<td>Dettagli<\/td>\n<\/tr>\n<tr>\n<td>Apri il browser Safari<\/td>\n<td>Avvia Safari sul tuo iPhone o iPad e vai al sito web del casin\u00f2.<\/td>\n<\/tr>\n<tr>\n<td>Vai al pi\u00e8 di pagina e clicca su \u201cApp Casin\u00f2\u201d.<\/td>\n<td>Assicurati di trovarti nella pagina principale Magnetic Slots, dove \u00e8 disponibile il link per l&#8217;installazione della PWA.<\/td>\n<\/tr>\n<tr>\n<td>Installa la PWA<\/td>\n<td>Tocca \u201cInstalla\u201d al centro dello schermo. La PWA verr\u00e0 installata in pochi minuti e apparir\u00e0 sulla schermata iniziale.<\/td>\n<\/tr>\n<tr>\n<td>Avvia e gioca<\/td>\n<td>Apri l&#8217;app Magneticslots dalla schermata iniziale, accedi al tuo account e inizia a giocare.<\/td>\n<\/tr>\n<\/tbody>\n<\/table>\n<p><img loading=\"lazy\" decoding=\"async\" src=\"https:\/\/magneticslots.net\/wp-content\/uploads\/2025\/12\/MagneticSlots-iOS.webp\" alt=\"MagneticSlots iOS\" width=\"1248\" height=\"536\" \/><\/p>\n<\/div><\/div><div style=\"clear: both\"><\/div><div class=\"d-flex justify-content-center\"><button data-item=\"decouvrez_link\" data-group=\"website_links\" class=\"goto fw-bold rounded-pill btn btn-orange\" aria-label=\"Scarica MagneticSlots\" >Scarica MagneticSlots<\/button><\/div><div class=\"scrollable-content-wrap my-5\"><div class=\"scrollable-content-inner\"><h2>Scarica le app per Windows e macOS<\/h2>\n<p>Nel descrivere tutte le opzioni mobili, non abbiamo dimenticato la nostra versione desktop. Comprendiamo che per alcuni utenti \u00e8 importante avere uno schermo grande e l&#8217;atmosfera rilassata di casa. Gli utenti di Magneticslots Casino possono utilizzare la versione browser o scaricare il software desktop. La seconda opzione offre un&#8217;esperienza pi\u00f9 personalizzata insieme ai seguenti vantaggi:<\/p>\n<ul>\n<li>Prestazioni pi\u00f9 veloci<\/li>\n<li>Grafica e audio migliorati<\/li>\n<li>Gameplay stabile<\/li>\n<li>Accesso immediato<\/li>\n<li>Funzionalit\u00e0 esclusive e bonus<\/li>\n<\/ul>\n<p><img loading=\"lazy\" decoding=\"async\" src=\"https:\/\/magneticslots.net\/wp-content\/uploads\/2025\/12\/MagneticSlots-Desktop.webp\" alt=\"MagneticSlots Desktop\" width=\"1248\" height=\"536\" \/><\/p>\n<\/div><\/div><div style=\"clear: both\"><\/div><div class=\"d-flex justify-content-center\"><button data-item=\"decouvrez_link\" data-group=\"website_links\" class=\"goto fw-bold rounded-pill btn btn-orange\" aria-label=\"Scarica l&#039;app MagneticSlots\" >Scarica l&#039;app MagneticSlots<\/button><\/div><div class=\"scrollable-content-wrap my-5\"><div class=\"scrollable-content-inner\"><h2>Domande frequenti<\/h2>\n<h3>L&#8217;app Magnetic Slots Casino offre assistenza clienti?<\/h3>\n<p>Il team di assistenza \u00e8 una parte molto importante di qualsiasi casin\u00f2 online. Nella nostra app troverai una chat live dove i nostri responsabili ti aiuteranno in pochi minuti. Puoi anche contattarci via e-mail per spiegazioni pi\u00f9 dettagliate.<\/p>\n<h3>\u00c8 necessario creare un account per utilizzare l&#8217;app Magnetic Slots?<\/h3>\n<p>Per accedere a tutte le funzionalit\u00e0 e gli strumenti del software mobile Magnetic Slots, \u00e8 necessario creare un account o effettuare il login. Ma non preoccuparti, gli utenti possono registrarsi e completare il processo di verifica direttamente nell&#8217;app in pochi minuti.<\/p>\n<h3>Tutti i giochi sono disponibili nell&#8217;app?<\/h3>\n<p>La nostra intera collezione di giochi, con oltre 6.000 titoli, \u00e8 presentata nell&#8217;app Magneticslots. Troverai tutte le tue slot online preferite, giochi da tavolo, opzioni con croupier dal vivo e giochi crash. Sono sviluppati in modo tale da adattarsi a qualsiasi dispositivo moderno.<\/p>\n<h3>Come posso aggiornare l&#8217;app Magneticslots Casino?<\/h3>\n<p>La PWA si aggiorna automaticamente senza che tu debba fare nulla. Questa \u00e8 una delle tante caratteristiche del nostro software mobile. Se rilasciamo modifiche significative, ti avviseremo se sar\u00e0 necessaria un&#8217;installazione aggiuntiva dal sito web.<\/p>\n<\/div><\/div><\/p>\n","protected":false},"excerpt":{"rendered":"<p>Magneticslots app di gioco Tutti i siti web moderni e le fonti Internet dispongono ora di una versione mobile e noi non facciamo eccezione con Magneticslots App. Essa rende la vita degli utenti italiani molto pi\u00f9 flessibile. Ecco perch\u00e9 abbiamo sviluppato un comodo software mobile per Android e iOS. \u00c8 possibile scaricarlo dal nostro sito [&hellip;]<\/p>\n","protected":false},"author":1,"featured_media":0,"parent":0,"menu_order":0,"comment_status":"closed","ping_status":"closed","template":"template-builder.php","meta":{"_acf_changed":false,"inline_featured_image":false,"footnotes":""},"class_list":["post-1432","page","type-page","status-publish","hentry"],"acf":[],"yoast_head":"<!-- This site is optimized with the Yoast SEO plugin v27.3 - https:\/\/yoast.com\/product\/yoast-seo-wordpress\/ -->\n<title>App Magneticslots | Piattaforme iOS e Android<\/title>\n<meta name=\"description\" content=\"L&#039;app Magneticslots offre un&#039;esperienza di gioco fluida su Android, iOS, Windows e macOS, con account sincronizzati, aggiornamenti regolari e assistenza clienti integrata per un&#039;esperienza senza intoppi.\" \/>\n<meta name=\"robots\" content=\"index, follow, max-snippet:-1, max-image-preview:large, max-video-preview:-1\" \/>\n<link rel=\"canonical\" href=\"https:\/\/magneticslots.net\/it\/applicazione\/\" \/>\n<meta property=\"og:locale\" content=\"it_IT\" \/>\n<meta property=\"og:type\" content=\"article\" \/>\n<meta property=\"og:title\" content=\"App Magneticslots | Piattaforme iOS e Android\" \/>\n<meta property=\"og:description\" content=\"L&#039;app Magneticslots offre un&#039;esperienza di gioco fluida su Android, iOS, Windows e macOS, con account sincronizzati, aggiornamenti regolari e assistenza clienti integrata per un&#039;esperienza senza intoppi.\" \/>\n<meta property=\"og:url\" content=\"https:\/\/magneticslots.net\/it\/applicazione\/\" \/>\n<meta property=\"og:site_name\" content=\"magneticslots\" \/>\n<meta property=\"article:modified_time\" content=\"2025-12-20T12:30:03+00:00\" \/>\n<meta name=\"twitter:card\" content=\"summary_large_image\" \/>\n<meta name=\"twitter:label1\" content=\"Est. reading time\" \/>\n\t<meta name=\"twitter:data1\" content=\"1 minuto\" \/>\n<script type=\"application\/ld+json\" class=\"yoast-schema-graph\">{\"@context\":\"https:\\\/\\\/schema.org\",\"@graph\":[{\"@type\":\"WebPage\",\"@id\":\"https:\\\/\\\/magneticslots.net\\\/it\\\/applicazione\\\/\",\"url\":\"https:\\\/\\\/magneticslots.net\\\/it\\\/applicazione\\\/\",\"name\":\"App Magneticslots | Piattaforme iOS e Android\",\"isPartOf\":{\"@id\":\"https:\\\/\\\/magneticslots.net\\\/it\\\/#website\"},\"datePublished\":\"2025-12-20T08:52:32+00:00\",\"dateModified\":\"2025-12-20T12:30:03+00:00\",\"description\":\"L'app Magneticslots offre un'esperienza di gioco fluida su Android, iOS, Windows e macOS, con account sincronizzati, aggiornamenti regolari e assistenza clienti integrata per un'esperienza senza intoppi.\",\"breadcrumb\":{\"@id\":\"https:\\\/\\\/magneticslots.net\\\/it\\\/applicazione\\\/#breadcrumb\"},\"inLanguage\":\"it-IT\",\"potentialAction\":[{\"@type\":\"ReadAction\",\"target\":[\"https:\\\/\\\/magneticslots.net\\\/it\\\/applicazione\\\/\"]}]},{\"@type\":\"BreadcrumbList\",\"@id\":\"https:\\\/\\\/magneticslots.net\\\/it\\\/applicazione\\\/#breadcrumb\",\"itemListElement\":[{\"@type\":\"ListItem\",\"position\":1,\"name\":\"Magneticslots\",\"item\":\"https:\\\/\\\/magneticslots.net\\\/it\\\/\"},{\"@type\":\"ListItem\",\"position\":2,\"name\":\"Applicazione\"}]},{\"@type\":\"WebSite\",\"@id\":\"https:\\\/\\\/magneticslots.net\\\/it\\\/#website\",\"url\":\"https:\\\/\\\/magneticslots.net\\\/it\\\/\",\"name\":\"Magneticslots\",\"description\":\"\",\"publisher\":{\"@id\":\"https:\\\/\\\/magneticslots.net\\\/it\\\/#organization\"},\"potentialAction\":[{\"@type\":\"SearchAction\",\"target\":{\"@type\":\"EntryPoint\",\"urlTemplate\":\"https:\\\/\\\/magneticslots.net\\\/it\\\/?s={search_term_string}\"},\"query-input\":{\"@type\":\"PropertyValueSpecification\",\"valueRequired\":true,\"valueName\":\"search_term_string\"}}],\"inLanguage\":\"it-IT\"},{\"@type\":\"Organization\",\"@id\":\"https:\\\/\\\/magneticslots.net\\\/it\\\/#organization\",\"name\":\"Magneticslots\",\"url\":\"https:\\\/\\\/magneticslots.net\\\/it\\\/\",\"logo\":{\"@type\":\"ImageObject\",\"inLanguage\":\"it-IT\",\"@id\":\"https:\\\/\\\/magneticslots.net\\\/it\\\/#\\\/schema\\\/logo\\\/image\\\/\",\"url\":\"https:\\\/\\\/magneticslots.net\\\/wp-content\\\/uploads\\\/2025\\\/12\\\/logo.svg\",\"contentUrl\":\"https:\\\/\\\/magneticslots.net\\\/wp-content\\\/uploads\\\/2025\\\/12\\\/logo.svg\",\"width\":160,\"height\":27,\"caption\":\"Magneticslots\"},\"image\":{\"@id\":\"https:\\\/\\\/magneticslots.net\\\/it\\\/#\\\/schema\\\/logo\\\/image\\\/\"}}]}<\/script>\n<!-- \/ Yoast SEO plugin. -->","yoast_head_json":{"title":"App Magneticslots | Piattaforme iOS e Android","description":"L'app Magneticslots offre un'esperienza di gioco fluida su Android, iOS, Windows e macOS, con account sincronizzati, aggiornamenti regolari e assistenza clienti integrata per un'esperienza senza intoppi.","robots":{"index":"index","follow":"follow","max-snippet":"max-snippet:-1","max-image-preview":"max-image-preview:large","max-video-preview":"max-video-preview:-1"},"canonical":"https:\/\/magneticslots.net\/it\/applicazione\/","og_locale":"it_IT","og_type":"article","og_title":"App Magneticslots | Piattaforme iOS e Android","og_description":"L'app Magneticslots offre un'esperienza di gioco fluida su Android, iOS, Windows e macOS, con account sincronizzati, aggiornamenti regolari e assistenza clienti integrata per un'esperienza senza intoppi.","og_url":"https:\/\/magneticslots.net\/it\/applicazione\/","og_site_name":"magneticslots","article_modified_time":"2025-12-20T12:30:03+00:00","twitter_card":"summary_large_image","twitter_misc":{"Est. reading time":"1 minuto"},"schema":{"@context":"https:\/\/schema.org","@graph":[{"@type":"WebPage","@id":"https:\/\/magneticslots.net\/it\/applicazione\/","url":"https:\/\/magneticslots.net\/it\/applicazione\/","name":"App Magneticslots | Piattaforme iOS e Android","isPartOf":{"@id":"https:\/\/magneticslots.net\/it\/#website"},"datePublished":"2025-12-20T08:52:32+00:00","dateModified":"2025-12-20T12:30:03+00:00","description":"L'app Magneticslots offre un'esperienza di gioco fluida su Android, iOS, Windows e macOS, con account sincronizzati, aggiornamenti regolari e assistenza clienti integrata per un'esperienza senza intoppi.","breadcrumb":{"@id":"https:\/\/magneticslots.net\/it\/applicazione\/#breadcrumb"},"inLanguage":"it-IT","potentialAction":[{"@type":"ReadAction","target":["https:\/\/magneticslots.net\/it\/applicazione\/"]}]},{"@type":"BreadcrumbList","@id":"https:\/\/magneticslots.net\/it\/applicazione\/#breadcrumb","itemListElement":[{"@type":"ListItem","position":1,"name":"Magneticslots","item":"https:\/\/magneticslots.net\/it\/"},{"@type":"ListItem","position":2,"name":"Applicazione"}]},{"@type":"WebSite","@id":"https:\/\/magneticslots.net\/it\/#website","url":"https:\/\/magneticslots.net\/it\/","name":"Magneticslots","description":"","publisher":{"@id":"https:\/\/magneticslots.net\/it\/#organization"},"potentialAction":[{"@type":"SearchAction","target":{"@type":"EntryPoint","urlTemplate":"https:\/\/magneticslots.net\/it\/?s={search_term_string}"},"query-input":{"@type":"PropertyValueSpecification","valueRequired":true,"valueName":"search_term_string"}}],"inLanguage":"it-IT"},{"@type":"Organization","@id":"https:\/\/magneticslots.net\/it\/#organization","name":"Magneticslots","url":"https:\/\/magneticslots.net\/it\/","logo":{"@type":"ImageObject","inLanguage":"it-IT","@id":"https:\/\/magneticslots.net\/it\/#\/schema\/logo\/image\/","url":"https:\/\/magneticslots.net\/wp-content\/uploads\/2025\/12\/logo.svg","contentUrl":"https:\/\/magneticslots.net\/wp-content\/uploads\/2025\/12\/logo.svg","width":160,"height":27,"caption":"Magneticslots"},"image":{"@id":"https:\/\/magneticslots.net\/it\/#\/schema\/logo\/image\/"}}]}},"_links":{"self":[{"href":"https:\/\/magneticslots.net\/it\/wp-json\/wp\/v2\/pages\/1432","targetHints":{"allow":["GET"]}}],"collection":[{"href":"https:\/\/magneticslots.net\/it\/wp-json\/wp\/v2\/pages"}],"about":[{"href":"https:\/\/magneticslots.net\/it\/wp-json\/wp\/v2\/types\/page"}],"author":[{"embeddable":true,"href":"https:\/\/magneticslots.net\/it\/wp-json\/wp\/v2\/users\/1"}],"replies":[{"embeddable":true,"href":"https:\/\/magneticslots.net\/it\/wp-json\/wp\/v2\/comments?post=1432"}],"version-history":[{"count":2,"href":"https:\/\/magneticslots.net\/it\/wp-json\/wp\/v2\/pages\/1432\/revisions"}],"predecessor-version":[{"id":1751,"href":"https:\/\/magneticslots.net\/it\/wp-json\/wp\/v2\/pages\/1432\/revisions\/1751"}],"wp:attachment":[{"href":"https:\/\/magneticslots.net\/it\/wp-json\/wp\/v2\/media?parent=1432"}],"curies":[{"name":"wp","href":"https:\/\/api.w.org\/{rel}","templated":true}]}}