{"id":1474,"date":"2025-12-20T08:57:03","date_gmt":"2025-12-20T08:57:03","guid":{"rendered":"https:\/\/magneticslots.net\/login-and-registration\/"},"modified":"2025-12-20T10:18:37","modified_gmt":"2025-12-20T10:18:37","slug":"connexion-et-inscription","status":"publish","type":"page","link":"https:\/\/magneticslots.net\/fr\/connexion-et-inscription\/","title":{"rendered":"Connexion et inscription"},"content":{"rendered":"<h1>Connexion \u00e0 Magneticslots : Inscription et gestion du compte<\/h1>\n<p>Une seule \u00e9tape s\u00e9pare les utilisateurs des jeux en argent r\u00e9el : Magneticslots login. Apr\u00e8s avoir cr\u00e9\u00e9 un compte, vous aurez acc\u00e8s non seulement \u00e0 des milliers de titres diff\u00e9rents, mais aussi \u00e0 des bonus, des tournois, des paiements et un service client. Les joueurs doivent \u00eatre \u00e2g\u00e9s d&rsquo;au moins 18 ans pour s&rsquo;inscrire sur Magneticslots Casino. Le processus ne prend que quelques minutes.<\/p>\n<p><div class=\"banner-wrap\" aria-label=\"Banner\"><img src=\"https:\/\/magneticslots.net\/wp-content\/uploads\/2025\/12\/header-bg-1.webp\" class=\"w-100 d-none d-lg-block img-pc main-banner-img\" alt=\"Magneticslots banner desktop\" fetchpriority=\"high\" decoding=\"async\"><img src=\"https:\/\/magneticslots.net\/wp-content\/uploads\/2025\/12\/MagneticSlots-mobile-banner.webp\" class=\"w-100 d-none d-md-block d-lg-none main-banner-img\" alt=\"Magneticslots banner mobile\" fetchpriority=\"high\" decoding=\"async\"><img src=\"https:\/\/magneticslots.net\/wp-content\/uploads\/2025\/12\/MagneticSlots-mobile-banner.webp\" class=\"w-100 d-md-none\" alt=\"Magneticslots banner mobile\" fetchpriority=\"high\" decoding=\"async\"><div class=\"banner-description\">\n<div class=\"banner-title\">Bonus de bienvenue<\/div>\n<p class=\"banner-header-title\">1500 \u20ac<\/p>\n<div class=\"banner-header-AdditionalText\">+ 250 Tours gratuits<\/div>\n<button data-item=\"homepage_banner_link\" class=\"goto m-button m-gradient-border m-button--primary m-button--large banner-button btn-orange\">\n            <div class=\"m-button-content\">\n                <span>Inscrivez-vous d\u00e8s maintenant<\/span>\n                <span><\/span>\n            <\/div>\n        <\/button>\n<\/div>\n<div class=\"WelcomePack\">\n<p><img loading=\"lazy\" decoding=\"async\" class=\"alignnone size-full wp-image-1338\" src=\"https:\/\/magneticslots.net\/wp-content\/uploads\/2025\/12\/welcome-crown.svg\" alt=\"crown\" width=\"25\" height=\"26\" \/><\/p>\n<div class=\"WelcomePack-Info\">Cashback hebdomadaire jusqu&rsquo;\u00e0 25 %<\/div>\n<p><img loading=\"lazy\" decoding=\"async\" class=\"alignnone size-full wp-image-1338\" src=\"https:\/\/magneticslots.net\/wp-content\/uploads\/2025\/12\/welcome-crown.svg\" alt=\"crown\" width=\"25\" height=\"26\" \/><\/p>\n<\/div>\n<\/div><div class=\"scrollable-content-wrap my-5\"><div class=\"scrollable-content-inner\"><h2>Inscription d&rsquo;un nouveau joueur sur Magnetic Slots Casino<\/h2>\n<p>Pour commencer votre aventure dans un casino en ligne, il vous suffit de vous inscrire. Sans compte chez Magnetic Slots Casino, vous pouvez jouer \u00e0 certains titres en mode d\u00e9mo. Le processus d&rsquo;inscription a \u00e9t\u00e9 con\u00e7u pour \u00eatre simple, m\u00eame pour les nouveaux venus. Nous ne vous demandons que les informations essentielles, telles que votre adresse e-mail et votre mot de passe.<\/p>\n<p>Apr\u00e8s votre inscription, vous pourrez profiter de plus de 6 000 titres et b\u00e9n\u00e9ficier de nombreuses offres bonus sur Magneticslots. Pour cr\u00e9er un nouveau compte, il vous suffit de suivre les instructions ci-dessous :<\/p>\n<ol>\n<li>Cliquez sur le bouton \u00ab S&rsquo;inscrire \u00bb sur la page principale. Il se trouve dans le coin sup\u00e9rieur droit.<\/li>\n<li>Entrez votre adresse e-mail et votre mot de passe. Assurez-vous que votre mot de passe est suffisamment fort.<\/li>\n<li>Confirmez les conditions g\u00e9n\u00e9rales de la plateforme et acceptez d&rsquo;\u00eatre \u00e2g\u00e9(e) de 18 ans ou plus.<\/li>\n<li>Cliquez sur \u00ab S&rsquo;inscrire \u00bb apr\u00e8s avoir v\u00e9rifi\u00e9 les informations saisies.<\/li>\n<li>Remplissez le formulaire en indiquant votre nom complet, votre date de naissance, votre adresse postale et votre devise. Vous pouvez ignorer cette \u00e9tape et la compl\u00e9ter plus tard.<\/li>\n<li>Cliquez sur \u00ab Enregistrer \u00bb pour confirmer les informations saisies. Vous pouvez modifier ces informations dans les param\u00e8tres de votre profil personnel si n\u00e9cessaire.<\/li>\n<\/ol>\n<h2>Acc\u00e9der au compte Magneticslots et le g\u00e9rer<\/h2>\n<p>Si vous avez d\u00e9j\u00e0 un compte, il vous suffit de suivre la proc\u00e9dure de connexion \u00e0 Magneticslots. Pour cela, vous devez utiliser les informations personnelles que vous avez saisies lors de votre inscription. Dans le tableau ci-dessous, vous trouverez des instructions \u00e9tape par \u00e9tape pour acc\u00e9der \u00e0 votre compte.<\/p>\n<table>\n<tbody>\n<tr>\n<td>\u00c9tape<\/td>\n<td>D\u00e9tails<\/td>\n<\/tr>\n<tr>\n<td>Cliquez sur le bouton \u00ab Connexion \u00bb.<\/td>\n<td>Il se trouve dans le coin sup\u00e9rieur droit du site web.<\/td>\n<\/tr>\n<tr>\n<td>Entrez vos identifiants<\/td>\n<td>Remplissez les champs avec l&rsquo;adresse e-mail et le mot de passe que vous avez utilis\u00e9s lors de votre inscription.<\/td>\n<\/tr>\n<tr>\n<td>Terminer la 2FA (si activ\u00e9e)<\/td>\n<td>Si vous configurez l&rsquo;authentification \u00e0 deux facteurs, vous devez saisir le code de v\u00e9rification qui a \u00e9t\u00e9 envoy\u00e9 sur votre t\u00e9l\u00e9phone ou votre application d&rsquo;authentification.<\/td>\n<\/tr>\n<tr>\n<td>Soumettre le formulaire<\/td>\n<td>Cliquez sur le bouton \u00ab Connexion \u00bb pour acc\u00e9der \u00e0 votre compte.<\/td>\n<\/tr>\n<tr>\n<td>D\u00e9panner si n\u00e9cessaire<\/td>\n<td>Si vous ne parvenez pas \u00e0 vous connecter, utilisez la fonction \u00ab Mot de passe oubli\u00e9 \u00bb ou contactez notre \u00e9quipe d&rsquo;assistance multilingue pour obtenir de l&rsquo;aide.<\/td>\n<\/tr>\n<\/tbody>\n<\/table>\n<h3>Mot de passe oubli\u00e9 ?<\/h3>\n<p>Lorsque vous cr\u00e9ez un mot de passe fort pour votre compte Magneticslots, il est toujours possible que vous l&rsquo;oubliiez \u00e0 un moment donn\u00e9. Mais cela ne signifie pas que vous devez cr\u00e9er un nouveau profil. Nous avons une solution pour vous. Chaque utilisateur peut modifier son mot de passe via le formulaire Magneticslots login. Il suffit de cliquer sur le lien \u00ab Mot de passe oubli\u00e9 ? \u00bb, de saisir votre adresse e-mail et nous vous enverrons le lien de r\u00e9initialisation dans la minute qui suit. Assurez-vous d&rsquo;avoir saisi l&rsquo;adresse e-mail que vous avez utilis\u00e9e lors de votre inscription.<\/p>\n<h3>Magnetic Slots Casino : S\u00e9curit\u00e9 et v\u00e9rification des comptes<\/h3>\n<p>Votre s\u00e9curit\u00e9 est notre priorit\u00e9 absolue. Outre le fait que nous s\u00e9curisons toutes vos donn\u00e9es gr\u00e2ce au cryptage SSL et que nous respectons toutes les r\u00e9glementations n\u00e9cessaires, nous vous offrons \u00e9galement la possibilit\u00e9 de mettre en place des mesures de s\u00e9curit\u00e9 suppl\u00e9mentaires. Apr\u00e8s avoir termin\u00e9 le processus de connexion \u00e0 Magneticslots, vous pouvez \u00e9galement configurer l&rsquo;authentification \u00e0 deux facteurs.<\/p>\n<p>Afin de garantir la s\u00e9curit\u00e9 de notre plateforme et de pr\u00e9venir toute fraude, nous demandons \u00e0 tous nos clients de suivre la proc\u00e9dure de v\u00e9rification. Cela signifie que vous devez t\u00e9l\u00e9charger des copies ou des photos de vos documents personnels afin de v\u00e9rifier votre identit\u00e9, votre \u00e2ge, votre adresse postale et la propri\u00e9t\u00e9 de votre compte de paiement. Nos responsables examineront les documents t\u00e9l\u00e9charg\u00e9s dans un d\u00e9lai de 48 heures et vous r\u00e9pondront dans les plus brefs d\u00e9lais.<\/p>\n<h2>FAQ<\/h2>\n<h3>Lorsque j&rsquo;essaie de me connecter \u00e0 mon compte, un message m&rsquo;indique qu&rsquo;il a \u00e9t\u00e9 bloqu\u00e9. Que dois-je faire ?<\/h3>\n<p>Nous vous envoyons toujours un e-mail contenant une explication et des informations suppl\u00e9mentaires concernant le verrouillage de votre compte. Si vous n&rsquo;avez rien re\u00e7u, contactez notre \u00e9quipe d&rsquo;assistance.<\/p>\n<h3>Comment mettre \u00e0 jour votre mot de passe ou votre adresse e-mail ?<\/h3>\n<p>Les utilisateurs de Magneticslots ont la possibilit\u00e9 de modifier leurs informations personnelles ou bancaires \u00e0 tout moment. Cela peut \u00eatre fait dans les param\u00e8tres du compte en quelques minutes.<\/p>\n<h3>Puis-je fermer ou suspendre temporairement mon compte ?<\/h3>\n<p>Pour fermer ou bloquer temporairement votre compte, vous devez nous envoyer un e-mail ou soumettre une demande via le chat en direct. Nos gestionnaires professionnels du Magnetic Slots Casino prendront toutes les mesures n\u00e9cessaires et vous fourniront des informations suppl\u00e9mentaires sur la r\u00e9ouverture de votre compte.<\/p>\n<\/div><\/div><\/p>\n","protected":false},"excerpt":{"rendered":"<p>Connexion \u00e0 Magneticslots : Inscription et gestion du compte Une seule \u00e9tape s\u00e9pare les utilisateurs des jeux en argent r\u00e9el : Magneticslots login. Apr\u00e8s avoir cr\u00e9\u00e9 un compte, vous aurez acc\u00e8s non seulement \u00e0 des milliers de titres diff\u00e9rents, mais aussi \u00e0 des bonus, des tournois, des paiements et un service client. Les joueurs doivent [&hellip;]<\/p>\n","protected":false},"author":1,"featured_media":0,"parent":0,"menu_order":0,"comment_status":"closed","ping_status":"closed","template":"template-builder.php","meta":{"_acf_changed":false,"inline_featured_image":false,"footnotes":""},"class_list":["post-1474","page","type-page","status-publish","hentry"],"acf":[],"yoast_head":"<!-- This site is optimized with the Yoast SEO plugin v27.3 - https:\/\/yoast.com\/product\/yoast-seo-wordpress\/ -->\n<title>Magneticslots Connexion et inscription<\/title>\n<meta name=\"description\" content=\"Cr\u00e9ez, g\u00e9rez et v\u00e9rifiez votre compte Magneticslots Casino en toute simplicit\u00e9. Profitez d&#039;une inscription rapide, d&#039;une r\u00e9cup\u00e9ration facile de votre compte et d&#039;une fermeture s\u00e9curis\u00e9e gr\u00e2ce \u00e0 Magneticslots Login, qui prot\u00e8ge votre compte 24 heures sur 24.\" \/>\n<meta name=\"robots\" content=\"index, follow, max-snippet:-1, max-image-preview:large, max-video-preview:-1\" \/>\n<link rel=\"canonical\" href=\"https:\/\/magneticslots.net\/fr\/connexion-et-inscription\/\" \/>\n<meta property=\"og:locale\" content=\"fr_FR\" \/>\n<meta property=\"og:type\" content=\"article\" \/>\n<meta property=\"og:title\" content=\"Magneticslots Connexion et inscription\" \/>\n<meta property=\"og:description\" content=\"Cr\u00e9ez, g\u00e9rez et v\u00e9rifiez votre compte Magneticslots Casino en toute simplicit\u00e9. Profitez d&#039;une inscription rapide, d&#039;une r\u00e9cup\u00e9ration facile de votre compte et d&#039;une fermeture s\u00e9curis\u00e9e gr\u00e2ce \u00e0 Magneticslots Login, qui prot\u00e8ge votre compte 24 heures sur 24.\" \/>\n<meta property=\"og:url\" content=\"https:\/\/magneticslots.net\/fr\/connexion-et-inscription\/\" \/>\n<meta property=\"og:site_name\" content=\"magneticslots\" \/>\n<meta property=\"article:modified_time\" content=\"2025-12-20T10:18:37+00:00\" \/>\n<meta name=\"twitter:card\" content=\"summary_large_image\" \/>\n<meta name=\"twitter:label1\" content=\"Dur\u00e9e de lecture estim\u00e9e\" \/>\n\t<meta name=\"twitter:data1\" content=\"1 minute\" \/>\n<script type=\"application\/ld+json\" class=\"yoast-schema-graph\">{\"@context\":\"https:\\\/\\\/schema.org\",\"@graph\":[{\"@type\":\"WebPage\",\"@id\":\"https:\\\/\\\/magneticslots.net\\\/fr\\\/connexion-et-inscription\\\/\",\"url\":\"https:\\\/\\\/magneticslots.net\\\/fr\\\/connexion-et-inscription\\\/\",\"name\":\"Magneticslots Connexion et inscription\",\"isPartOf\":{\"@id\":\"https:\\\/\\\/magneticslots.net\\\/fr\\\/#website\"},\"datePublished\":\"2025-12-20T08:57:03+00:00\",\"dateModified\":\"2025-12-20T10:18:37+00:00\",\"description\":\"Cr\u00e9ez, g\u00e9rez et v\u00e9rifiez votre compte Magneticslots Casino en toute simplicit\u00e9. Profitez d'une inscription rapide, d'une r\u00e9cup\u00e9ration facile de votre compte et d'une fermeture s\u00e9curis\u00e9e gr\u00e2ce \u00e0 Magneticslots Login, qui prot\u00e8ge votre compte 24 heures sur 24.\",\"breadcrumb\":{\"@id\":\"https:\\\/\\\/magneticslots.net\\\/fr\\\/connexion-et-inscription\\\/#breadcrumb\"},\"inLanguage\":\"fr-FR\",\"potentialAction\":[{\"@type\":\"ReadAction\",\"target\":[\"https:\\\/\\\/magneticslots.net\\\/fr\\\/connexion-et-inscription\\\/\"]}]},{\"@type\":\"BreadcrumbList\",\"@id\":\"https:\\\/\\\/magneticslots.net\\\/fr\\\/connexion-et-inscription\\\/#breadcrumb\",\"itemListElement\":[{\"@type\":\"ListItem\",\"position\":1,\"name\":\"Magneticslots\",\"item\":\"https:\\\/\\\/magneticslots.net\\\/fr\\\/\"},{\"@type\":\"ListItem\",\"position\":2,\"name\":\"Connexion et inscription\"}]},{\"@type\":\"WebSite\",\"@id\":\"https:\\\/\\\/magneticslots.net\\\/fr\\\/#website\",\"url\":\"https:\\\/\\\/magneticslots.net\\\/fr\\\/\",\"name\":\"Magneticslots\",\"description\":\"\",\"publisher\":{\"@id\":\"https:\\\/\\\/magneticslots.net\\\/fr\\\/#organization\"},\"potentialAction\":[{\"@type\":\"SearchAction\",\"target\":{\"@type\":\"EntryPoint\",\"urlTemplate\":\"https:\\\/\\\/magneticslots.net\\\/fr\\\/?s={search_term_string}\"},\"query-input\":{\"@type\":\"PropertyValueSpecification\",\"valueRequired\":true,\"valueName\":\"search_term_string\"}}],\"inLanguage\":\"fr-FR\"},{\"@type\":\"Organization\",\"@id\":\"https:\\\/\\\/magneticslots.net\\\/fr\\\/#organization\",\"name\":\"Magneticslots\",\"url\":\"https:\\\/\\\/magneticslots.net\\\/fr\\\/\",\"logo\":{\"@type\":\"ImageObject\",\"inLanguage\":\"fr-FR\",\"@id\":\"https:\\\/\\\/magneticslots.net\\\/fr\\\/#\\\/schema\\\/logo\\\/image\\\/\",\"url\":\"https:\\\/\\\/magneticslots.net\\\/wp-content\\\/uploads\\\/2025\\\/12\\\/logo.svg\",\"contentUrl\":\"https:\\\/\\\/magneticslots.net\\\/wp-content\\\/uploads\\\/2025\\\/12\\\/logo.svg\",\"width\":160,\"height\":27,\"caption\":\"Magneticslots\"},\"image\":{\"@id\":\"https:\\\/\\\/magneticslots.net\\\/fr\\\/#\\\/schema\\\/logo\\\/image\\\/\"}}]}<\/script>\n<!-- \/ Yoast SEO plugin. -->","yoast_head_json":{"title":"Magneticslots Connexion et inscription","description":"Cr\u00e9ez, g\u00e9rez et v\u00e9rifiez votre compte Magneticslots Casino en toute simplicit\u00e9. Profitez d'une inscription rapide, d'une r\u00e9cup\u00e9ration facile de votre compte et d'une fermeture s\u00e9curis\u00e9e gr\u00e2ce \u00e0 Magneticslots Login, qui prot\u00e8ge votre compte 24 heures sur 24.","robots":{"index":"index","follow":"follow","max-snippet":"max-snippet:-1","max-image-preview":"max-image-preview:large","max-video-preview":"max-video-preview:-1"},"canonical":"https:\/\/magneticslots.net\/fr\/connexion-et-inscription\/","og_locale":"fr_FR","og_type":"article","og_title":"Magneticslots Connexion et inscription","og_description":"Cr\u00e9ez, g\u00e9rez et v\u00e9rifiez votre compte Magneticslots Casino en toute simplicit\u00e9. Profitez d'une inscription rapide, d'une r\u00e9cup\u00e9ration facile de votre compte et d'une fermeture s\u00e9curis\u00e9e gr\u00e2ce \u00e0 Magneticslots Login, qui prot\u00e8ge votre compte 24 heures sur 24.","og_url":"https:\/\/magneticslots.net\/fr\/connexion-et-inscription\/","og_site_name":"magneticslots","article_modified_time":"2025-12-20T10:18:37+00:00","twitter_card":"summary_large_image","twitter_misc":{"Dur\u00e9e de lecture estim\u00e9e":"1 minute"},"schema":{"@context":"https:\/\/schema.org","@graph":[{"@type":"WebPage","@id":"https:\/\/magneticslots.net\/fr\/connexion-et-inscription\/","url":"https:\/\/magneticslots.net\/fr\/connexion-et-inscription\/","name":"Magneticslots Connexion et inscription","isPartOf":{"@id":"https:\/\/magneticslots.net\/fr\/#website"},"datePublished":"2025-12-20T08:57:03+00:00","dateModified":"2025-12-20T10:18:37+00:00","description":"Cr\u00e9ez, g\u00e9rez et v\u00e9rifiez votre compte Magneticslots Casino en toute simplicit\u00e9. Profitez d'une inscription rapide, d'une r\u00e9cup\u00e9ration facile de votre compte et d'une fermeture s\u00e9curis\u00e9e gr\u00e2ce \u00e0 Magneticslots Login, qui prot\u00e8ge votre compte 24 heures sur 24.","breadcrumb":{"@id":"https:\/\/magneticslots.net\/fr\/connexion-et-inscription\/#breadcrumb"},"inLanguage":"fr-FR","potentialAction":[{"@type":"ReadAction","target":["https:\/\/magneticslots.net\/fr\/connexion-et-inscription\/"]}]},{"@type":"BreadcrumbList","@id":"https:\/\/magneticslots.net\/fr\/connexion-et-inscription\/#breadcrumb","itemListElement":[{"@type":"ListItem","position":1,"name":"Magneticslots","item":"https:\/\/magneticslots.net\/fr\/"},{"@type":"ListItem","position":2,"name":"Connexion et inscription"}]},{"@type":"WebSite","@id":"https:\/\/magneticslots.net\/fr\/#website","url":"https:\/\/magneticslots.net\/fr\/","name":"Magneticslots","description":"","publisher":{"@id":"https:\/\/magneticslots.net\/fr\/#organization"},"potentialAction":[{"@type":"SearchAction","target":{"@type":"EntryPoint","urlTemplate":"https:\/\/magneticslots.net\/fr\/?s={search_term_string}"},"query-input":{"@type":"PropertyValueSpecification","valueRequired":true,"valueName":"search_term_string"}}],"inLanguage":"fr-FR"},{"@type":"Organization","@id":"https:\/\/magneticslots.net\/fr\/#organization","name":"Magneticslots","url":"https:\/\/magneticslots.net\/fr\/","logo":{"@type":"ImageObject","inLanguage":"fr-FR","@id":"https:\/\/magneticslots.net\/fr\/#\/schema\/logo\/image\/","url":"https:\/\/magneticslots.net\/wp-content\/uploads\/2025\/12\/logo.svg","contentUrl":"https:\/\/magneticslots.net\/wp-content\/uploads\/2025\/12\/logo.svg","width":160,"height":27,"caption":"Magneticslots"},"image":{"@id":"https:\/\/magneticslots.net\/fr\/#\/schema\/logo\/image\/"}}]}},"_links":{"self":[{"href":"https:\/\/magneticslots.net\/fr\/wp-json\/wp\/v2\/pages\/1474","targetHints":{"allow":["GET"]}}],"collection":[{"href":"https:\/\/magneticslots.net\/fr\/wp-json\/wp\/v2\/pages"}],"about":[{"href":"https:\/\/magneticslots.net\/fr\/wp-json\/wp\/v2\/types\/page"}],"author":[{"embeddable":true,"href":"https:\/\/magneticslots.net\/fr\/wp-json\/wp\/v2\/users\/1"}],"replies":[{"embeddable":true,"href":"https:\/\/magneticslots.net\/fr\/wp-json\/wp\/v2\/comments?post=1474"}],"version-history":[{"count":1,"href":"https:\/\/magneticslots.net\/fr\/wp-json\/wp\/v2\/pages\/1474\/revisions"}],"predecessor-version":[{"id":1582,"href":"https:\/\/magneticslots.net\/fr\/wp-json\/wp\/v2\/pages\/1474\/revisions\/1582"}],"wp:attachment":[{"href":"https:\/\/magneticslots.net\/fr\/wp-json\/wp\/v2\/media?parent=1474"}],"curies":[{"name":"wp","href":"https:\/\/api.w.org\/{rel}","templated":true}]}}