{"id":1427,"date":"2025-12-20T08:52:32","date_gmt":"2025-12-20T08:52:32","guid":{"rendered":"https:\/\/magneticslots.net\/app\/"},"modified":"2025-12-20T10:14:11","modified_gmt":"2025-12-20T10:14:11","slug":"app","status":"publish","type":"page","link":"https:\/\/magneticslots.net\/fr\/app\/","title":{"rendered":"App"},"content":{"rendered":"<h1>Magneticslots app de jeu<\/h1>\n<p>Tous les sites Web et sources Internet modernes disposent d\u00e9sormais d&rsquo;une version mobile, et nous ne faisons pas exception avec Magneticslots App. Elle rend la vie des utilisateurs beaucoup plus flexible. C&rsquo;est pourquoi nous avons d\u00e9velopp\u00e9 un logiciel mobile pratique pour Android et iOS. Vous pouvez le t\u00e9l\u00e9charger depuis notre site Web en quelques minutes. Dans le logiciel mobile, vous trouverez les m\u00eames titres et fonctionnalit\u00e9s que dans la version principale pour ordinateur de bureau.<\/p>\n<div class=\"banner-wrap\" aria-label=\"Banner\"><img src=\"https:\/\/magneticslots.net\/wp-content\/uploads\/2025\/12\/header-bg-1.webp\" class=\"w-100 d-none d-lg-block img-pc main-banner-img\" alt=\"Magneticslots banner desktop\" fetchpriority=\"high\" decoding=\"async\"><img src=\"https:\/\/magneticslots.net\/wp-content\/uploads\/2025\/12\/MagneticSlots-mobile-banner.webp\" class=\"w-100 d-none d-md-block d-lg-none main-banner-img\" alt=\"Magneticslots banner mobile\" fetchpriority=\"high\" decoding=\"async\"><img src=\"https:\/\/magneticslots.net\/wp-content\/uploads\/2025\/12\/MagneticSlots-mobile-banner.webp\" class=\"w-100 d-md-none\" alt=\"Magneticslots banner mobile\" fetchpriority=\"high\" decoding=\"async\"><div class=\"banner-description\">\n<div class=\"banner-title\">Bonus de bienvenue<\/div>\n<p class=\"banner-header-title\">1500 \u20ac<\/p>\n<div class=\"banner-header-AdditionalText\">+ 250 Tours gratuits<\/div>\n<button data-item=\"homepage_banner_link\" class=\"goto m-button m-gradient-border m-button--primary m-button--large banner-button btn-orange\">\n            <div class=\"m-button-content\">\n                <span>Inscrivez-vous d\u00e8s maintenant<\/span>\n                <span><\/span>\n            <\/div>\n        <\/button>\n<\/div>\n<div class=\"WelcomePack\">\n<p><img loading=\"lazy\" decoding=\"async\" class=\"alignnone size-full wp-image-1338\" src=\"https:\/\/magneticslots.net\/wp-content\/uploads\/2025\/12\/welcome-crown.svg\" alt=\"crown\" width=\"25\" height=\"26\" \/><\/p>\n<div class=\"WelcomePack-Info\">Cashback hebdomadaire jusqu&rsquo;\u00e0 25 %<\/div>\n<p><img loading=\"lazy\" decoding=\"async\" class=\"alignnone size-full wp-image-1338\" src=\"https:\/\/magneticslots.net\/wp-content\/uploads\/2025\/12\/welcome-crown.svg\" alt=\"crown\" width=\"25\" height=\"26\" \/><\/p>\n<\/div>\n<\/div>\n<h2>Magneticslots avec application mobile<\/h2>\n<p>Avec Magnetic Slots Casino, vous pouvez jouer \u00e0 vos jeux pr\u00e9f\u00e9r\u00e9s o\u00f9 que vous soyez. Il vous suffit d&rsquo;avoir un appareil mobile et une connexion Internet stable. Les utilisateurs ont acc\u00e8s \u00e0 l&rsquo;ensemble de la collection de jeux, aux paiements, aux bonus, au service client et bien plus encore. Dans le casino mobile, vous pouvez facilement vous inscrire ou vous connecter. Toutes ces fonctionnalit\u00e9s vous garantissent une exp\u00e9rience de jeu exceptionnelle lorsque vous choisissez l&rsquo;app Magneticslots.<\/p>\n<p>Les joueurs de Magneticslots peuvent utiliser le casino de diff\u00e9rentes mani\u00e8res depuis leur smartphone ou leur tablette. Il existe une version mobile pratique pour navigateur. Elle est optimis\u00e9e pour les \u00e9crans plus petits des appareils mobiles. De plus, nous proposons l&rsquo;application Magneticslots, qui vous offre une exp\u00e9rience encore plus personnalis\u00e9e. Les deux options fonctionnent de mani\u00e8re fluide et rapide. C&rsquo;est \u00e0 vous de choisir celle qui vous convient le mieux.<\/p>\n<p><div class=\"scrollable-content-wrap my-5\"><div class=\"scrollable-content-inner\"><h2>Magneticslots Casino app Android<\/h2>\n<p>Poss\u00e9der un appareil Android vous permet de profiter du jeu dans n&rsquo;importe quelle situation. Nous vous offrons non seulement une partie des possibilit\u00e9s, mais aussi une exp\u00e9rience compl\u00e8te. Dans l&rsquo;application Magneticslots, vous aurez acc\u00e8s \u00e0 plus de 6 000 titres dans diff\u00e9rentes cat\u00e9gories et diff\u00e9rents genres.<\/p>\n<p>Notre logiciel mobile est d\u00e9velopp\u00e9 sous forme d&rsquo;application web progressive (PWA). Cela signifie que vous n&rsquo;avez pas besoin de t\u00e9l\u00e9charger de fichiers Magneticslots APK inconnus sur votre appareil. L&rsquo;installation est facile et ne prend que 3 minutes. Il vous suffit de vous rendre en bas de notre site web et de cliquer sur le bouton \u00ab Casino App \u00bb pour lancer l&rsquo;installation. Une fois l&rsquo;installation termin\u00e9e, l&rsquo;application appara\u00eetra sur votre \u00e9cran d&rsquo;accueil.<\/p>\n<p>Les utilisateurs peuvent \u00e9galement profiter de Magnetic Slots Casino dans la version navigateur. Pour un acc\u00e8s plus rapide, vous pouvez installer l&rsquo;ic\u00f4ne de raccourci. Cela peut \u00eatre fait dans n&rsquo;importe quel navigateur moderne \u00e0 partir d&rsquo;un smartphone ou d&rsquo;une tablette.<\/p>\n<table>\n<tbody>\n<tr>\n<td>\u00c9tape<\/td>\n<td>D\u00e9tails<\/td>\n<\/tr>\n<tr>\n<td>Ouvrez le navigateur de votre mobile.<\/td>\n<td>Lancez Google Chrome ou un autre navigateur pris en charge sur votre appareil Android et rendez-vous sur le site Web du casino.<\/td>\n<\/tr>\n<tr>\n<td>Aller \u00e0 la page d&rsquo;accueil<\/td>\n<td>Assurez-vous d&rsquo;\u00eatre sur la page principale Magneticslots afin que l&rsquo;option de raccourci puisse \u00eatre activ\u00e9e correctement.<\/td>\n<\/tr>\n<tr>\n<td>Ouvrir le menu du navigateur<\/td>\n<td>Appuyez sur le menu \u00e0 trois points dans le coin sup\u00e9rieur droit de Chrome pour acc\u00e9der \u00e0 des options suppl\u00e9mentaires.<\/td>\n<\/tr>\n<tr>\n<td>S\u00e9lectionnez \u00ab Ajouter \u00e0 l&rsquo;\u00e9cran d&rsquo;accueil \u00bb.<\/td>\n<td>S\u00e9lectionnez l&rsquo;option \u00ab Ajouter \u00e0 l&rsquo;\u00e9cran d&rsquo;accueil \u00bb dans le menu pour commencer \u00e0 cr\u00e9er l&rsquo;ic\u00f4ne de raccourci.<\/td>\n<\/tr>\n<tr>\n<td>Confirmer le nom et l&rsquo;ic\u00f4ne<\/td>\n<td>V\u00e9rifiez le nom du raccourci sugg\u00e9r\u00e9 et modifiez-le si n\u00e9cessaire. L&rsquo;aper\u00e7u de l&rsquo;ic\u00f4ne s&rsquo;affichera automatiquement.<\/td>\n<\/tr>\n<tr>\n<td>Cliquez sur \u00ab Ajouter \u00bb.<\/td>\n<td>Confirmez l&rsquo;action en appuyant sur \u00ab Ajouter \u00bb. Votre appareil peut vous demander si vous souhaitez le placer manuellement ou automatiquement.<\/td>\n<\/tr>\n<\/tbody>\n<\/table>\n<p><img loading=\"lazy\" decoding=\"async\" src=\"https:\/\/magneticslots.net\/wp-content\/uploads\/2025\/12\/MagneticSlots-Android.webp\" alt=\"MagneticSlots Android\" width=\"1248\" height=\"536\" \/><\/p>\n<\/div><\/div><div style=\"clear: both\"><\/div><div class=\"d-flex justify-content-center\"><button data-item=\"decouvrez_link\" data-group=\"website_links\" class=\"goto fw-bold rounded-pill btn btn-orange\" aria-label=\"T\u00e9l\u00e9chargez l&#039;application MagneticSlots\" >T\u00e9l\u00e9chargez l&#039;application MagneticSlots<\/button><\/div><div class=\"scrollable-content-wrap my-5\"><div class=\"scrollable-content-inner\"><h2>Magneticslots Casino application iOS<\/h2>\n<p>Les utilisateurs iOS ne sont pas non plus limit\u00e9s \u00e0 leur domicile ou \u00e0 l&#8217;emplacement de leur ordinateur. La version mobile et le logiciel permettent \u00e0 tout le monde de jouer en d\u00e9placement. En raison des restrictions de l&rsquo;App Store sur les logiciels de jeux d&rsquo;argent, vous pouvez t\u00e9l\u00e9charger l&rsquo;application Magneticslots depuis notre site officiel. Nous vous recommandons d&rsquo;\u00e9viter de l&rsquo;installer \u00e0 partir de sites web tiers, car cela pourrait pr\u00e9senter un risque pour votre appareil.<\/p>\n<p>Si vous n&rsquo;\u00eates pas s\u00fbr du logiciel, vous pouvez commencer par la version navigateur. Elle offre le m\u00eame design, la m\u00eame navigation et les m\u00eames jeux que la version bureau. Mais les boutons sont plus grands, il y a une fonction de d\u00e9filement et de balayage et des commandes de jeu tactiles. Si vous pr\u00e9f\u00e9rez avoir un acc\u00e8s rapide \u00e0 Magneticslots Casino via l&rsquo;application, suivez les instructions du tableau ci-dessous.<\/p>\n<table>\n<tbody>\n<tr>\n<td>\u00c9tape<\/td>\n<td>D\u00e9tails<\/td>\n<\/tr>\n<tr>\n<td>Ouvrez le navigateur Safari.<\/td>\n<td>Lancez Safari sur votre iPhone ou iPad et rendez-vous sur le site Web du casino.<\/td>\n<\/tr>\n<tr>\n<td>Naviguez jusqu&rsquo;au pied de page et cliquez sur \u00ab Application Casino \u00bb.<\/td>\n<td>Assurez-vous d&rsquo;\u00eatre sur la page principale Magnetic Slots, o\u00f9 le lien d&rsquo;installation de la PWA est disponible.<\/td>\n<\/tr>\n<tr>\n<td>Installez l&rsquo;application web progressive (PWA)<\/td>\n<td>Appuyez sur \u00ab Installer \u00bb au milieu de l&rsquo;\u00e9cran. La PWA sera install\u00e9e en quelques minutes et appara\u00eetra sur votre \u00e9cran d&rsquo;accueil.<\/td>\n<\/tr>\n<tr>\n<td>Lancer et jouer<\/td>\n<td>Ouvrez l&rsquo;application Magneticslots depuis votre \u00e9cran d&rsquo;accueil, connectez-vous \u00e0 votre compte et commencez \u00e0 jouer.<\/td>\n<\/tr>\n<\/tbody>\n<\/table>\n<p><img loading=\"lazy\" decoding=\"async\" src=\"https:\/\/magneticslots.net\/wp-content\/uploads\/2025\/12\/MagneticSlots-iOS.webp\" alt=\"MagneticSlots iOS\" width=\"1248\" height=\"536\" \/><\/p>\n<\/div><\/div><div style=\"clear: both\"><\/div><div class=\"d-flex justify-content-center\"><button data-item=\"decouvrez_link\" data-group=\"website_links\" class=\"goto fw-bold rounded-pill btn btn-orange\" aria-label=\"T\u00e9l\u00e9charger MagneticSlots\" >T\u00e9l\u00e9charger MagneticSlots<\/button><\/div><div class=\"scrollable-content-wrap my-5\"><div class=\"scrollable-content-inner\"><h2>T\u00e9l\u00e9charger les applications Windows et macOS<\/h2>\n<p>En d\u00e9crivant toutes les options mobiles, nous n&rsquo;avons pas oubli\u00e9 notre version pour ordinateur de bureau. Nous comprenons que pour certains utilisateurs, il est important de disposer d&rsquo;un grand \u00e9cran et de l&rsquo;atmosph\u00e8re d\u00e9tendue de leur domicile. Les utilisateurs de Magneticslots Casino peuvent utiliser la version navigateur ou t\u00e9l\u00e9charger le logiciel pour ordinateur de bureau. La deuxi\u00e8me option offre une exp\u00e9rience plus personnalis\u00e9e ainsi que les avantages suivants :<\/p>\n<ul>\n<li>Performances plus rapides<\/li>\n<li>Graphismes et son am\u00e9lior\u00e9s<\/li>\n<li>Gameplay stable<\/li>\n<li>Acc\u00e8s instantan\u00e9<\/li>\n<li>Fonctionnalit\u00e9s exclusives et bonus<\/li>\n<\/ul>\n<p><img loading=\"lazy\" decoding=\"async\" src=\"https:\/\/magneticslots.net\/wp-content\/uploads\/2025\/12\/MagneticSlots-Desktop.webp\" alt=\"MagneticSlots Desktop\" width=\"1248\" height=\"536\" \/><\/p>\n<\/div><\/div><div style=\"clear: both\"><\/div><div class=\"d-flex justify-content-center\"><button data-item=\"decouvrez_link\" data-group=\"website_links\" class=\"goto fw-bold rounded-pill btn btn-orange\" aria-label=\"T\u00e9l\u00e9chargez l&#039;application MagneticSlots\" >T\u00e9l\u00e9chargez l&#039;application MagneticSlots<\/button><\/div><div class=\"scrollable-content-wrap my-5\"><div class=\"scrollable-content-inner\"><h2>FAQ<\/h2>\n<h3>L&rsquo;application Magnetic Slots Casino offre-t-elle un service client ?<\/h3>\n<p>L&rsquo;\u00e9quipe d&rsquo;assistance est un \u00e9l\u00e9ment tr\u00e8s important de tout casino en ligne. Dans notre application, vous trouverez un chat en direct o\u00f9 nos responsables vous aideront en quelques minutes. Vous pouvez \u00e9galement nous contacter par e-mail pour obtenir des explications plus d\u00e9taill\u00e9es.<\/p>\n<h3>Faut-il cr\u00e9er un compte pour utiliser l&rsquo;app Magnetic Slots ?<\/h3>\n<p>Pour acc\u00e9der \u00e0 toutes les fonctionnalit\u00e9s et tous les outils du logiciel mobile Magnetic Slots, vous devez cr\u00e9er un compte ou vous connecter. Mais pas d&rsquo;inqui\u00e9tude, les utilisateurs peuvent s&rsquo;inscrire et effectuer le processus de v\u00e9rification directement dans l&rsquo;application en quelques minutes.<\/p>\n<h3>Tous les jeux sont-ils disponibles dans l&rsquo;app ?<\/h3>\n<p>Notre collection compl\u00e8te de jeux, avec plus de 6 000 titres, est pr\u00e9sent\u00e9e dans l&rsquo;application Magneticslots. Vous y trouverez toutes vos machines \u00e0 sous en ligne pr\u00e9f\u00e9r\u00e9es, des jeux de table, des options avec croupier en direct et des jeux crash. Ils sont d\u00e9velopp\u00e9s de mani\u00e8re \u00e0 s&rsquo;adapter \u00e0 tous les appareils modernes.<\/p>\n<h3>Comment puis-je mettre \u00e0 jour l&rsquo;application Magneticslots Casino ?<\/h3>\n<p>La PWA se met \u00e0 jour automatiquement sans aucune intervention de votre part. C&rsquo;est l&rsquo;une des nombreuses fonctionnalit\u00e9s de notre logiciel mobile. Si nous publions des modifications importantes, nous vous informerons si une installation suppl\u00e9mentaire \u00e0 partir du site Web est n\u00e9cessaire.<\/p>\n<\/div><\/div><\/p>\n","protected":false},"excerpt":{"rendered":"<p>Magneticslots app de jeu Tous les sites Web et sources Internet modernes disposent d\u00e9sormais d&rsquo;une version mobile, et nous ne faisons pas exception avec Magneticslots App. Elle rend la vie des utilisateurs beaucoup plus flexible. C&rsquo;est pourquoi nous avons d\u00e9velopp\u00e9 un logiciel mobile pratique pour Android et iOS. Vous pouvez le t\u00e9l\u00e9charger depuis notre site [&hellip;]<\/p>\n","protected":false},"author":1,"featured_media":0,"parent":0,"menu_order":0,"comment_status":"closed","ping_status":"closed","template":"template-builder.php","meta":{"_acf_changed":false,"inline_featured_image":false,"footnotes":""},"class_list":["post-1427","page","type-page","status-publish","hentry"],"acf":[],"yoast_head":"<!-- This site is optimized with the Yoast SEO plugin v27.3 - https:\/\/yoast.com\/product\/yoast-seo-wordpress\/ -->\n<title>Application Magneticslots | Plateformes iOS et Android<\/title>\n<meta name=\"description\" content=\"L&#039;application Magneticslots offre une exp\u00e9rience de jeu fluide sur Android, iOS, Windows et macOS, avec des comptes synchronis\u00e9s, des mises \u00e0 jour r\u00e9guli\u00e8res et un service client int\u00e9gr\u00e9 pour une exp\u00e9rience sans souci.\" \/>\n<meta name=\"robots\" content=\"index, follow, max-snippet:-1, max-image-preview:large, max-video-preview:-1\" \/>\n<link rel=\"canonical\" href=\"https:\/\/magneticslots.net\/fr\/app\/\" \/>\n<meta property=\"og:locale\" content=\"fr_FR\" \/>\n<meta property=\"og:type\" content=\"article\" \/>\n<meta property=\"og:title\" content=\"Application Magneticslots | Plateformes iOS et Android\" \/>\n<meta property=\"og:description\" content=\"L&#039;application Magneticslots offre une exp\u00e9rience de jeu fluide sur Android, iOS, Windows et macOS, avec des comptes synchronis\u00e9s, des mises \u00e0 jour r\u00e9guli\u00e8res et un service client int\u00e9gr\u00e9 pour une exp\u00e9rience sans souci.\" \/>\n<meta property=\"og:url\" content=\"https:\/\/magneticslots.net\/fr\/app\/\" \/>\n<meta property=\"og:site_name\" content=\"magneticslots\" \/>\n<meta property=\"article:modified_time\" content=\"2025-12-20T10:14:11+00:00\" \/>\n<meta name=\"twitter:card\" content=\"summary_large_image\" \/>\n<meta name=\"twitter:label1\" content=\"Dur\u00e9e de lecture estim\u00e9e\" \/>\n\t<meta name=\"twitter:data1\" content=\"2 minutes\" \/>\n<script type=\"application\/ld+json\" class=\"yoast-schema-graph\">{\"@context\":\"https:\\\/\\\/schema.org\",\"@graph\":[{\"@type\":\"WebPage\",\"@id\":\"https:\\\/\\\/magneticslots.net\\\/fr\\\/app\\\/\",\"url\":\"https:\\\/\\\/magneticslots.net\\\/fr\\\/app\\\/\",\"name\":\"Application Magneticslots | Plateformes iOS et Android\",\"isPartOf\":{\"@id\":\"https:\\\/\\\/magneticslots.net\\\/fr\\\/#website\"},\"datePublished\":\"2025-12-20T08:52:32+00:00\",\"dateModified\":\"2025-12-20T10:14:11+00:00\",\"description\":\"L'application Magneticslots offre une exp\u00e9rience de jeu fluide sur Android, iOS, Windows et macOS, avec des comptes synchronis\u00e9s, des mises \u00e0 jour r\u00e9guli\u00e8res et un service client int\u00e9gr\u00e9 pour une exp\u00e9rience sans souci.\",\"breadcrumb\":{\"@id\":\"https:\\\/\\\/magneticslots.net\\\/fr\\\/app\\\/#breadcrumb\"},\"inLanguage\":\"fr-FR\",\"potentialAction\":[{\"@type\":\"ReadAction\",\"target\":[\"https:\\\/\\\/magneticslots.net\\\/fr\\\/app\\\/\"]}]},{\"@type\":\"BreadcrumbList\",\"@id\":\"https:\\\/\\\/magneticslots.net\\\/fr\\\/app\\\/#breadcrumb\",\"itemListElement\":[{\"@type\":\"ListItem\",\"position\":1,\"name\":\"Magneticslots\",\"item\":\"https:\\\/\\\/magneticslots.net\\\/fr\\\/\"},{\"@type\":\"ListItem\",\"position\":2,\"name\":\"App\"}]},{\"@type\":\"WebSite\",\"@id\":\"https:\\\/\\\/magneticslots.net\\\/fr\\\/#website\",\"url\":\"https:\\\/\\\/magneticslots.net\\\/fr\\\/\",\"name\":\"Magneticslots\",\"description\":\"\",\"publisher\":{\"@id\":\"https:\\\/\\\/magneticslots.net\\\/fr\\\/#organization\"},\"potentialAction\":[{\"@type\":\"SearchAction\",\"target\":{\"@type\":\"EntryPoint\",\"urlTemplate\":\"https:\\\/\\\/magneticslots.net\\\/fr\\\/?s={search_term_string}\"},\"query-input\":{\"@type\":\"PropertyValueSpecification\",\"valueRequired\":true,\"valueName\":\"search_term_string\"}}],\"inLanguage\":\"fr-FR\"},{\"@type\":\"Organization\",\"@id\":\"https:\\\/\\\/magneticslots.net\\\/fr\\\/#organization\",\"name\":\"Magneticslots\",\"url\":\"https:\\\/\\\/magneticslots.net\\\/fr\\\/\",\"logo\":{\"@type\":\"ImageObject\",\"inLanguage\":\"fr-FR\",\"@id\":\"https:\\\/\\\/magneticslots.net\\\/fr\\\/#\\\/schema\\\/logo\\\/image\\\/\",\"url\":\"https:\\\/\\\/magneticslots.net\\\/wp-content\\\/uploads\\\/2025\\\/12\\\/logo.svg\",\"contentUrl\":\"https:\\\/\\\/magneticslots.net\\\/wp-content\\\/uploads\\\/2025\\\/12\\\/logo.svg\",\"width\":160,\"height\":27,\"caption\":\"Magneticslots\"},\"image\":{\"@id\":\"https:\\\/\\\/magneticslots.net\\\/fr\\\/#\\\/schema\\\/logo\\\/image\\\/\"}}]}<\/script>\n<!-- \/ Yoast SEO plugin. -->","yoast_head_json":{"title":"Application Magneticslots | Plateformes iOS et Android","description":"L'application Magneticslots offre une exp\u00e9rience de jeu fluide sur Android, iOS, Windows et macOS, avec des comptes synchronis\u00e9s, des mises \u00e0 jour r\u00e9guli\u00e8res et un service client int\u00e9gr\u00e9 pour une exp\u00e9rience sans souci.","robots":{"index":"index","follow":"follow","max-snippet":"max-snippet:-1","max-image-preview":"max-image-preview:large","max-video-preview":"max-video-preview:-1"},"canonical":"https:\/\/magneticslots.net\/fr\/app\/","og_locale":"fr_FR","og_type":"article","og_title":"Application Magneticslots | Plateformes iOS et Android","og_description":"L'application Magneticslots offre une exp\u00e9rience de jeu fluide sur Android, iOS, Windows et macOS, avec des comptes synchronis\u00e9s, des mises \u00e0 jour r\u00e9guli\u00e8res et un service client int\u00e9gr\u00e9 pour une exp\u00e9rience sans souci.","og_url":"https:\/\/magneticslots.net\/fr\/app\/","og_site_name":"magneticslots","article_modified_time":"2025-12-20T10:14:11+00:00","twitter_card":"summary_large_image","twitter_misc":{"Dur\u00e9e de lecture estim\u00e9e":"2 minutes"},"schema":{"@context":"https:\/\/schema.org","@graph":[{"@type":"WebPage","@id":"https:\/\/magneticslots.net\/fr\/app\/","url":"https:\/\/magneticslots.net\/fr\/app\/","name":"Application Magneticslots | Plateformes iOS et Android","isPartOf":{"@id":"https:\/\/magneticslots.net\/fr\/#website"},"datePublished":"2025-12-20T08:52:32+00:00","dateModified":"2025-12-20T10:14:11+00:00","description":"L'application Magneticslots offre une exp\u00e9rience de jeu fluide sur Android, iOS, Windows et macOS, avec des comptes synchronis\u00e9s, des mises \u00e0 jour r\u00e9guli\u00e8res et un service client int\u00e9gr\u00e9 pour une exp\u00e9rience sans souci.","breadcrumb":{"@id":"https:\/\/magneticslots.net\/fr\/app\/#breadcrumb"},"inLanguage":"fr-FR","potentialAction":[{"@type":"ReadAction","target":["https:\/\/magneticslots.net\/fr\/app\/"]}]},{"@type":"BreadcrumbList","@id":"https:\/\/magneticslots.net\/fr\/app\/#breadcrumb","itemListElement":[{"@type":"ListItem","position":1,"name":"Magneticslots","item":"https:\/\/magneticslots.net\/fr\/"},{"@type":"ListItem","position":2,"name":"App"}]},{"@type":"WebSite","@id":"https:\/\/magneticslots.net\/fr\/#website","url":"https:\/\/magneticslots.net\/fr\/","name":"Magneticslots","description":"","publisher":{"@id":"https:\/\/magneticslots.net\/fr\/#organization"},"potentialAction":[{"@type":"SearchAction","target":{"@type":"EntryPoint","urlTemplate":"https:\/\/magneticslots.net\/fr\/?s={search_term_string}"},"query-input":{"@type":"PropertyValueSpecification","valueRequired":true,"valueName":"search_term_string"}}],"inLanguage":"fr-FR"},{"@type":"Organization","@id":"https:\/\/magneticslots.net\/fr\/#organization","name":"Magneticslots","url":"https:\/\/magneticslots.net\/fr\/","logo":{"@type":"ImageObject","inLanguage":"fr-FR","@id":"https:\/\/magneticslots.net\/fr\/#\/schema\/logo\/image\/","url":"https:\/\/magneticslots.net\/wp-content\/uploads\/2025\/12\/logo.svg","contentUrl":"https:\/\/magneticslots.net\/wp-content\/uploads\/2025\/12\/logo.svg","width":160,"height":27,"caption":"Magneticslots"},"image":{"@id":"https:\/\/magneticslots.net\/fr\/#\/schema\/logo\/image\/"}}]}},"_links":{"self":[{"href":"https:\/\/magneticslots.net\/fr\/wp-json\/wp\/v2\/pages\/1427","targetHints":{"allow":["GET"]}}],"collection":[{"href":"https:\/\/magneticslots.net\/fr\/wp-json\/wp\/v2\/pages"}],"about":[{"href":"https:\/\/magneticslots.net\/fr\/wp-json\/wp\/v2\/types\/page"}],"author":[{"embeddable":true,"href":"https:\/\/magneticslots.net\/fr\/wp-json\/wp\/v2\/users\/1"}],"replies":[{"embeddable":true,"href":"https:\/\/magneticslots.net\/fr\/wp-json\/wp\/v2\/comments?post=1427"}],"version-history":[{"count":2,"href":"https:\/\/magneticslots.net\/fr\/wp-json\/wp\/v2\/pages\/1427\/revisions"}],"predecessor-version":[{"id":1581,"href":"https:\/\/magneticslots.net\/fr\/wp-json\/wp\/v2\/pages\/1427\/revisions\/1581"}],"wp:attachment":[{"href":"https:\/\/magneticslots.net\/fr\/wp-json\/wp\/v2\/media?parent=1427"}],"curies":[{"name":"wp","href":"https:\/\/api.w.org\/{rel}","templated":true}]}}