{"id":1479,"date":"2025-12-20T08:57:03","date_gmt":"2025-12-20T08:57:03","guid":{"rendered":"https:\/\/magneticslots.net\/login-and-registration\/"},"modified":"2025-12-20T14:05:35","modified_gmt":"2025-12-20T14:05:35","slug":"inicio-de-sesion-y-registro","status":"publish","type":"page","link":"https:\/\/magneticslots.net\/es\/inicio-de-sesion-y-registro\/","title":{"rendered":"Inicio de sesi\u00f3n y Registro"},"content":{"rendered":"<h1>Inicio de sesi\u00f3n en Magneticslots: Registro y control de la cuenta<\/h1>\n<p>Solo un paso separa a los usuarios espa\u00f1oles de los juegos con dinero real: el Magneticslots login. Tras crear una cuenta, no solo tendr\u00e1s a tu disposici\u00f3n miles de t\u00edtulos diferentes, sino tambi\u00e9n bonificaciones, torneos, pagos y servicio de atenci\u00f3n al cliente. Los jugadores deben ser mayores de 18 a\u00f1os para registrarse en Magneticslots Casino. El proceso se puede completar en pocos minutos.<\/p>\n<p><div class=\"banner-wrap\" aria-label=\"Banner\"><img src=\"https:\/\/magneticslots.net\/wp-content\/uploads\/2025\/12\/header-bg-1.webp\" class=\"w-100 d-none d-lg-block img-pc main-banner-img\" alt=\"Magneticslots banner desktop\" fetchpriority=\"high\" decoding=\"async\"><img src=\"https:\/\/magneticslots.net\/wp-content\/uploads\/2025\/12\/MagneticSlots-mobile-banner.webp\" class=\"w-100 d-none d-md-block d-lg-none main-banner-img\" alt=\"Magneticslots banner mobile\" fetchpriority=\"high\" decoding=\"async\"><img src=\"https:\/\/magneticslots.net\/wp-content\/uploads\/2025\/12\/MagneticSlots-mobile-banner.webp\" class=\"w-100 d-md-none\" alt=\"Magneticslots banner mobile\" fetchpriority=\"high\" decoding=\"async\"><div class=\"banner-description\">\n<div class=\"banner-title\">Bonos de bienvenida<\/div>\n<p class=\"banner-header-title\">1500 \u20ac<\/p>\n<div class=\"banner-header-AdditionalText\">+ 250 Tiradas gratis<\/div>\n<button data-item=\"homepage_banner_link\" class=\"goto m-button m-gradient-border m-button--primary m-button--large banner-button btn-orange\">\n            <div class=\"m-button-content\">\n                <span>Reg\u00edstrate ahora<\/span>\n                <span><\/span>\n            <\/div>\n        <\/button>\n<\/div>\n<div class=\"WelcomePack\">\n<p><img loading=\"lazy\" decoding=\"async\" class=\"alignnone size-full wp-image-1338\" src=\"https:\/\/magneticslots.net\/wp-content\/uploads\/2025\/12\/welcome-crown.svg\" alt=\"crown\" width=\"25\" height=\"26\" \/><\/p>\n<div class=\"WelcomePack-Info\">Reembolso semanal de hasta el 25 %<\/div>\n<p><img loading=\"lazy\" decoding=\"async\" class=\"alignnone size-full wp-image-1338\" src=\"https:\/\/magneticslots.net\/wp-content\/uploads\/2025\/12\/welcome-crown.svg\" alt=\"crown\" width=\"25\" height=\"26\" \/><\/p>\n<\/div>\n<\/div><div class=\"scrollable-content-wrap my-5\"><div class=\"scrollable-content-inner\"><h2>Registro de nuevos jugadores en Magnetic Slots Casino<\/h2>\n<p>Para comenzar tu aventura en un casino online, solo tienes que registrarte. Sin una cuenta en Magnetic Slots Casino, puedes jugar a algunos t\u00edtulos en modo demo. El proceso de registro se ha dise\u00f1ado para que sea sencillo, incluso para los principiantes. Solo te pedimos la informaci\u00f3n esencial, como tu direcci\u00f3n de correo electr\u00f3nico y contrase\u00f1a.<\/p>\n<p>Despu\u00e9s de registrarte, podr\u00e1s disfrutar de m\u00e1s de 6.000 t\u00edtulos y aprovechar muchas ofertas de bonificaci\u00f3n en Magneticslots. Para crear una nueva cuenta, solo tienes que seguir nuestras instrucciones a continuaci\u00f3n:<\/p>\n<ol>\n<li>Haga clic en el bot\u00f3n \u00abRegistrarse\u00bb de la p\u00e1gina principal. Se encuentra en la esquina superior derecha.<\/li>\n<li>Introduce tu direcci\u00f3n de correo electr\u00f3nico y contrase\u00f1a. Aseg\u00farate de que tu contrase\u00f1a sea segura.<\/li>\n<li>Confirma los t\u00e9rminos y condiciones de la plataforma y acepta que eres mayor de 18 a\u00f1os.<\/li>\n<li>Haga clic en \u00abRegistrarse\u00bb despu\u00e9s de comprobar dos veces la informaci\u00f3n introducida.<\/li>\n<li>Rellene el formulario con su nombre completo, fecha de nacimiento, direcci\u00f3n postal y moneda. Puede omitir este paso y completarlo m\u00e1s tarde.<\/li>\n<li>Haga clic en \u00abGuardar\u00bb para confirmar la informaci\u00f3n introducida. Si es necesario, puede modificar esta informaci\u00f3n en la configuraci\u00f3n de su perfil personal.<\/li>\n<\/ol>\n<h2>Acceso y gesti\u00f3n de la cuenta Magneticslots<\/h2>\n<p>Si ya tienes una cuenta, solo tienes que completar el proceso de inicio de sesi\u00f3n en Magneticslots. Para ello, debes utilizar la informaci\u00f3n personal que introdujiste al registrarte. En la tabla siguiente encontrar\u00e1s instrucciones paso a paso para acceder a tu cuenta.<\/p>\n<table>\n<tbody>\n<tr>\n<td>Paso<\/td>\n<td>Detalles<\/td>\n<\/tr>\n<tr>\n<td>Haga clic en el bot\u00f3n \u00abIniciar sesi\u00f3n\u00bb.<\/td>\n<td>Se encuentra en la esquina superior derecha del sitio web.<\/td>\n<\/tr>\n<tr>\n<td>Introduzca sus credenciales<\/td>\n<td>Rellene los campos con el correo electr\u00f3nico y la contrase\u00f1a que utiliz\u00f3 al registrarse.<\/td>\n<\/tr>\n<tr>\n<td>Completa la autenticaci\u00f3n de dos factores (si est\u00e1 habilitada).<\/td>\n<td>Si configura la autenticaci\u00f3n de dos factores, deber\u00e1 introducir el c\u00f3digo de verificaci\u00f3n que se le ha enviado a su tel\u00e9fono o a la aplicaci\u00f3n de autenticaci\u00f3n.<\/td>\n<\/tr>\n<tr>\n<td>Enviar el formulario<\/td>\n<td>Haga clic en el bot\u00f3n \u00abIniciar sesi\u00f3n\u00bb para acceder a su cuenta.<\/td>\n<\/tr>\n<tr>\n<td>Solucione los problemas si es necesario.<\/td>\n<td>Si no puede iniciar sesi\u00f3n, utilice la opci\u00f3n \u00abOlvid\u00e9 mi contrase\u00f1a\u00bb o p\u00f3ngase en contacto con nuestro equipo de asistencia multiling\u00fce para obtener ayuda.<\/td>\n<\/tr>\n<\/tbody>\n<\/table>\n<h3>\u00bfOlvid\u00f3 su contrase\u00f1a?<\/h3>\n<p>Cuando creas una contrase\u00f1a segura para la cuenta de Magneticslots, siempre existe la posibilidad de que en alg\u00fan momento la olvides. Pero eso no significa que tengas que crear un nuevo perfil. Tenemos una soluci\u00f3n para ti. Todos los usuarios pueden cambiar su contrase\u00f1a a trav\u00e9s del formulario de inicio de sesi\u00f3n en Magneticslots. Solo tienes que hacer clic en el enlace \u00ab\u00bfHas olvidado tu contrase\u00f1a?\u00bb, introducir tu direcci\u00f3n de correo electr\u00f3nico y te enviaremos el enlace para restablecerla en menos de un minuto. Aseg\u00farate de introducir la direcci\u00f3n de correo electr\u00f3nico que utilizaste al registrarte.<\/p>\n<h3>Magnetic Slots Casino: Seguridad y verificaci\u00f3n de la cuenta<\/h3>\n<p>Tu seguridad es nuestra principal prioridad. Adem\u00e1s de proteger todos tus datos con cifrado SSL y cumplir con todas las normativas necesarias, tambi\u00e9n te ofrecemos la posibilidad de configurar medidas de seguridad adicionales. Tras completar el proceso de inicio de sesi\u00f3n en Magneticslots, puedes configurar adicionalmente la autenticaci\u00f3n de dos factores.<\/p>\n<p>Para mantener una plataforma segura y prevenir el fraude, solicitamos a todos nuestros clientes que completen el proceso de verificaci\u00f3n. Esto significa que debe cargar copias o fotos de sus documentos personales para verificar su identidad, edad, domicilio y titularidad de la cuenta de pago. Nuestros gerentes revisar\u00e1n los documentos cargados en un plazo de 48 horas y le dar\u00e1n una respuesta.<\/p>\n<h2>Preguntas frecuentes<\/h2>\n<h3>Cuando intento iniciar sesi\u00f3n en mi cuenta, aparece un mensaje que dice que ha sido bloqueada. \u00bfQu\u00e9 debo hacer?<\/h3>\n<p>Siempre te enviamos un correo electr\u00f3nico con una explicaci\u00f3n e informaci\u00f3n adicional sobre el bloqueo de tu cuenta. Si no has recibido nada, ponte en contacto con nuestro equipo de asistencia.<\/p>\n<h3>\u00bfC\u00f3mo actualizar la contrase\u00f1a o la direcci\u00f3n de correo electr\u00f3nico?<\/h3>\n<p>Los usuarios de Magneticslots tienen la oportunidad de cambiar su informaci\u00f3n personal o de pago en cualquier momento. Se puede hacer en la configuraci\u00f3n de la cuenta en pocos minutos.<\/p>\n<h3>\u00bfPuedo cerrar o pausar temporalmente mi cuenta?<\/h3>\n<p>Para cerrar o bloquear temporalmente su cuenta, debe enviarnos un correo electr\u00f3nico o enviar una solicitud a trav\u00e9s del chat en vivo. Nuestros gestores profesionales de Magnetic Slots Casino tomar\u00e1n todas las medidas necesarias y le proporcionar\u00e1n informaci\u00f3n adicional sobre c\u00f3mo reabrir su cuenta.<\/p>\n<\/div><\/div><\/p>\n","protected":false},"excerpt":{"rendered":"<p>Inicio de sesi\u00f3n en Magneticslots: Registro y control de la cuenta Solo un paso separa a los usuarios espa\u00f1oles de los juegos con dinero real: el Magneticslots login. Tras crear una cuenta, no solo tendr\u00e1s a tu disposici\u00f3n miles de t\u00edtulos diferentes, sino tambi\u00e9n bonificaciones, torneos, pagos y servicio de atenci\u00f3n al cliente. Los jugadores [&hellip;]<\/p>\n","protected":false},"author":1,"featured_media":0,"parent":0,"menu_order":0,"comment_status":"closed","ping_status":"closed","template":"template-builder.php","meta":{"_acf_changed":false,"inline_featured_image":false,"footnotes":""},"class_list":["post-1479","page","type-page","status-publish","hentry"],"acf":[],"yoast_head":"<!-- This site is optimized with the Yoast SEO plugin v27.3 - https:\/\/yoast.com\/product\/yoast-seo-wordpress\/ -->\n<title>Magneticslots Inicio de sesi\u00f3n y registro<\/title>\n<meta name=\"description\" content=\"Crea, gestiona y verifica tu cuenta de Magneticslots Casino sin esfuerzo. Disfruta de un registro r\u00e1pido, una recuperaci\u00f3n de cuenta sencilla y un cierre seguro con Magneticslots Login, que mantiene tu cuenta protegida las 24 horas del d\u00eda.\" \/>\n<meta name=\"robots\" content=\"index, follow, max-snippet:-1, max-image-preview:large, max-video-preview:-1\" \/>\n<link rel=\"canonical\" href=\"https:\/\/magneticslots.net\/es\/inicio-de-sesion-y-registro\/\" \/>\n<meta property=\"og:locale\" content=\"es_ES\" \/>\n<meta property=\"og:type\" content=\"article\" \/>\n<meta property=\"og:title\" content=\"Magneticslots Inicio de sesi\u00f3n y registro\" \/>\n<meta property=\"og:description\" content=\"Crea, gestiona y verifica tu cuenta de Magneticslots Casino sin esfuerzo. Disfruta de un registro r\u00e1pido, una recuperaci\u00f3n de cuenta sencilla y un cierre seguro con Magneticslots Login, que mantiene tu cuenta protegida las 24 horas del d\u00eda.\" \/>\n<meta property=\"og:url\" content=\"https:\/\/magneticslots.net\/es\/inicio-de-sesion-y-registro\/\" \/>\n<meta property=\"og:site_name\" content=\"magneticslots\" \/>\n<meta property=\"article:modified_time\" content=\"2025-12-20T14:05:35+00:00\" \/>\n<meta name=\"twitter:card\" content=\"summary_large_image\" \/>\n<meta name=\"twitter:label1\" content=\"Est. reading time\" \/>\n\t<meta name=\"twitter:data1\" content=\"1 minuto\" \/>\n<script type=\"application\/ld+json\" class=\"yoast-schema-graph\">{\"@context\":\"https:\\\/\\\/schema.org\",\"@graph\":[{\"@type\":\"WebPage\",\"@id\":\"https:\\\/\\\/magneticslots.net\\\/es\\\/inicio-de-sesion-y-registro\\\/\",\"url\":\"https:\\\/\\\/magneticslots.net\\\/es\\\/inicio-de-sesion-y-registro\\\/\",\"name\":\"Magneticslots Inicio de sesi\u00f3n y registro\",\"isPartOf\":{\"@id\":\"https:\\\/\\\/magneticslots.net\\\/es\\\/#website\"},\"datePublished\":\"2025-12-20T08:57:03+00:00\",\"dateModified\":\"2025-12-20T14:05:35+00:00\",\"description\":\"Crea, gestiona y verifica tu cuenta de Magneticslots Casino sin esfuerzo. Disfruta de un registro r\u00e1pido, una recuperaci\u00f3n de cuenta sencilla y un cierre seguro con Magneticslots Login, que mantiene tu cuenta protegida las 24 horas del d\u00eda.\",\"breadcrumb\":{\"@id\":\"https:\\\/\\\/magneticslots.net\\\/es\\\/inicio-de-sesion-y-registro\\\/#breadcrumb\"},\"inLanguage\":\"es\",\"potentialAction\":[{\"@type\":\"ReadAction\",\"target\":[\"https:\\\/\\\/magneticslots.net\\\/es\\\/inicio-de-sesion-y-registro\\\/\"]}]},{\"@type\":\"BreadcrumbList\",\"@id\":\"https:\\\/\\\/magneticslots.net\\\/es\\\/inicio-de-sesion-y-registro\\\/#breadcrumb\",\"itemListElement\":[{\"@type\":\"ListItem\",\"position\":1,\"name\":\"Magneticslots\",\"item\":\"https:\\\/\\\/magneticslots.net\\\/es\\\/\"},{\"@type\":\"ListItem\",\"position\":2,\"name\":\"Inicio de sesi\u00f3n y Registro\"}]},{\"@type\":\"WebSite\",\"@id\":\"https:\\\/\\\/magneticslots.net\\\/es\\\/#website\",\"url\":\"https:\\\/\\\/magneticslots.net\\\/es\\\/\",\"name\":\"Magneticslots\",\"description\":\"\",\"publisher\":{\"@id\":\"https:\\\/\\\/magneticslots.net\\\/es\\\/#organization\"},\"potentialAction\":[{\"@type\":\"SearchAction\",\"target\":{\"@type\":\"EntryPoint\",\"urlTemplate\":\"https:\\\/\\\/magneticslots.net\\\/es\\\/?s={search_term_string}\"},\"query-input\":{\"@type\":\"PropertyValueSpecification\",\"valueRequired\":true,\"valueName\":\"search_term_string\"}}],\"inLanguage\":\"es\"},{\"@type\":\"Organization\",\"@id\":\"https:\\\/\\\/magneticslots.net\\\/es\\\/#organization\",\"name\":\"Magneticslots\",\"url\":\"https:\\\/\\\/magneticslots.net\\\/es\\\/\",\"logo\":{\"@type\":\"ImageObject\",\"inLanguage\":\"es\",\"@id\":\"https:\\\/\\\/magneticslots.net\\\/es\\\/#\\\/schema\\\/logo\\\/image\\\/\",\"url\":\"https:\\\/\\\/magneticslots.net\\\/wp-content\\\/uploads\\\/2025\\\/12\\\/logo.svg\",\"contentUrl\":\"https:\\\/\\\/magneticslots.net\\\/wp-content\\\/uploads\\\/2025\\\/12\\\/logo.svg\",\"width\":160,\"height\":27,\"caption\":\"Magneticslots\"},\"image\":{\"@id\":\"https:\\\/\\\/magneticslots.net\\\/es\\\/#\\\/schema\\\/logo\\\/image\\\/\"}}]}<\/script>\n<!-- \/ Yoast SEO plugin. -->","yoast_head_json":{"title":"Magneticslots Inicio de sesi\u00f3n y registro","description":"Crea, gestiona y verifica tu cuenta de Magneticslots Casino sin esfuerzo. Disfruta de un registro r\u00e1pido, una recuperaci\u00f3n de cuenta sencilla y un cierre seguro con Magneticslots Login, que mantiene tu cuenta protegida las 24 horas del d\u00eda.","robots":{"index":"index","follow":"follow","max-snippet":"max-snippet:-1","max-image-preview":"max-image-preview:large","max-video-preview":"max-video-preview:-1"},"canonical":"https:\/\/magneticslots.net\/es\/inicio-de-sesion-y-registro\/","og_locale":"es_ES","og_type":"article","og_title":"Magneticslots Inicio de sesi\u00f3n y registro","og_description":"Crea, gestiona y verifica tu cuenta de Magneticslots Casino sin esfuerzo. Disfruta de un registro r\u00e1pido, una recuperaci\u00f3n de cuenta sencilla y un cierre seguro con Magneticslots Login, que mantiene tu cuenta protegida las 24 horas del d\u00eda.","og_url":"https:\/\/magneticslots.net\/es\/inicio-de-sesion-y-registro\/","og_site_name":"magneticslots","article_modified_time":"2025-12-20T14:05:35+00:00","twitter_card":"summary_large_image","twitter_misc":{"Est. reading time":"1 minuto"},"schema":{"@context":"https:\/\/schema.org","@graph":[{"@type":"WebPage","@id":"https:\/\/magneticslots.net\/es\/inicio-de-sesion-y-registro\/","url":"https:\/\/magneticslots.net\/es\/inicio-de-sesion-y-registro\/","name":"Magneticslots Inicio de sesi\u00f3n y registro","isPartOf":{"@id":"https:\/\/magneticslots.net\/es\/#website"},"datePublished":"2025-12-20T08:57:03+00:00","dateModified":"2025-12-20T14:05:35+00:00","description":"Crea, gestiona y verifica tu cuenta de Magneticslots Casino sin esfuerzo. Disfruta de un registro r\u00e1pido, una recuperaci\u00f3n de cuenta sencilla y un cierre seguro con Magneticslots Login, que mantiene tu cuenta protegida las 24 horas del d\u00eda.","breadcrumb":{"@id":"https:\/\/magneticslots.net\/es\/inicio-de-sesion-y-registro\/#breadcrumb"},"inLanguage":"es","potentialAction":[{"@type":"ReadAction","target":["https:\/\/magneticslots.net\/es\/inicio-de-sesion-y-registro\/"]}]},{"@type":"BreadcrumbList","@id":"https:\/\/magneticslots.net\/es\/inicio-de-sesion-y-registro\/#breadcrumb","itemListElement":[{"@type":"ListItem","position":1,"name":"Magneticslots","item":"https:\/\/magneticslots.net\/es\/"},{"@type":"ListItem","position":2,"name":"Inicio de sesi\u00f3n y Registro"}]},{"@type":"WebSite","@id":"https:\/\/magneticslots.net\/es\/#website","url":"https:\/\/magneticslots.net\/es\/","name":"Magneticslots","description":"","publisher":{"@id":"https:\/\/magneticslots.net\/es\/#organization"},"potentialAction":[{"@type":"SearchAction","target":{"@type":"EntryPoint","urlTemplate":"https:\/\/magneticslots.net\/es\/?s={search_term_string}"},"query-input":{"@type":"PropertyValueSpecification","valueRequired":true,"valueName":"search_term_string"}}],"inLanguage":"es"},{"@type":"Organization","@id":"https:\/\/magneticslots.net\/es\/#organization","name":"Magneticslots","url":"https:\/\/magneticslots.net\/es\/","logo":{"@type":"ImageObject","inLanguage":"es","@id":"https:\/\/magneticslots.net\/es\/#\/schema\/logo\/image\/","url":"https:\/\/magneticslots.net\/wp-content\/uploads\/2025\/12\/logo.svg","contentUrl":"https:\/\/magneticslots.net\/wp-content\/uploads\/2025\/12\/logo.svg","width":160,"height":27,"caption":"Magneticslots"},"image":{"@id":"https:\/\/magneticslots.net\/es\/#\/schema\/logo\/image\/"}}]}},"_links":{"self":[{"href":"https:\/\/magneticslots.net\/es\/wp-json\/wp\/v2\/pages\/1479","targetHints":{"allow":["GET"]}}],"collection":[{"href":"https:\/\/magneticslots.net\/es\/wp-json\/wp\/v2\/pages"}],"about":[{"href":"https:\/\/magneticslots.net\/es\/wp-json\/wp\/v2\/types\/page"}],"author":[{"embeddable":true,"href":"https:\/\/magneticslots.net\/es\/wp-json\/wp\/v2\/users\/1"}],"replies":[{"embeddable":true,"href":"https:\/\/magneticslots.net\/es\/wp-json\/wp\/v2\/comments?post=1479"}],"version-history":[{"count":2,"href":"https:\/\/magneticslots.net\/es\/wp-json\/wp\/v2\/pages\/1479\/revisions"}],"predecessor-version":[{"id":1828,"href":"https:\/\/magneticslots.net\/es\/wp-json\/wp\/v2\/pages\/1479\/revisions\/1828"}],"wp:attachment":[{"href":"https:\/\/magneticslots.net\/es\/wp-json\/wp\/v2\/media?parent=1479"}],"curies":[{"name":"wp","href":"https:\/\/api.w.org\/{rel}","templated":true}]}}