{"id":1436,"date":"2025-12-20T08:52:32","date_gmt":"2025-12-20T08:52:32","guid":{"rendered":"https:\/\/magneticslots.net\/app-2\/"},"modified":"2025-12-20T14:03:56","modified_gmt":"2025-12-20T14:03:56","slug":"aplicacion","status":"publish","type":"page","link":"https:\/\/magneticslots.net\/es\/aplicacion\/","title":{"rendered":"Aplicaci\u00f3n"},"content":{"rendered":"<h1>Magneticslots aplicaci\u00f3n de juegos<\/h1>\n<p>Todos los sitios web y fuentes de Internet modernos cuentan ahora con una versi\u00f3n m\u00f3vil, y nosotros no somos una excepci\u00f3n con la Magneticslots App. Esto hace que la vida de los usuarios espa\u00f1oles sea mucho m\u00e1s flexible. Por eso hemos desarrollado un c\u00f3modo software m\u00f3vil para Android e iOS. Puedes descargarlo desde nuestro sitio web en pocos minutos. En el software m\u00f3vil encontrar\u00e1s los mismos t\u00edtulos y funcionalidades que en la versi\u00f3n principal para ordenador.<\/p>\n<div class=\"banner-wrap\" aria-label=\"Banner\"><img src=\"https:\/\/magneticslots.net\/wp-content\/uploads\/2025\/12\/header-bg-1.webp\" class=\"w-100 d-none d-lg-block img-pc main-banner-img\" alt=\"Magneticslots banner desktop\" fetchpriority=\"high\" decoding=\"async\"><img src=\"https:\/\/magneticslots.net\/wp-content\/uploads\/2025\/12\/MagneticSlots-mobile-banner.webp\" class=\"w-100 d-none d-md-block d-lg-none main-banner-img\" alt=\"Magneticslots banner mobile\" fetchpriority=\"high\" decoding=\"async\"><img src=\"https:\/\/magneticslots.net\/wp-content\/uploads\/2025\/12\/MagneticSlots-mobile-banner.webp\" class=\"w-100 d-md-none\" alt=\"Magneticslots banner mobile\" fetchpriority=\"high\" decoding=\"async\"><div class=\"banner-description\">\n<div class=\"banner-title\">Bonos de bienvenida<\/div>\n<p class=\"banner-header-title\">1500 \u20ac<\/p>\n<div class=\"banner-header-AdditionalText\">+ 250 Tiradas gratis<\/div>\n<button data-item=\"homepage_banner_link\" class=\"goto m-button m-gradient-border m-button--primary m-button--large banner-button btn-orange\">\n            <div class=\"m-button-content\">\n                <span>Reg\u00edstrate ahora<\/span>\n                <span><\/span>\n            <\/div>\n        <\/button>\n<\/div>\n<div class=\"WelcomePack\">\n<p><img loading=\"lazy\" decoding=\"async\" class=\"alignnone size-full wp-image-1338\" src=\"https:\/\/magneticslots.net\/wp-content\/uploads\/2025\/12\/welcome-crown.svg\" alt=\"crown\" width=\"25\" height=\"26\" \/><\/p>\n<div class=\"WelcomePack-Info\">Reembolso semanal de hasta el 25 %<\/div>\n<p><img loading=\"lazy\" decoding=\"async\" class=\"alignnone size-full wp-image-1338\" src=\"https:\/\/magneticslots.net\/wp-content\/uploads\/2025\/12\/welcome-crown.svg\" alt=\"crown\" width=\"25\" height=\"26\" \/><\/p>\n<\/div>\n<\/div>\n<h2>Magneticslots con aplicaci\u00f3n m\u00f3vil<\/h2>\n<p>Con Magnetic Slots Casino, puedes jugar a tus juegos favoritos est\u00e9s donde est\u00e9s. Solo necesitas un dispositivo m\u00f3vil y una conexi\u00f3n a Internet estable. Los usuarios tienen acceso a toda la colecci\u00f3n de juegos, pagos, bonificaciones, servicio de atenci\u00f3n al cliente y mucho m\u00e1s. En el casino m\u00f3vil, puedes completar f\u00e1cilmente el proceso de registro o iniciar sesi\u00f3n. Todas estas caracter\u00edsticas te garantizan una maravillosa experiencia de juego cuando eliges la aplicaci\u00f3n Magneticslots.<\/p>\n<p>Los jugadores de Magneticslots pueden utilizar el casino de diferentes maneras desde sus tel\u00e9fonos inteligentes o tabletas. Existe una c\u00f3moda versi\u00f3n para navegadores m\u00f3viles. Est\u00e1 optimizada para las pantallas m\u00e1s peque\u00f1as de los dispositivos m\u00f3viles. Adem\u00e1s, ofrecemos la aplicaci\u00f3n Magneticslots, que le proporciona una experiencia a\u00fan m\u00e1s personalizada. Ambas opciones funcionan de forma fluida y r\u00e1pida. Solo depende de usted qu\u00e9 elegir.<\/p>\n<p><div class=\"scrollable-content-wrap my-5\"><div class=\"scrollable-content-inner\"><h2>Magneticslots Casino app para Android<\/h2>\n<p>Tener un dispositivo Android te brinda la oportunidad de disfrutar del proceso de juego en cualquier situaci\u00f3n. No solo ofrecemos parte de las oportunidades, sino toda la experiencia. En la aplicaci\u00f3n Magneticslots, tendr\u00e1s acceso a m\u00e1s de 6.000 t\u00edtulos de diferentes categor\u00edas y g\u00e9neros.<\/p>\n<p>Nuestro software m\u00f3vil est\u00e1 desarrollado como una aplicaci\u00f3n web progresiva (PWA). Esto significa que no tienes que descargar ning\u00fan archivo desconocido Magneticslots APK en tu dispositivo. La instalaci\u00f3n es f\u00e1cil y solo tarda 3 minutos. Solo tienes que ir al pie de p\u00e1gina de nuestro sitio web y hacer clic en el bot\u00f3n \u00abAplicaci\u00f3n de casino\u00bb para iniciar la instalaci\u00f3n. Una vez que todo est\u00e9 listo, aparecer\u00e1 en tu pantalla de inicio.<\/p>\n<p>Los usuarios tambi\u00e9n pueden disfrutar de Magnetic Slots Casino en la versi\u00f3n para navegador. Para acceder m\u00e1s r\u00e1pidamente, puede instalar el icono de acceso directo. Esto se puede hacer en cualquier navegador moderno desde un smartphone o una tableta.<\/p>\n<table>\n<tbody>\n<tr>\n<td>Paso<\/td>\n<td>Detalles<\/td>\n<\/tr>\n<tr>\n<td>Abre el navegador de tu m\u00f3vil.<\/td>\n<td>Inicie Google Chrome u otro navegador compatible en su dispositivo Android y visite el sitio web del casino.<\/td>\n<\/tr>\n<tr>\n<td>Ir a la p\u00e1gina de inicio<\/td>\n<td>Aseg\u00farate de estar en la p\u00e1gina principal Magneticslots para que la opci\u00f3n de acceso directo se active correctamente.<\/td>\n<\/tr>\n<tr>\n<td>Abrir el men\u00fa del navegador<\/td>\n<td>Toca el men\u00fa de tres puntos situado en la esquina superior derecha de Chrome para acceder a opciones adicionales.<\/td>\n<\/tr>\n<tr>\n<td>Selecciona \u00abA\u00f1adir a la pantalla de inicio\u00bb.<\/td>\n<td>Selecciona la opci\u00f3n \u00abA\u00f1adir a la pantalla de inicio\u00bb en el men\u00fa para comenzar a crear el icono de acceso directo.<\/td>\n<\/tr>\n<tr>\n<td>Confirmar nombre e icono<\/td>\n<td>Revise el nombre del acceso directo sugerido y modif\u00edquelo si es necesario. La vista previa del icono se mostrar\u00e1 autom\u00e1ticamente.<\/td>\n<\/tr>\n<tr>\n<td>Haga clic en \u00abA\u00f1adir\u00bb.<\/td>\n<td>Confirma la acci\u00f3n pulsando \u00abA\u00f1adir\u00bb. Es posible que tu dispositivo te pregunte si deseas colocarlo manual o autom\u00e1ticamente.<\/td>\n<\/tr>\n<\/tbody>\n<\/table>\n<p><img loading=\"lazy\" decoding=\"async\" src=\"https:\/\/magneticslots.net\/wp-content\/uploads\/2025\/12\/MagneticSlots-Android.webp\" alt=\"MagneticSlots Android\" width=\"1248\" height=\"536\" \/><\/p>\n<\/div><\/div><div style=\"clear: both\"><\/div><div class=\"d-flex justify-content-center\"><button data-item=\"decouvrez_link\" data-group=\"website_links\" class=\"goto fw-bold rounded-pill btn btn-orange\" aria-label=\"Descarga la aplicaci\u00f3n MagneticSlots\" >Descarga la aplicaci\u00f3n MagneticSlots<\/button><\/div><div class=\"scrollable-content-wrap my-5\"><div class=\"scrollable-content-inner\"><h2>Magneticslots Casino app para iOS<\/h2>\n<p>Los usuarios de iOS tampoco est\u00e1n limitados a sus hogares o a la ubicaci\u00f3n del ordenador. La versi\u00f3n m\u00f3vil y el software permiten a todo el mundo jugar sobre la marcha. Debido a las restricciones de la App Store sobre el software de juegos de azar, puede descargar la aplicaci\u00f3n Magneticslots desde nuestro sitio web oficial. Le recomendamos que evite instalarla desde sitios web de terceros, ya que puede ser inseguro para su dispositivo.<\/p>\n<p>Si no est\u00e1s seguro sobre el software, puedes empezar con la versi\u00f3n para navegador. Ofrece el mismo dise\u00f1o, navegaci\u00f3n y juegos que la versi\u00f3n para ordenador. Pero los botones son m\u00e1s grandes, hay una funci\u00f3n de desplazamiento y deslizamiento y controles de juego t\u00e1ctiles. Si prefieres tener un acceso r\u00e1pido a Magneticslots Casino a trav\u00e9s de la aplicaci\u00f3n, sigue las instrucciones de la tabla siguiente.<\/p>\n<table>\n<tbody>\n<tr>\n<td>Paso<\/td>\n<td>Detalles<\/td>\n<\/tr>\n<tr>\n<td>Abre el navegador Safari.<\/td>\n<td>Inicie Safari en su iPhone o iPad y acceda al sitio web del casino.<\/td>\n<\/tr>\n<tr>\n<td>Navega hasta el pie de p\u00e1gina y haz clic en \u00abAplicaci\u00f3n del casino\u00bb.<\/td>\n<td>Aseg\u00farate de estar en la p\u00e1gina principal Magnetic Slots, donde se encuentra el enlace de instalaci\u00f3n de la PWA.<\/td>\n<\/tr>\n<tr>\n<td>Instalar la PWA<\/td>\n<td>Pulsa \u00abInstalar\u00bb en el centro de la pantalla. La PWA se instalar\u00e1 en unos minutos y aparecer\u00e1 en tu pantalla de inicio.<\/td>\n<\/tr>\n<tr>\n<td>Iniciar y jugar<\/td>\n<td>Abre la aplicaci\u00f3n Magneticslots desde tu pantalla de inicio, inicia sesi\u00f3n en tu cuenta y empieza a jugar.<\/td>\n<\/tr>\n<\/tbody>\n<\/table>\n<p><img loading=\"lazy\" decoding=\"async\" src=\"https:\/\/magneticslots.net\/wp-content\/uploads\/2025\/12\/MagneticSlots-iOS.webp\" alt=\"MagneticSlots iOS\" width=\"1248\" height=\"536\" \/><\/p>\n<\/div><\/div><div style=\"clear: both\"><\/div><div class=\"d-flex justify-content-center\"><button data-item=\"decouvrez_link\" data-group=\"website_links\" class=\"goto fw-bold rounded-pill btn btn-orange\" aria-label=\"Descargar MagneticSlots\" >Descargar MagneticSlots<\/button><\/div><div class=\"scrollable-content-wrap my-5\"><div class=\"scrollable-content-inner\"><h2>Descargar aplicaciones para Windows y macOS<\/h2>\n<p>Al describir todas las opciones m\u00f3viles, no nos hemos olvidado de nuestra versi\u00f3n para ordenador. Entendemos que para algunos usuarios es importante disponer de una pantalla grande y del ambiente relajado del hogar. Los usuarios de Magneticslots Casino pueden utilizar la versi\u00f3n para navegador o descargar el software para ordenador. La segunda opci\u00f3n ofrece una experiencia m\u00e1s personalizada, adem\u00e1s de las siguientes ventajas:<\/p>\n<ul>\n<li>Rendimiento m\u00e1s r\u00e1pido<\/li>\n<li>Gr\u00e1ficos y sonido mejorados<\/li>\n<li>Jugabilidad estable<\/li>\n<li>Acceso instant\u00e1neo<\/li>\n<li>Caracter\u00edsticas y bonificaciones exclusivas<\/li>\n<\/ul>\n<p><img loading=\"lazy\" decoding=\"async\" src=\"https:\/\/magneticslots.net\/wp-content\/uploads\/2025\/12\/MagneticSlots-Desktop.webp\" alt=\"MagneticSlots Desktop\" width=\"1248\" height=\"536\" \/><\/p>\n<\/div><\/div><div style=\"clear: both\"><\/div><div class=\"d-flex justify-content-center\"><button data-item=\"decouvrez_link\" data-group=\"website_links\" class=\"goto fw-bold rounded-pill btn btn-orange\" aria-label=\"Descarga la aplicaci\u00f3n MagneticSlots\" >Descarga la aplicaci\u00f3n MagneticSlots<\/button><\/div><div class=\"scrollable-content-wrap my-5\"><div class=\"scrollable-content-inner\"><h2>Preguntas frecuentes<\/h2>\n<h3>\u00bfLa aplicaci\u00f3n Magnetic Slots Casino ofrece atenci\u00f3n al cliente?<\/h3>\n<p>El equipo de asistencia es una parte muy importante de cualquier casino online. En nuestra aplicaci\u00f3n, encontrar\u00e1s un chat en vivo donde nuestros gestores te ayudar\u00e1n en pocos minutos. Tambi\u00e9n puedes ponerte en contacto con nosotros por correo electr\u00f3nico para obtener explicaciones m\u00e1s detalladas.<\/p>\n<h3>\u00bfEs necesario crear una cuenta para utilizar la aplicaci\u00f3n Magnetic Slots app?<\/h3>\n<p>Para acceder a todas las funciones y herramientas del software m\u00f3vil Magnetic Slots, es necesario crear una cuenta o iniciar sesi\u00f3n. Pero no se preocupe, los usuarios pueden registrarse y completar el proceso de verificaci\u00f3n directamente en la aplicaci\u00f3n en pocos minutos.<\/p>\n<h3>\u00bfTodos los juegos est\u00e1n disponibles en la app?<\/h3>\n<p>Toda nuestra colecci\u00f3n de juegos, con m\u00e1s de 6.000 t\u00edtulos, se presenta en la aplicaci\u00f3n Magneticslots. Encontrar\u00e1s todas tus tragamonedas en l\u00ednea favoritas, juegos de mesa, opciones con crupier en vivo y juegos crash. Est\u00e1n desarrollados de tal manera que se adaptan a cualquier dispositivo moderno.<\/p>\n<h3>\u00bfC\u00f3mo puedo actualizar la aplicaci\u00f3n Magneticslots Casino?<\/h3>\n<p>La PWA se actualiza autom\u00e1ticamente sin que usted tenga que realizar ning\u00fan paso adicional. Esa es una de las muchas caracter\u00edsticas de nuestro software m\u00f3vil. Si lanzamos cambios significativos, le notificaremos si es necesaria una instalaci\u00f3n adicional desde el sitio web.<\/p>\n<\/div><\/div><\/p>\n","protected":false},"excerpt":{"rendered":"<p>Magneticslots aplicaci\u00f3n de juegos Todos los sitios web y fuentes de Internet modernos cuentan ahora con una versi\u00f3n m\u00f3vil, y nosotros no somos una excepci\u00f3n con la Magneticslots App. Esto hace que la vida de los usuarios espa\u00f1oles sea mucho m\u00e1s flexible. Por eso hemos desarrollado un c\u00f3modo software m\u00f3vil para Android e iOS. Puedes [&hellip;]<\/p>\n","protected":false},"author":1,"featured_media":0,"parent":0,"menu_order":0,"comment_status":"closed","ping_status":"closed","template":"template-builder.php","meta":{"_acf_changed":false,"inline_featured_image":false,"footnotes":""},"class_list":["post-1436","page","type-page","status-publish","hentry"],"acf":[],"yoast_head":"<!-- This site is optimized with the Yoast SEO plugin v27.3 - https:\/\/yoast.com\/product\/yoast-seo-wordpress\/ -->\n<title>Aplicaci\u00f3n Magneticslots | Plataformas iOS y Android<\/title>\n<meta name=\"description\" content=\"La aplicaci\u00f3n Magneticslots ofrece una experiencia de juego fluida en Android, iOS, Windows y macOS, con cuentas sincronizadas, actualizaciones peri\u00f3dicas y asistencia al cliente integrada para una experiencia sin complicaciones.\" \/>\n<meta name=\"robots\" content=\"index, follow, max-snippet:-1, max-image-preview:large, max-video-preview:-1\" \/>\n<link rel=\"canonical\" href=\"https:\/\/magneticslots.net\/es\/aplicacion\/\" \/>\n<meta property=\"og:locale\" content=\"es_ES\" \/>\n<meta property=\"og:type\" content=\"article\" \/>\n<meta property=\"og:title\" content=\"Aplicaci\u00f3n Magneticslots | Plataformas iOS y Android\" \/>\n<meta property=\"og:description\" content=\"La aplicaci\u00f3n Magneticslots ofrece una experiencia de juego fluida en Android, iOS, Windows y macOS, con cuentas sincronizadas, actualizaciones peri\u00f3dicas y asistencia al cliente integrada para una experiencia sin complicaciones.\" \/>\n<meta property=\"og:url\" content=\"https:\/\/magneticslots.net\/es\/aplicacion\/\" \/>\n<meta property=\"og:site_name\" content=\"magneticslots\" \/>\n<meta property=\"article:modified_time\" content=\"2025-12-20T14:03:56+00:00\" \/>\n<meta name=\"twitter:card\" content=\"summary_large_image\" \/>\n<meta name=\"twitter:label1\" content=\"Est. reading time\" \/>\n\t<meta name=\"twitter:data1\" content=\"2 minutos\" \/>\n<script type=\"application\/ld+json\" class=\"yoast-schema-graph\">{\"@context\":\"https:\\\/\\\/schema.org\",\"@graph\":[{\"@type\":\"WebPage\",\"@id\":\"https:\\\/\\\/magneticslots.net\\\/es\\\/aplicacion\\\/\",\"url\":\"https:\\\/\\\/magneticslots.net\\\/es\\\/aplicacion\\\/\",\"name\":\"Aplicaci\u00f3n Magneticslots | Plataformas iOS y Android\",\"isPartOf\":{\"@id\":\"https:\\\/\\\/magneticslots.net\\\/es\\\/#website\"},\"datePublished\":\"2025-12-20T08:52:32+00:00\",\"dateModified\":\"2025-12-20T14:03:56+00:00\",\"description\":\"La aplicaci\u00f3n Magneticslots ofrece una experiencia de juego fluida en Android, iOS, Windows y macOS, con cuentas sincronizadas, actualizaciones peri\u00f3dicas y asistencia al cliente integrada para una experiencia sin complicaciones.\",\"breadcrumb\":{\"@id\":\"https:\\\/\\\/magneticslots.net\\\/es\\\/aplicacion\\\/#breadcrumb\"},\"inLanguage\":\"es\",\"potentialAction\":[{\"@type\":\"ReadAction\",\"target\":[\"https:\\\/\\\/magneticslots.net\\\/es\\\/aplicacion\\\/\"]}]},{\"@type\":\"BreadcrumbList\",\"@id\":\"https:\\\/\\\/magneticslots.net\\\/es\\\/aplicacion\\\/#breadcrumb\",\"itemListElement\":[{\"@type\":\"ListItem\",\"position\":1,\"name\":\"Magneticslots\",\"item\":\"https:\\\/\\\/magneticslots.net\\\/es\\\/\"},{\"@type\":\"ListItem\",\"position\":2,\"name\":\"Aplicaci\u00f3n\"}]},{\"@type\":\"WebSite\",\"@id\":\"https:\\\/\\\/magneticslots.net\\\/es\\\/#website\",\"url\":\"https:\\\/\\\/magneticslots.net\\\/es\\\/\",\"name\":\"Magneticslots\",\"description\":\"\",\"publisher\":{\"@id\":\"https:\\\/\\\/magneticslots.net\\\/es\\\/#organization\"},\"potentialAction\":[{\"@type\":\"SearchAction\",\"target\":{\"@type\":\"EntryPoint\",\"urlTemplate\":\"https:\\\/\\\/magneticslots.net\\\/es\\\/?s={search_term_string}\"},\"query-input\":{\"@type\":\"PropertyValueSpecification\",\"valueRequired\":true,\"valueName\":\"search_term_string\"}}],\"inLanguage\":\"es\"},{\"@type\":\"Organization\",\"@id\":\"https:\\\/\\\/magneticslots.net\\\/es\\\/#organization\",\"name\":\"Magneticslots\",\"url\":\"https:\\\/\\\/magneticslots.net\\\/es\\\/\",\"logo\":{\"@type\":\"ImageObject\",\"inLanguage\":\"es\",\"@id\":\"https:\\\/\\\/magneticslots.net\\\/es\\\/#\\\/schema\\\/logo\\\/image\\\/\",\"url\":\"https:\\\/\\\/magneticslots.net\\\/wp-content\\\/uploads\\\/2025\\\/12\\\/logo.svg\",\"contentUrl\":\"https:\\\/\\\/magneticslots.net\\\/wp-content\\\/uploads\\\/2025\\\/12\\\/logo.svg\",\"width\":160,\"height\":27,\"caption\":\"Magneticslots\"},\"image\":{\"@id\":\"https:\\\/\\\/magneticslots.net\\\/es\\\/#\\\/schema\\\/logo\\\/image\\\/\"}}]}<\/script>\n<!-- \/ Yoast SEO plugin. -->","yoast_head_json":{"title":"Aplicaci\u00f3n Magneticslots | Plataformas iOS y Android","description":"La aplicaci\u00f3n Magneticslots ofrece una experiencia de juego fluida en Android, iOS, Windows y macOS, con cuentas sincronizadas, actualizaciones peri\u00f3dicas y asistencia al cliente integrada para una experiencia sin complicaciones.","robots":{"index":"index","follow":"follow","max-snippet":"max-snippet:-1","max-image-preview":"max-image-preview:large","max-video-preview":"max-video-preview:-1"},"canonical":"https:\/\/magneticslots.net\/es\/aplicacion\/","og_locale":"es_ES","og_type":"article","og_title":"Aplicaci\u00f3n Magneticslots | Plataformas iOS y Android","og_description":"La aplicaci\u00f3n Magneticslots ofrece una experiencia de juego fluida en Android, iOS, Windows y macOS, con cuentas sincronizadas, actualizaciones peri\u00f3dicas y asistencia al cliente integrada para una experiencia sin complicaciones.","og_url":"https:\/\/magneticslots.net\/es\/aplicacion\/","og_site_name":"magneticslots","article_modified_time":"2025-12-20T14:03:56+00:00","twitter_card":"summary_large_image","twitter_misc":{"Est. reading time":"2 minutos"},"schema":{"@context":"https:\/\/schema.org","@graph":[{"@type":"WebPage","@id":"https:\/\/magneticslots.net\/es\/aplicacion\/","url":"https:\/\/magneticslots.net\/es\/aplicacion\/","name":"Aplicaci\u00f3n Magneticslots | Plataformas iOS y Android","isPartOf":{"@id":"https:\/\/magneticslots.net\/es\/#website"},"datePublished":"2025-12-20T08:52:32+00:00","dateModified":"2025-12-20T14:03:56+00:00","description":"La aplicaci\u00f3n Magneticslots ofrece una experiencia de juego fluida en Android, iOS, Windows y macOS, con cuentas sincronizadas, actualizaciones peri\u00f3dicas y asistencia al cliente integrada para una experiencia sin complicaciones.","breadcrumb":{"@id":"https:\/\/magneticslots.net\/es\/aplicacion\/#breadcrumb"},"inLanguage":"es","potentialAction":[{"@type":"ReadAction","target":["https:\/\/magneticslots.net\/es\/aplicacion\/"]}]},{"@type":"BreadcrumbList","@id":"https:\/\/magneticslots.net\/es\/aplicacion\/#breadcrumb","itemListElement":[{"@type":"ListItem","position":1,"name":"Magneticslots","item":"https:\/\/magneticslots.net\/es\/"},{"@type":"ListItem","position":2,"name":"Aplicaci\u00f3n"}]},{"@type":"WebSite","@id":"https:\/\/magneticslots.net\/es\/#website","url":"https:\/\/magneticslots.net\/es\/","name":"Magneticslots","description":"","publisher":{"@id":"https:\/\/magneticslots.net\/es\/#organization"},"potentialAction":[{"@type":"SearchAction","target":{"@type":"EntryPoint","urlTemplate":"https:\/\/magneticslots.net\/es\/?s={search_term_string}"},"query-input":{"@type":"PropertyValueSpecification","valueRequired":true,"valueName":"search_term_string"}}],"inLanguage":"es"},{"@type":"Organization","@id":"https:\/\/magneticslots.net\/es\/#organization","name":"Magneticslots","url":"https:\/\/magneticslots.net\/es\/","logo":{"@type":"ImageObject","inLanguage":"es","@id":"https:\/\/magneticslots.net\/es\/#\/schema\/logo\/image\/","url":"https:\/\/magneticslots.net\/wp-content\/uploads\/2025\/12\/logo.svg","contentUrl":"https:\/\/magneticslots.net\/wp-content\/uploads\/2025\/12\/logo.svg","width":160,"height":27,"caption":"Magneticslots"},"image":{"@id":"https:\/\/magneticslots.net\/es\/#\/schema\/logo\/image\/"}}]}},"_links":{"self":[{"href":"https:\/\/magneticslots.net\/es\/wp-json\/wp\/v2\/pages\/1436","targetHints":{"allow":["GET"]}}],"collection":[{"href":"https:\/\/magneticslots.net\/es\/wp-json\/wp\/v2\/pages"}],"about":[{"href":"https:\/\/magneticslots.net\/es\/wp-json\/wp\/v2\/types\/page"}],"author":[{"embeddable":true,"href":"https:\/\/magneticslots.net\/es\/wp-json\/wp\/v2\/users\/1"}],"replies":[{"embeddable":true,"href":"https:\/\/magneticslots.net\/es\/wp-json\/wp\/v2\/comments?post=1436"}],"version-history":[{"count":1,"href":"https:\/\/magneticslots.net\/es\/wp-json\/wp\/v2\/pages\/1436\/revisions"}],"predecessor-version":[{"id":1826,"href":"https:\/\/magneticslots.net\/es\/wp-json\/wp\/v2\/pages\/1436\/revisions\/1826"}],"wp:attachment":[{"href":"https:\/\/magneticslots.net\/es\/wp-json\/wp\/v2\/media?parent=1436"}],"curies":[{"name":"wp","href":"https:\/\/api.w.org\/{rel}","templated":true}]}}