{"id":1475,"date":"2025-12-20T08:57:03","date_gmt":"2025-12-20T08:57:03","guid":{"rendered":"https:\/\/magneticslots.net\/login-and-registration\/"},"modified":"2025-12-20T10:52:09","modified_gmt":"2025-12-20T10:52:09","slug":"anmeldung-und-registrierung","status":"publish","type":"page","link":"https:\/\/magneticslots.net\/de\/anmeldung-und-registrierung\/","title":{"rendered":"Anmeldung und Registrierung"},"content":{"rendered":"<h1>Magneticslots-Anmeldung: Registrierung und Kontoverwaltung<\/h1>\n<p>Nur ein Schritt trennt die Nutzer von Echtgeldspielen: der Magneticslots Login Prozess. Nach der Erstellung eines Kontos stehen Ihnen nicht nur Tausende verschiedener Titel, sondern auch Boni, Turniere, Auszahlungen und Kundenservice zur Verf\u00fcgung. Spieler m\u00fcssen mindestens 18 Jahre alt sein, um sich bei Magneticslots Casino registrieren zu k\u00f6nnen. Der Vorgang dauert nur wenige Minuten.<\/p>\n<p><div class=\"banner-wrap\" aria-label=\"Banner\"><img src=\"https:\/\/magneticslots.net\/wp-content\/uploads\/2025\/12\/header-bg-1.webp\" class=\"w-100 d-none d-lg-block img-pc main-banner-img\" alt=\"Magneticslots banner desktop\" fetchpriority=\"high\" decoding=\"async\"><img src=\"https:\/\/magneticslots.net\/wp-content\/uploads\/2025\/12\/MagneticSlots-mobile-banner.webp\" class=\"w-100 d-none d-md-block d-lg-none main-banner-img\" alt=\"Magneticslots banner mobile\" fetchpriority=\"high\" decoding=\"async\"><img src=\"https:\/\/magneticslots.net\/wp-content\/uploads\/2025\/12\/MagneticSlots-mobile-banner.webp\" class=\"w-100 d-md-none\" alt=\"Magneticslots banner mobile\" fetchpriority=\"high\" decoding=\"async\"><div class=\"banner-description\">\n<div class=\"banner-title\">Willkommensboni<\/div>\n<p class=\"banner-header-title\">1500 \u20ac<\/p>\n<div class=\"banner-header-AdditionalText\">+ 250 Freispiele<\/div>\n<button data-item=\"homepage_banner_link\" class=\"goto m-button m-gradient-border m-button--primary m-button--large banner-button btn-orange\">\n            <div class=\"m-button-content\">\n                <span>Jetzt anmelden<\/span>\n                <span><\/span>\n            <\/div>\n        <\/button>\n<\/div>\n<div class=\"WelcomePack\">\n<p><img loading=\"lazy\" decoding=\"async\" class=\"alignnone size-full wp-image-1338\" src=\"https:\/\/magneticslots.net\/wp-content\/uploads\/2025\/12\/welcome-crown.svg\" alt=\"crown\" width=\"25\" height=\"26\" \/><\/p>\n<div class=\"WelcomePack-Info\">W\u00f6chentlicher Cashback von bis zu 25 %<\/div>\n<p><img loading=\"lazy\" decoding=\"async\" class=\"alignnone size-full wp-image-1338\" src=\"https:\/\/magneticslots.net\/wp-content\/uploads\/2025\/12\/welcome-crown.svg\" alt=\"crown\" width=\"25\" height=\"26\" \/><\/p>\n<\/div>\n<\/div><div class=\"scrollable-content-wrap my-5\"><div class=\"scrollable-content-inner\"><h2>Neuanmeldung f\u00fcr Spieler bei Magnetic Slots Casino<\/h2>\n<p>Um Ihre Reise in einem Online-Casino zu beginnen, m\u00fcssen Sie sich lediglich registrieren. Ohne ein Konto bei Magnetic Slots Casino k\u00f6nnen Sie einige Titel im Demo-Modus spielen. Der Registrierungsprozess wurde so gestaltet, dass er auch f\u00fcr Neulinge einfach ist. Wir fragen Sie nur nach den wesentlichen Informationen, wie Ihrer E-Mail-Adresse und Ihrem Passwort.<\/p>\n<p>Nach der Registrierung k\u00f6nnen Sie mehr als 6.000 Titel genie\u00dfen und viele Bonusangebote bei Magneticslots nutzen. Um ein neues Konto zu erstellen, folgen Sie einfach unseren unten stehenden Anweisungen:<\/p>\n<ol>\n<li>Klicken Sie auf der Hauptseite auf die Schaltfl\u00e4che \u201eAnmelden\u201c. Diese befindet sich in der oberen rechten Ecke.<\/li>\n<li>Geben Sie Ihre E-Mail-Adresse und Ihr Passwort ein. Achten Sie darauf, dass Ihr Passwort sicher ist.<\/li>\n<li>Best\u00e4tigen Sie die Allgemeinen Gesch\u00e4ftsbedingungen der Plattform und best\u00e4tigen Sie, dass Sie mindestens 18 Jahre alt sind.<\/li>\n<li>Klicken Sie auf \u201eAnmelden\u201c, nachdem Sie die eingegebenen Informationen \u00fcberpr\u00fcft haben.<\/li>\n<li>F\u00fcllen Sie das Formular mit Ihrem vollst\u00e4ndigen Namen, Geburtsdatum, Wohnadresse und W\u00e4hrung aus. Sie k\u00f6nnen diesen Schritt \u00fcberspringen und sp\u00e4ter ausf\u00fcllen.<\/li>\n<li>Klicken Sie auf \u201eSpeichern\u201c, um die eingegebenen Informationen zu best\u00e4tigen. Bei Bedarf k\u00f6nnen Sie diese Informationen in Ihren pers\u00f6nlichen Profileinstellungen \u00e4ndern.<\/li>\n<\/ol>\n<h2>Zugriff auf das Magneticslots Konto und dessen Verwaltung<\/h2>\n<p>Wenn Sie bereits ein Konto haben, m\u00fcssen Sie nur noch den Magneticslots Anmeldeprozess abschlie\u00dfen. Dazu m\u00fcssen Sie die pers\u00f6nlichen Daten verwenden, die Sie bei der Registrierung angegeben haben. In der folgenden Tabelle finden Sie eine Schritt-f\u00fcr-Schritt-Anleitung, um Zugriff auf Ihr Konto zu erhalten.<\/p>\n<table>\n<tbody>\n<tr>\n<td>Schritt<\/td>\n<td>Details<\/td>\n<\/tr>\n<tr>\n<td>Klicken Sie auf die Schaltfl\u00e4che \u201eAnmelden\u201c.<\/td>\n<td>Es befindet sich in der oberen rechten Ecke der Website.<\/td>\n<\/tr>\n<tr>\n<td>Geben Sie Ihre Anmeldedaten ein.<\/td>\n<td>F\u00fcllen Sie die Felder mit der E-Mail-Adresse und dem Passwort aus, die Sie bei der Registrierung verwendet haben.<\/td>\n<\/tr>\n<tr>\n<td>2FA abschlie\u00dfen (falls aktiviert)<\/td>\n<td>Wenn Sie die Zwei-Faktor-Authentifizierung einrichten, m\u00fcssen Sie den Best\u00e4tigungscode eingeben, der an Ihr Telefon oder Ihre Authentifizierungs-App gesendet wurde.<\/td>\n<\/tr>\n<tr>\n<td>Das Formular einreichen<\/td>\n<td>Klicken Sie auf die Schaltfl\u00e4che \u201eAnmelden\u201c, um auf Ihr Konto zuzugreifen.<\/td>\n<\/tr>\n<tr>\n<td>Fehlerbehebung bei Bedarf<\/td>\n<td>Wenn Sie sich nicht anmelden k\u00f6nnen, verwenden Sie \u201ePasswort vergessen\u201c oder wenden Sie sich an unser mehrsprachiges Support-Team, um Hilfe zu erhalten.<\/td>\n<\/tr>\n<\/tbody>\n<\/table>\n<h3>Passwort vergessen?<\/h3>\n<p>Wenn Sie ein sicheres Passwort f\u00fcr Ihr Magneticslots Konto erstellen, besteht immer die M\u00f6glichkeit, dass Sie es irgendwann vergessen. Das bedeutet jedoch nicht, dass Sie ein neues Profil erstellen m\u00fcssen. Wir haben eine L\u00f6sung f\u00fcr Sie. Jeder Benutzer kann sein Passwort \u00fcber das Magneticslots Anmeldeformular \u00e4ndern. Klicken Sie einfach auf den Link \u201ePasswort vergessen?\u201c, geben Sie Ihre E-Mail-Adresse ein und wir senden Ihnen innerhalb einer Minute einen Link zum Zur\u00fccksetzen Ihres Passworts. Achten Sie darauf, dass Sie die E-Mail-Adresse eingeben, die Sie bei der Registrierung verwendet haben.<\/p>\n<h3>Magnetic Slots Casino: Kontosicherheit und -verifizierung<\/h3>\n<p>Ihre Sicherheit hat f\u00fcr uns oberste Priorit\u00e4t. Neben der Tatsache, dass wir alle Ihre Daten mit SSL-Verschl\u00fcsselung sch\u00fctzen und alle erforderlichen Vorschriften einhalten, bieten wir Ihnen auch die M\u00f6glichkeit, zus\u00e4tzliche Sicherheitsma\u00dfnahmen einzurichten. Nach Abschluss des Magneticslots Anmeldeprozesses k\u00f6nnen Sie zus\u00e4tzlich eine Zwei-Faktor-Authentifizierung einrichten.<\/p>\n<p>Um eine sichere Plattform zu gew\u00e4hrleisten und Betrug zu verhindern, bitten wir alle unsere Kunden, den Verifizierungsprozess zu durchlaufen. Das bedeutet, dass Sie Kopien oder Fotos Ihrer pers\u00f6nlichen Dokumente hochladen m\u00fcssen, um Ihre Identit\u00e4t, Ihr Alter, Ihre Wohnadresse und die Inhaberschaft Ihres Zahlungskontos zu best\u00e4tigen. Unsere Manager pr\u00fcfen die hochgeladenen Dokumente innerhalb von 48 Stunden und melden sich mit einer Antwort bei Ihnen.<\/p>\n<h2>H\u00e4ufig gestellte Fragen<\/h2>\n<h3>Wenn ich versuche, mich in mein Konto einzuloggen, erhalte ich die Meldung, dass es gesperrt wurde. Was soll ich tun?<\/h3>\n<p>Wir senden Ihnen immer eine E-Mail mit einer Erkl\u00e4rung und zus\u00e4tzlichen Informationen zur Sperrung Ihres Kontos. Wenn Sie keine E-Mail erhalten haben, wenden Sie sich bitte an unser Support-Team.<\/p>\n<h3>Wie aktualisiere ich mein Passwort oder meine E-Mail-Adresse?<\/h3>\n<p>Magneticslots Nutzer haben jederzeit die M\u00f6glichkeit, ihre pers\u00f6nlichen Daten oder Zahlungsinformationen zu \u00e4ndern. Dies kann innerhalb weniger Minuten in den Kontoeinstellungen vorgenommen werden.<\/p>\n<h3>Kann ich mein Konto schlie\u00dfen oder vor\u00fcbergehend pausieren?<\/h3>\n<p>Um Ihr Konto zu schlie\u00dfen oder vor\u00fcbergehend zu sperren, m\u00fcssen Sie uns eine E-Mail senden oder eine Anfrage \u00fcber den Live-Chat stellen. Unsere professionellen Magnetic Slots Casino Manager werden alle notwendigen Schritte unternehmen und Ihnen zus\u00e4tzliche Informationen zur Wiederer\u00f6ffnung Ihres Kontos zur Verf\u00fcgung stellen.<\/p>\n<\/div><\/div><\/p>\n","protected":false},"excerpt":{"rendered":"<p>Magneticslots-Anmeldung: Registrierung und Kontoverwaltung Nur ein Schritt trennt die Nutzer von Echtgeldspielen: der Magneticslots Login Prozess. Nach der Erstellung eines Kontos stehen Ihnen nicht nur Tausende verschiedener Titel, sondern auch Boni, Turniere, Auszahlungen und Kundenservice zur Verf\u00fcgung. Spieler m\u00fcssen mindestens 18 Jahre alt sein, um sich bei Magneticslots Casino registrieren zu k\u00f6nnen. Der Vorgang dauert [&hellip;]<\/p>\n","protected":false},"author":1,"featured_media":0,"parent":0,"menu_order":0,"comment_status":"closed","ping_status":"closed","template":"template-builder.php","meta":{"_acf_changed":false,"inline_featured_image":false,"footnotes":""},"class_list":["post-1475","page","type-page","status-publish","hentry"],"acf":[],"yoast_head":"<!-- This site is optimized with the Yoast SEO plugin v27.3 - https:\/\/yoast.com\/product\/yoast-seo-wordpress\/ -->\n<title>Magneticslots Anmeldung und Registrierung<\/title>\n<meta name=\"description\" content=\"Erstellen, verwalten und \u00fcberpr\u00fcfen Sie m\u00fchelos Ihr Magneticslots Casino-Konto. Genie\u00dfen Sie eine schnelle Registrierung, einfache Kontowiederherstellung und sichere Schlie\u00dfung mit Magneticslots Login, wodurch Ihr Konto rund um die Uhr gesch\u00fctzt ist.\" \/>\n<meta name=\"robots\" content=\"index, follow, max-snippet:-1, max-image-preview:large, max-video-preview:-1\" \/>\n<link rel=\"canonical\" href=\"https:\/\/magneticslots.net\/de\/anmeldung-und-registrierung\/\" \/>\n<meta property=\"og:locale\" content=\"de_DE\" \/>\n<meta property=\"og:type\" content=\"article\" \/>\n<meta property=\"og:title\" content=\"Magneticslots Anmeldung und Registrierung\" \/>\n<meta property=\"og:description\" content=\"Erstellen, verwalten und \u00fcberpr\u00fcfen Sie m\u00fchelos Ihr Magneticslots Casino-Konto. Genie\u00dfen Sie eine schnelle Registrierung, einfache Kontowiederherstellung und sichere Schlie\u00dfung mit Magneticslots Login, wodurch Ihr Konto rund um die Uhr gesch\u00fctzt ist.\" \/>\n<meta property=\"og:url\" content=\"https:\/\/magneticslots.net\/de\/anmeldung-und-registrierung\/\" \/>\n<meta property=\"og:site_name\" content=\"magneticslots\" \/>\n<meta property=\"article:modified_time\" content=\"2025-12-20T10:52:09+00:00\" \/>\n<meta name=\"twitter:card\" content=\"summary_large_image\" \/>\n<meta name=\"twitter:label1\" content=\"Gesch\u00e4tzte Lesezeit\" \/>\n\t<meta name=\"twitter:data1\" content=\"1\u00a0Minute\" \/>\n<script type=\"application\/ld+json\" class=\"yoast-schema-graph\">{\"@context\":\"https:\\\/\\\/schema.org\",\"@graph\":[{\"@type\":\"WebPage\",\"@id\":\"https:\\\/\\\/magneticslots.net\\\/de\\\/anmeldung-und-registrierung\\\/\",\"url\":\"https:\\\/\\\/magneticslots.net\\\/de\\\/anmeldung-und-registrierung\\\/\",\"name\":\"Magneticslots Anmeldung und Registrierung\",\"isPartOf\":{\"@id\":\"https:\\\/\\\/magneticslots.net\\\/de\\\/#website\"},\"datePublished\":\"2025-12-20T08:57:03+00:00\",\"dateModified\":\"2025-12-20T10:52:09+00:00\",\"description\":\"Erstellen, verwalten und \u00fcberpr\u00fcfen Sie m\u00fchelos Ihr Magneticslots Casino-Konto. Genie\u00dfen Sie eine schnelle Registrierung, einfache Kontowiederherstellung und sichere Schlie\u00dfung mit Magneticslots Login, wodurch Ihr Konto rund um die Uhr gesch\u00fctzt ist.\",\"breadcrumb\":{\"@id\":\"https:\\\/\\\/magneticslots.net\\\/de\\\/anmeldung-und-registrierung\\\/#breadcrumb\"},\"inLanguage\":\"de\",\"potentialAction\":[{\"@type\":\"ReadAction\",\"target\":[\"https:\\\/\\\/magneticslots.net\\\/de\\\/anmeldung-und-registrierung\\\/\"]}]},{\"@type\":\"BreadcrumbList\",\"@id\":\"https:\\\/\\\/magneticslots.net\\\/de\\\/anmeldung-und-registrierung\\\/#breadcrumb\",\"itemListElement\":[{\"@type\":\"ListItem\",\"position\":1,\"name\":\"Magneticslots\",\"item\":\"https:\\\/\\\/magneticslots.net\\\/de\\\/\"},{\"@type\":\"ListItem\",\"position\":2,\"name\":\"Anmeldung und Registrierung\"}]},{\"@type\":\"WebSite\",\"@id\":\"https:\\\/\\\/magneticslots.net\\\/de\\\/#website\",\"url\":\"https:\\\/\\\/magneticslots.net\\\/de\\\/\",\"name\":\"Magneticslots\",\"description\":\"\",\"publisher\":{\"@id\":\"https:\\\/\\\/magneticslots.net\\\/de\\\/#organization\"},\"potentialAction\":[{\"@type\":\"SearchAction\",\"target\":{\"@type\":\"EntryPoint\",\"urlTemplate\":\"https:\\\/\\\/magneticslots.net\\\/de\\\/?s={search_term_string}\"},\"query-input\":{\"@type\":\"PropertyValueSpecification\",\"valueRequired\":true,\"valueName\":\"search_term_string\"}}],\"inLanguage\":\"de\"},{\"@type\":\"Organization\",\"@id\":\"https:\\\/\\\/magneticslots.net\\\/de\\\/#organization\",\"name\":\"Magneticslots\",\"url\":\"https:\\\/\\\/magneticslots.net\\\/de\\\/\",\"logo\":{\"@type\":\"ImageObject\",\"inLanguage\":\"de\",\"@id\":\"https:\\\/\\\/magneticslots.net\\\/de\\\/#\\\/schema\\\/logo\\\/image\\\/\",\"url\":\"https:\\\/\\\/magneticslots.net\\\/wp-content\\\/uploads\\\/2025\\\/12\\\/logo.svg\",\"contentUrl\":\"https:\\\/\\\/magneticslots.net\\\/wp-content\\\/uploads\\\/2025\\\/12\\\/logo.svg\",\"width\":160,\"height\":27,\"caption\":\"Magneticslots\"},\"image\":{\"@id\":\"https:\\\/\\\/magneticslots.net\\\/de\\\/#\\\/schema\\\/logo\\\/image\\\/\"}}]}<\/script>\n<!-- \/ Yoast SEO plugin. -->","yoast_head_json":{"title":"Magneticslots Anmeldung und Registrierung","description":"Erstellen, verwalten und \u00fcberpr\u00fcfen Sie m\u00fchelos Ihr Magneticslots Casino-Konto. Genie\u00dfen Sie eine schnelle Registrierung, einfache Kontowiederherstellung und sichere Schlie\u00dfung mit Magneticslots Login, wodurch Ihr Konto rund um die Uhr gesch\u00fctzt ist.","robots":{"index":"index","follow":"follow","max-snippet":"max-snippet:-1","max-image-preview":"max-image-preview:large","max-video-preview":"max-video-preview:-1"},"canonical":"https:\/\/magneticslots.net\/de\/anmeldung-und-registrierung\/","og_locale":"de_DE","og_type":"article","og_title":"Magneticslots Anmeldung und Registrierung","og_description":"Erstellen, verwalten und \u00fcberpr\u00fcfen Sie m\u00fchelos Ihr Magneticslots Casino-Konto. Genie\u00dfen Sie eine schnelle Registrierung, einfache Kontowiederherstellung und sichere Schlie\u00dfung mit Magneticslots Login, wodurch Ihr Konto rund um die Uhr gesch\u00fctzt ist.","og_url":"https:\/\/magneticslots.net\/de\/anmeldung-und-registrierung\/","og_site_name":"magneticslots","article_modified_time":"2025-12-20T10:52:09+00:00","twitter_card":"summary_large_image","twitter_misc":{"Gesch\u00e4tzte Lesezeit":"1\u00a0Minute"},"schema":{"@context":"https:\/\/schema.org","@graph":[{"@type":"WebPage","@id":"https:\/\/magneticslots.net\/de\/anmeldung-und-registrierung\/","url":"https:\/\/magneticslots.net\/de\/anmeldung-und-registrierung\/","name":"Magneticslots Anmeldung und Registrierung","isPartOf":{"@id":"https:\/\/magneticslots.net\/de\/#website"},"datePublished":"2025-12-20T08:57:03+00:00","dateModified":"2025-12-20T10:52:09+00:00","description":"Erstellen, verwalten und \u00fcberpr\u00fcfen Sie m\u00fchelos Ihr Magneticslots Casino-Konto. Genie\u00dfen Sie eine schnelle Registrierung, einfache Kontowiederherstellung und sichere Schlie\u00dfung mit Magneticslots Login, wodurch Ihr Konto rund um die Uhr gesch\u00fctzt ist.","breadcrumb":{"@id":"https:\/\/magneticslots.net\/de\/anmeldung-und-registrierung\/#breadcrumb"},"inLanguage":"de","potentialAction":[{"@type":"ReadAction","target":["https:\/\/magneticslots.net\/de\/anmeldung-und-registrierung\/"]}]},{"@type":"BreadcrumbList","@id":"https:\/\/magneticslots.net\/de\/anmeldung-und-registrierung\/#breadcrumb","itemListElement":[{"@type":"ListItem","position":1,"name":"Magneticslots","item":"https:\/\/magneticslots.net\/de\/"},{"@type":"ListItem","position":2,"name":"Anmeldung und Registrierung"}]},{"@type":"WebSite","@id":"https:\/\/magneticslots.net\/de\/#website","url":"https:\/\/magneticslots.net\/de\/","name":"Magneticslots","description":"","publisher":{"@id":"https:\/\/magneticslots.net\/de\/#organization"},"potentialAction":[{"@type":"SearchAction","target":{"@type":"EntryPoint","urlTemplate":"https:\/\/magneticslots.net\/de\/?s={search_term_string}"},"query-input":{"@type":"PropertyValueSpecification","valueRequired":true,"valueName":"search_term_string"}}],"inLanguage":"de"},{"@type":"Organization","@id":"https:\/\/magneticslots.net\/de\/#organization","name":"Magneticslots","url":"https:\/\/magneticslots.net\/de\/","logo":{"@type":"ImageObject","inLanguage":"de","@id":"https:\/\/magneticslots.net\/de\/#\/schema\/logo\/image\/","url":"https:\/\/magneticslots.net\/wp-content\/uploads\/2025\/12\/logo.svg","contentUrl":"https:\/\/magneticslots.net\/wp-content\/uploads\/2025\/12\/logo.svg","width":160,"height":27,"caption":"Magneticslots"},"image":{"@id":"https:\/\/magneticslots.net\/de\/#\/schema\/logo\/image\/"}}]}},"_links":{"self":[{"href":"https:\/\/magneticslots.net\/de\/wp-json\/wp\/v2\/pages\/1475","targetHints":{"allow":["GET"]}}],"collection":[{"href":"https:\/\/magneticslots.net\/de\/wp-json\/wp\/v2\/pages"}],"about":[{"href":"https:\/\/magneticslots.net\/de\/wp-json\/wp\/v2\/types\/page"}],"author":[{"embeddable":true,"href":"https:\/\/magneticslots.net\/de\/wp-json\/wp\/v2\/users\/1"}],"replies":[{"embeddable":true,"href":"https:\/\/magneticslots.net\/de\/wp-json\/wp\/v2\/comments?post=1475"}],"version-history":[{"count":2,"href":"https:\/\/magneticslots.net\/de\/wp-json\/wp\/v2\/pages\/1475\/revisions"}],"predecessor-version":[{"id":1649,"href":"https:\/\/magneticslots.net\/de\/wp-json\/wp\/v2\/pages\/1475\/revisions\/1649"}],"wp:attachment":[{"href":"https:\/\/magneticslots.net\/de\/wp-json\/wp\/v2\/media?parent=1475"}],"curies":[{"name":"wp","href":"https:\/\/api.w.org\/{rel}","templated":true}]}}