{"id":1429,"date":"2025-12-20T08:52:32","date_gmt":"2025-12-20T08:52:32","guid":{"rendered":"https:\/\/magneticslots.net\/app-2\/"},"modified":"2025-12-20T10:49:50","modified_gmt":"2025-12-20T10:49:50","slug":"app","status":"publish","type":"page","link":"https:\/\/magneticslots.net\/de\/app\/","title":{"rendered":"App"},"content":{"rendered":"<h1>Magneticslots Gaming App<\/h1>\n<p>Alle modernen Websites und Internetquellen verf\u00fcgen mittlerweile \u00fcber eine mobile Version, und wir bilden mit der Magneticslots App keine Ausnahme. Sie macht das Leben der Nutzer wesentlich flexibler. Aus diesem Grund haben wir eine praktische mobile Software f\u00fcr Android und iOS entwickelt. Sie k\u00f6nnen sie innerhalb weniger Minuten von unserer Website herunterladen. In der mobilen Software finden Sie dieselben Titel und Funktionen wie in der Desktop-Hauptversion.<\/p>\n<div class=\"banner-wrap\" aria-label=\"Banner\"><img src=\"https:\/\/magneticslots.net\/wp-content\/uploads\/2025\/12\/header-bg-1.webp\" class=\"w-100 d-none d-lg-block img-pc main-banner-img\" alt=\"Magneticslots banner desktop\" fetchpriority=\"high\" decoding=\"async\"><img src=\"https:\/\/magneticslots.net\/wp-content\/uploads\/2025\/12\/MagneticSlots-mobile-banner.webp\" class=\"w-100 d-none d-md-block d-lg-none main-banner-img\" alt=\"Magneticslots banner mobile\" fetchpriority=\"high\" decoding=\"async\"><img src=\"https:\/\/magneticslots.net\/wp-content\/uploads\/2025\/12\/MagneticSlots-mobile-banner.webp\" class=\"w-100 d-md-none\" alt=\"Magneticslots banner mobile\" fetchpriority=\"high\" decoding=\"async\"><div class=\"banner-description\">\n<div class=\"banner-title\">Willkommensboni<\/div>\n<p class=\"banner-header-title\">1500 \u20ac<\/p>\n<div class=\"banner-header-AdditionalText\">+ 250 Freispiele<\/div>\n<button data-item=\"homepage_banner_link\" class=\"goto m-button m-gradient-border m-button--primary m-button--large banner-button btn-orange\">\n            <div class=\"m-button-content\">\n                <span>Jetzt anmelden<\/span>\n                <span><\/span>\n            <\/div>\n        <\/button>\n<\/div>\n<div class=\"WelcomePack\">\n<p><img loading=\"lazy\" decoding=\"async\" class=\"alignnone size-full wp-image-1338\" src=\"https:\/\/magneticslots.net\/wp-content\/uploads\/2025\/12\/welcome-crown.svg\" alt=\"crown\" width=\"25\" height=\"26\" \/><\/p>\n<div class=\"WelcomePack-Info\">W\u00f6chentlicher Cashback von bis zu 25 %<\/div>\n<p><img loading=\"lazy\" decoding=\"async\" class=\"alignnone size-full wp-image-1338\" src=\"https:\/\/magneticslots.net\/wp-content\/uploads\/2025\/12\/welcome-crown.svg\" alt=\"crown\" width=\"25\" height=\"26\" \/><\/p>\n<\/div>\n<\/div>\n<h2>Magneticslots mit mobiler App<\/h2>\n<p>Mit Magnetic Slots Casino k\u00f6nnen Sie Ihre Lieblingsspiele auch unterwegs spielen. Sie ben\u00f6tigen lediglich ein mobiles Ger\u00e4t und eine stabile Internetverbindung. Nutzer erhalten Zugriff auf die gesamte Spielesammlung, Zahlungen, Boni, Kundenservice und vieles mehr. Im mobilen Casino k\u00f6nnen Sie ganz einfach den Registrierungsprozess durchlaufen oder sich anmelden. All diese Funktionen sorgen daf\u00fcr, dass Sie ein wunderbares Spielerlebnis haben, wenn Sie sich f\u00fcr die Magneticslots-App entscheiden.<\/p>\n<p>Die Spieler von Magneticslots k\u00f6nnen das Casino auf verschiedene Weise von Smartphones oder Tablets aus nutzen. Es gibt eine praktische mobile Browserversion. Diese ist f\u00fcr die kleineren Bildschirme von Mobilger\u00e4ten optimiert. Zus\u00e4tzlich bieten wir die Magneticslots-App an, die Ihnen ein noch pers\u00f6nlicheres Erlebnis bietet. Beide Optionen funktionieren reibungslos und schnell. Sie haben die Wahl.<\/p>\n<p><div class=\"scrollable-content-wrap my-5\"><div class=\"scrollable-content-inner\"><h2>Magneticslots Casino Android App<\/h2>\n<p>Mit einem Android-Ger\u00e4t k\u00f6nnen Sie in jeder Situation Spa\u00df am Spielen haben. Wir bieten Ihnen nicht nur einen Teil der M\u00f6glichkeiten, sondern das gesamte Erlebnis. In der Magneticslots-App haben Sie Zugriff auf \u00fcber 6.000 Titel in verschiedenen Kategorien und Genres.<\/p>\n<p>Unsere mobile Software wurde als progressive Webanwendung (PWA) entwickelt. Das bedeutet, dass Sie keine unbekannten Magneticslots APK Dateien auf Ihr Ger\u00e4t herunterladen m\u00fcssen. Die Installation ist einfach und dauert nur 3 Minuten. Gehen Sie einfach zum Fu\u00dfbereich unserer Website und klicken Sie auf die Schaltfl\u00e4che \u201eCasino-App\u201c, um die Installation zu starten. Sobald alles fertig ist, erscheint die App auf Ihrem Startbildschirm.<\/p>\n<p>Benutzer k\u00f6nnen Magnetic Slots Casino auch in der Browser-Version genie\u00dfen. F\u00fcr einen schnelleren Zugriff k\u00f6nnen Sie das Verkn\u00fcpfungssymbol installieren. Dies ist in jedem modernen Browser von einem Smartphone oder Tablet aus m\u00f6glich.<\/p>\n<table>\n<tbody>\n<tr>\n<td>Schritt<\/td>\n<td>Details<\/td>\n<\/tr>\n<tr>\n<td>\u00d6ffnen Sie Ihren mobilen Browser.<\/td>\n<td>Starten Sie Google Chrome oder einen anderen unterst\u00fctzten Browser auf Ihrem Android-Ger\u00e4t und besuchen Sie die Website des Casinos.<\/td>\n<\/tr>\n<tr>\n<td>Zur Startseite gehen<\/td>\n<td>Stellen Sie sicher, dass Sie sich auf der Hauptseite Magneticslots befinden, damit die Verkn\u00fcpfungsoption korrekt aktiviert werden kann.<\/td>\n<\/tr>\n<tr>\n<td>\u00d6ffnen Sie das Browser-Men\u00fc.<\/td>\n<td>Tippen Sie auf das Drei-Punkte-Men\u00fc in der oberen rechten Ecke von Chrome, um weitere Optionen aufzurufen.<\/td>\n<\/tr>\n<tr>\n<td>W\u00e4hlen Sie \u201eZum Startbildschirm hinzuf\u00fcgen\u201c<\/td>\n<td>W\u00e4hlen Sie im Men\u00fc die Option \u201eZum Startbildschirm hinzuf\u00fcgen\u201c, um mit der Erstellung des Verkn\u00fcpfungssymbols zu beginnen.<\/td>\n<\/tr>\n<tr>\n<td>Name und Symbol best\u00e4tigen<\/td>\n<td>\u00dcberpr\u00fcfen Sie den vorgeschlagenen Namen f\u00fcr die Verkn\u00fcpfung und passen Sie ihn bei Bedarf an. Die Symbolvorschau wird automatisch angezeigt.<\/td>\n<\/tr>\n<tr>\n<td>Klicken Sie auf \u201eHinzuf\u00fcgen\u201c.<\/td>\n<td>Best\u00e4tigen Sie die Aktion, indem Sie auf \u201eHinzuf\u00fcgen\u201c tippen. Ihr Ger\u00e4t fragt Sie m\u00f6glicherweise, ob Sie die Aktion manuell oder automatisch ausf\u00fchren m\u00f6chten.<\/td>\n<\/tr>\n<\/tbody>\n<\/table>\n<p><img loading=\"lazy\" decoding=\"async\" src=\"https:\/\/magneticslots.net\/wp-content\/uploads\/2025\/12\/MagneticSlots-Android.webp\" alt=\"MagneticSlots Android\" width=\"1248\" height=\"536\" \/><\/p>\n<\/div><\/div><div style=\"clear: both\"><\/div><div class=\"d-flex justify-content-center\"><button data-item=\"decouvrez_link\" data-group=\"website_links\" class=\"goto fw-bold rounded-pill btn btn-orange\" aria-label=\"Laden Sie die MagneticSlots-App herunter\" >Laden Sie die MagneticSlots-App herunter<\/button><\/div><div class=\"scrollable-content-wrap my-5\"><div class=\"scrollable-content-inner\"><h2>Magneticslots Casino iOS App<\/h2>\n<p>iOS-Nutzer sind auch nicht auf ihr Zuhause oder den Standort ihres Computers beschr\u00e4nkt. Die mobile Version und die Software erm\u00f6glichen es jedem, auch unterwegs zu spielen. Aufgrund der Beschr\u00e4nkungen des App Stores f\u00fcr Gl\u00fccksspielsoftware k\u00f6nnen Sie die Magneticslots-App von unserer offiziellen Website herunterladen. Wir empfehlen Ihnen, die Installation von Websites Dritter zu vermeiden, da dies f\u00fcr Ihr Ger\u00e4t unsicher sein kann.<\/p>\n<p>Wenn Sie sich bez\u00fcglich der Software nicht sicher sind, k\u00f6nnen Sie mit der Browser-Version beginnen. Diese bietet das gleiche Design, die gleiche Navigation und die gleichen Spiele wie die Desktop-Version. Die Schaltfl\u00e4chen sind jedoch gr\u00f6\u00dfer, es gibt eine Scroll- und Wischfunktion sowie touchfreundliche Spielsteuerungen. Wenn Sie einen schnellen Zugriff auf Magneticslots Casino \u00fcber die App bevorzugen, befolgen Sie unsere Anweisungen in der folgenden Tabelle.<\/p>\n<table>\n<tbody>\n<tr>\n<td>Schritt<\/td>\n<td>Details<\/td>\n<\/tr>\n<tr>\n<td>\u00d6ffnen Sie den Safari-Browser.<\/td>\n<td>Starten Sie Safari auf Ihrem iPhone oder iPad und rufen Sie die Casino-Website auf.<\/td>\n<\/tr>\n<tr>\n<td>Navigieren Sie zur Fu\u00dfzeile und klicken Sie auf \u201eCasino-App\u201c.<\/td>\n<td>Stellen Sie sicher, dass Sie sich auf der Hauptseite Magnetic Slots befinden, auf der der Link zur PWA-Installation verf\u00fcgbar ist.<\/td>\n<\/tr>\n<tr>\n<td>Installieren Sie die PWA<\/td>\n<td>Tippen Sie auf \u201eInstallieren\u201c in der Mitte des Bildschirms. Die PWA wird innerhalb weniger Minuten installiert und erscheint auf Ihrem Startbildschirm.<\/td>\n<\/tr>\n<tr>\n<td>Starten und spielen<\/td>\n<td>\u00d6ffnen Sie die Magneticslots-App auf Ihrem Startbildschirm, melden Sie sich bei Ihrem Konto an und beginnen Sie mit dem Spielen.<\/td>\n<\/tr>\n<\/tbody>\n<\/table>\n<p><img loading=\"lazy\" decoding=\"async\" src=\"https:\/\/magneticslots.net\/wp-content\/uploads\/2025\/12\/MagneticSlots-iOS.webp\" alt=\"MagneticSlots iOS\" width=\"1248\" height=\"536\" \/><\/p>\n<\/div><\/div><div style=\"clear: both\"><\/div><div class=\"d-flex justify-content-center\"><button data-item=\"decouvrez_link\" data-group=\"website_links\" class=\"goto fw-bold rounded-pill btn btn-orange\" aria-label=\"MagneticSlots herunterladen\" >MagneticSlots herunterladen<\/button><\/div><div class=\"scrollable-content-wrap my-5\"><div class=\"scrollable-content-inner\"><h2>Windows und macOS Apps herunterladen<\/h2>\n<p>Bei der Beschreibung aller mobilen Optionen haben wir unsere Desktop-Version nicht vergessen. Wir verstehen, dass es f\u00fcr einige Nutzer wichtig ist, einen gro\u00dfen Bildschirm und die entspannte Atmosph\u00e4re zu Hause zu haben. Magneticslots Casino Nutzer k\u00f6nnen die Browser-Version verwenden oder die Desktop-Software herunterladen. Die zweite Option bietet ein personalisierteres Erlebnis sowie die folgenden Vorteile:<\/p>\n<ul>\n<li>Schnellere Leistung<\/li>\n<li>Verbesserte Grafik und Sound<\/li>\n<li>Stabiles Gameplay<\/li>\n<li>Sofortiger Zugriff<\/li>\n<li>Exklusive Funktionen und Boni<\/li>\n<\/ul>\n<p><img loading=\"lazy\" decoding=\"async\" src=\"https:\/\/magneticslots.net\/wp-content\/uploads\/2025\/12\/MagneticSlots-Desktop.webp\" alt=\"MagneticSlots Desktop\" width=\"1248\" height=\"536\" \/><\/p>\n<\/div><\/div><div style=\"clear: both\"><\/div><div class=\"d-flex justify-content-center\"><button data-item=\"decouvrez_link\" data-group=\"website_links\" class=\"goto fw-bold rounded-pill btn btn-orange\" aria-label=\"Laden Sie die MagneticSlots-App herunter\" >Laden Sie die MagneticSlots-App herunter<\/button><\/div><div class=\"scrollable-content-wrap my-5\"><div class=\"scrollable-content-inner\"><h2>H\u00e4ufig gestellte Fragen<\/h2>\n<h3>Bietet die Magnetic Slots Casino App Kundensupport?<\/h3>\n<p>Das Support-Team ist ein sehr wichtiger Bestandteil jedes Online-Casinos. In unserer App finden Sie einen Live-Chat, in dem Ihnen unsere Manager innerhalb weniger Minuten weiterhelfen. F\u00fcr detailliertere Erkl\u00e4rungen k\u00f6nnen Sie uns auch per E-Mail kontaktieren.<\/p>\n<h3>Ist f\u00fcr die Nutzung der Magnetic Slots App die Erstellung eines Kontos erforderlich?<\/h3>\n<p>Um auf alle Funktionen und Tools der mobilen Software Magnetic Slots zugreifen zu k\u00f6nnen, m\u00fcssen Sie ein Konto erstellen oder sich anmelden. Aber keine Sorge, Nutzer k\u00f6nnen sich innerhalb weniger Minuten direkt in der App registrieren und den Verifizierungsprozess abschlie\u00dfen.<\/p>\n<h3>Sind alle Spiele in der App verf\u00fcgbar?<\/h3>\n<p>Unsere gesamte Spielesammlung mit \u00fcber 6.000 Titeln wird in der Magneticslots-App pr\u00e4sentiert. Dort finden Sie all Ihre Lieblings-Online-Slots, Tischspiele, Live-Dealer-Optionen und Crash-Spiele. Sie sind so entwickelt, dass sie sich an jedes moderne Ger\u00e4t anpassen.<\/p>\n<h3>Wie kann ich die Magneticslots Casino App aktualisieren?<\/h3>\n<p>Die PWA wird automatisch aktualisiert, ohne dass Sie zus\u00e4tzliche Schritte unternehmen m\u00fcssen. Das ist eine der vielen Funktionen unserer mobilen Software. Wenn wir wesentliche \u00c4nderungen ver\u00f6ffentlichen, werden wir Sie benachrichtigen, falls eine zus\u00e4tzliche Installation von der Website erforderlich ist.<\/p>\n<\/div><\/div><\/p>\n","protected":false},"excerpt":{"rendered":"<p>Magneticslots Gaming App Alle modernen Websites und Internetquellen verf\u00fcgen mittlerweile \u00fcber eine mobile Version, und wir bilden mit der Magneticslots App keine Ausnahme. Sie macht das Leben der Nutzer wesentlich flexibler. Aus diesem Grund haben wir eine praktische mobile Software f\u00fcr Android und iOS entwickelt. Sie k\u00f6nnen sie innerhalb weniger Minuten von unserer Website herunterladen. [&hellip;]<\/p>\n","protected":false},"author":1,"featured_media":0,"parent":0,"menu_order":0,"comment_status":"closed","ping_status":"closed","template":"template-builder.php","meta":{"_acf_changed":false,"inline_featured_image":false,"footnotes":""},"class_list":["post-1429","page","type-page","status-publish","hentry"],"acf":[],"yoast_head":"<!-- This site is optimized with the Yoast SEO plugin v27.3 - https:\/\/yoast.com\/product\/yoast-seo-wordpress\/ -->\n<title>Magneticslots App | iOS- und Android-Plattformen<\/title>\n<meta name=\"description\" content=\"Die Magneticslots-App bietet reibungsloses Casino-Gaming auf Android, iOS, Windows und macOS mit synchronisierten Konten, regelm\u00e4\u00dfigen Updates und integriertem Kundensupport f\u00fcr ein stressfreies Erlebnis.\" \/>\n<meta name=\"robots\" content=\"index, follow, max-snippet:-1, max-image-preview:large, max-video-preview:-1\" \/>\n<link rel=\"canonical\" href=\"https:\/\/magneticslots.net\/de\/app\/\" \/>\n<meta property=\"og:locale\" content=\"de_DE\" \/>\n<meta property=\"og:type\" content=\"article\" \/>\n<meta property=\"og:title\" content=\"Magneticslots App | iOS- und Android-Plattformen\" \/>\n<meta property=\"og:description\" content=\"Die Magneticslots-App bietet reibungsloses Casino-Gaming auf Android, iOS, Windows und macOS mit synchronisierten Konten, regelm\u00e4\u00dfigen Updates und integriertem Kundensupport f\u00fcr ein stressfreies Erlebnis.\" \/>\n<meta property=\"og:url\" content=\"https:\/\/magneticslots.net\/de\/app\/\" \/>\n<meta property=\"og:site_name\" content=\"magneticslots\" \/>\n<meta property=\"article:modified_time\" content=\"2025-12-20T10:49:50+00:00\" \/>\n<meta name=\"twitter:card\" content=\"summary_large_image\" \/>\n<meta name=\"twitter:label1\" content=\"Gesch\u00e4tzte Lesezeit\" \/>\n\t<meta name=\"twitter:data1\" content=\"1\u00a0Minute\" \/>\n<script type=\"application\/ld+json\" class=\"yoast-schema-graph\">{\"@context\":\"https:\\\/\\\/schema.org\",\"@graph\":[{\"@type\":\"WebPage\",\"@id\":\"https:\\\/\\\/magneticslots.net\\\/de\\\/app\\\/\",\"url\":\"https:\\\/\\\/magneticslots.net\\\/de\\\/app\\\/\",\"name\":\"Magneticslots App | iOS- und Android-Plattformen\",\"isPartOf\":{\"@id\":\"https:\\\/\\\/magneticslots.net\\\/de\\\/#website\"},\"datePublished\":\"2025-12-20T08:52:32+00:00\",\"dateModified\":\"2025-12-20T10:49:50+00:00\",\"description\":\"Die Magneticslots-App bietet reibungsloses Casino-Gaming auf Android, iOS, Windows und macOS mit synchronisierten Konten, regelm\u00e4\u00dfigen Updates und integriertem Kundensupport f\u00fcr ein stressfreies Erlebnis.\",\"breadcrumb\":{\"@id\":\"https:\\\/\\\/magneticslots.net\\\/de\\\/app\\\/#breadcrumb\"},\"inLanguage\":\"de\",\"potentialAction\":[{\"@type\":\"ReadAction\",\"target\":[\"https:\\\/\\\/magneticslots.net\\\/de\\\/app\\\/\"]}]},{\"@type\":\"BreadcrumbList\",\"@id\":\"https:\\\/\\\/magneticslots.net\\\/de\\\/app\\\/#breadcrumb\",\"itemListElement\":[{\"@type\":\"ListItem\",\"position\":1,\"name\":\"Magneticslots\",\"item\":\"https:\\\/\\\/magneticslots.net\\\/de\\\/\"},{\"@type\":\"ListItem\",\"position\":2,\"name\":\"App\"}]},{\"@type\":\"WebSite\",\"@id\":\"https:\\\/\\\/magneticslots.net\\\/de\\\/#website\",\"url\":\"https:\\\/\\\/magneticslots.net\\\/de\\\/\",\"name\":\"Magneticslots\",\"description\":\"\",\"publisher\":{\"@id\":\"https:\\\/\\\/magneticslots.net\\\/de\\\/#organization\"},\"potentialAction\":[{\"@type\":\"SearchAction\",\"target\":{\"@type\":\"EntryPoint\",\"urlTemplate\":\"https:\\\/\\\/magneticslots.net\\\/de\\\/?s={search_term_string}\"},\"query-input\":{\"@type\":\"PropertyValueSpecification\",\"valueRequired\":true,\"valueName\":\"search_term_string\"}}],\"inLanguage\":\"de\"},{\"@type\":\"Organization\",\"@id\":\"https:\\\/\\\/magneticslots.net\\\/de\\\/#organization\",\"name\":\"Magneticslots\",\"url\":\"https:\\\/\\\/magneticslots.net\\\/de\\\/\",\"logo\":{\"@type\":\"ImageObject\",\"inLanguage\":\"de\",\"@id\":\"https:\\\/\\\/magneticslots.net\\\/de\\\/#\\\/schema\\\/logo\\\/image\\\/\",\"url\":\"https:\\\/\\\/magneticslots.net\\\/wp-content\\\/uploads\\\/2025\\\/12\\\/logo.svg\",\"contentUrl\":\"https:\\\/\\\/magneticslots.net\\\/wp-content\\\/uploads\\\/2025\\\/12\\\/logo.svg\",\"width\":160,\"height\":27,\"caption\":\"Magneticslots\"},\"image\":{\"@id\":\"https:\\\/\\\/magneticslots.net\\\/de\\\/#\\\/schema\\\/logo\\\/image\\\/\"}}]}<\/script>\n<!-- \/ Yoast SEO plugin. -->","yoast_head_json":{"title":"Magneticslots App | iOS- und Android-Plattformen","description":"Die Magneticslots-App bietet reibungsloses Casino-Gaming auf Android, iOS, Windows und macOS mit synchronisierten Konten, regelm\u00e4\u00dfigen Updates und integriertem Kundensupport f\u00fcr ein stressfreies Erlebnis.","robots":{"index":"index","follow":"follow","max-snippet":"max-snippet:-1","max-image-preview":"max-image-preview:large","max-video-preview":"max-video-preview:-1"},"canonical":"https:\/\/magneticslots.net\/de\/app\/","og_locale":"de_DE","og_type":"article","og_title":"Magneticslots App | iOS- und Android-Plattformen","og_description":"Die Magneticslots-App bietet reibungsloses Casino-Gaming auf Android, iOS, Windows und macOS mit synchronisierten Konten, regelm\u00e4\u00dfigen Updates und integriertem Kundensupport f\u00fcr ein stressfreies Erlebnis.","og_url":"https:\/\/magneticslots.net\/de\/app\/","og_site_name":"magneticslots","article_modified_time":"2025-12-20T10:49:50+00:00","twitter_card":"summary_large_image","twitter_misc":{"Gesch\u00e4tzte Lesezeit":"1\u00a0Minute"},"schema":{"@context":"https:\/\/schema.org","@graph":[{"@type":"WebPage","@id":"https:\/\/magneticslots.net\/de\/app\/","url":"https:\/\/magneticslots.net\/de\/app\/","name":"Magneticslots App | iOS- und Android-Plattformen","isPartOf":{"@id":"https:\/\/magneticslots.net\/de\/#website"},"datePublished":"2025-12-20T08:52:32+00:00","dateModified":"2025-12-20T10:49:50+00:00","description":"Die Magneticslots-App bietet reibungsloses Casino-Gaming auf Android, iOS, Windows und macOS mit synchronisierten Konten, regelm\u00e4\u00dfigen Updates und integriertem Kundensupport f\u00fcr ein stressfreies Erlebnis.","breadcrumb":{"@id":"https:\/\/magneticslots.net\/de\/app\/#breadcrumb"},"inLanguage":"de","potentialAction":[{"@type":"ReadAction","target":["https:\/\/magneticslots.net\/de\/app\/"]}]},{"@type":"BreadcrumbList","@id":"https:\/\/magneticslots.net\/de\/app\/#breadcrumb","itemListElement":[{"@type":"ListItem","position":1,"name":"Magneticslots","item":"https:\/\/magneticslots.net\/de\/"},{"@type":"ListItem","position":2,"name":"App"}]},{"@type":"WebSite","@id":"https:\/\/magneticslots.net\/de\/#website","url":"https:\/\/magneticslots.net\/de\/","name":"Magneticslots","description":"","publisher":{"@id":"https:\/\/magneticslots.net\/de\/#organization"},"potentialAction":[{"@type":"SearchAction","target":{"@type":"EntryPoint","urlTemplate":"https:\/\/magneticslots.net\/de\/?s={search_term_string}"},"query-input":{"@type":"PropertyValueSpecification","valueRequired":true,"valueName":"search_term_string"}}],"inLanguage":"de"},{"@type":"Organization","@id":"https:\/\/magneticslots.net\/de\/#organization","name":"Magneticslots","url":"https:\/\/magneticslots.net\/de\/","logo":{"@type":"ImageObject","inLanguage":"de","@id":"https:\/\/magneticslots.net\/de\/#\/schema\/logo\/image\/","url":"https:\/\/magneticslots.net\/wp-content\/uploads\/2025\/12\/logo.svg","contentUrl":"https:\/\/magneticslots.net\/wp-content\/uploads\/2025\/12\/logo.svg","width":160,"height":27,"caption":"Magneticslots"},"image":{"@id":"https:\/\/magneticslots.net\/de\/#\/schema\/logo\/image\/"}}]}},"_links":{"self":[{"href":"https:\/\/magneticslots.net\/de\/wp-json\/wp\/v2\/pages\/1429","targetHints":{"allow":["GET"]}}],"collection":[{"href":"https:\/\/magneticslots.net\/de\/wp-json\/wp\/v2\/pages"}],"about":[{"href":"https:\/\/magneticslots.net\/de\/wp-json\/wp\/v2\/types\/page"}],"author":[{"embeddable":true,"href":"https:\/\/magneticslots.net\/de\/wp-json\/wp\/v2\/users\/1"}],"replies":[{"embeddable":true,"href":"https:\/\/magneticslots.net\/de\/wp-json\/wp\/v2\/comments?post=1429"}],"version-history":[{"count":2,"href":"https:\/\/magneticslots.net\/de\/wp-json\/wp\/v2\/pages\/1429\/revisions"}],"predecessor-version":[{"id":1647,"href":"https:\/\/magneticslots.net\/de\/wp-json\/wp\/v2\/pages\/1429\/revisions\/1647"}],"wp:attachment":[{"href":"https:\/\/magneticslots.net\/de\/wp-json\/wp\/v2\/media?parent=1429"}],"curies":[{"name":"wp","href":"https:\/\/api.w.org\/{rel}","templated":true}]}}